{"id":237,"date":"2020-04-27T10:27:36","date_gmt":"2020-04-27T06:27:36","guid":{"rendered":"https:\/\/karchershop.az\/?post_type=product&#038;p=237"},"modified":"2026-05-01T21:34:58","modified_gmt":"2026-05-01T17:34:58","slug":"k-2-compact","status":"publish","type":"product","link":"https:\/\/karchershop.az\/az\/home-garden\/mojki-vysokogo-davleniya\/k-2-compact","title":{"rendered":"K 2 Compact"},"content":{"rendered":"<p>K2 Compact y\u00fcks\u0259k t\u0259zyiqli yuma aparat\u0131, kompakt \u00f6l\u00e7\u00fcl\u0259ri v\u0259 m\u00f6ht\u0259\u015f\u0259m performans\u0131 il\u0259 se\u00e7ilir. Yuyucu aparat saxlamaq \u00fc\u00e7\u00fcn \u00e7ox yer t\u0259l\u0259b etmir. Y\u00fcks\u0259k t\u0259zyiq \u015flank\u0131 \u00f6n qapa\u011f\u0131n alt\u0131ndan \u00e7\u0131xar\u0131la bil\u0259n funksionall\u0131\u011fa malikdir.Paketd\u0259 tez qo\u015fulan silah, y\u00fcks\u0259k t\u0259zyiqli \u015flanq, uzunlu\u011fu 4 m olan t\u0259k m\u00f6vqe sprey borusu, pal\u00e7\u0131q k\u0259sici v\u0259 su filtri vard\u0131r. B\u00fct\u00fcn bunlar K 2 Compact'\u0131, velosipedl\u0259rd\u0259n, ba\u011f mebell\u0259rind\u0259 v\u0259 al\u0259tl\u0259rd\u0259 v\u0259 evin dig\u0259r s\u0259thl\u0259rind\u0259 y\u00fcng\u00fcl \u00e7irkl\u0259r\u0259 vaxta\u015f\u0131r\u0131 t\u0259tbiq etm\u0259k v\u0259 aradan qald\u0131rmaq \u00fc\u00e7\u00fcn ideal hala g\u0259tirir. Y\u00fcks\u0259k t\u0259zyiqli yuyucu aparat\u0131 il\u0259 1 saat \u0259rzind\u0259 20 m\u00b2 \u0259razid\u0259 m\u0259hsuldarl\u0131q \u0259ld\u0259 ed\u0259c\u0259ksiz.<\/p>","protected":false},"excerpt":{"rendered":"<p>Kompakt dizayn\u0131 say\u0259sind\u0259 geni\u015f istifad\u0259 imkan\u0131na v\u0259 rahat saxlamaya malik y\u00fcks\u0259k t\u0259zyiqli yuyucu kirl\u0259ri tez bir zamanda t\u0259mizl\u0259yir. Evin \u0259traf\u0131ndak\u0131 m\u00fcxt\u0259lif s\u0259thl\u0259rd\u0259n y\u00fcng\u00fcl \u00e7irkl\u0259ri \u00e7\u0131xarmaq \u00fc\u00e7\u00fcn K 2 Compact y\u0131\u011fcam y\u00fcks\u0259k t\u0259zyiqli yuyucu aparat\u0131 il\u0259 1 saat \u0259rzind\u0259 t\u0259xmin\u0259n 20 m\u00b2 \u0259razid\u0259 m\u0259hsuldarl\u0131q \u0259ld\u0259 ed\u0259 bil\u0259rsiz.<\/p>","protected":false},"featured_media":238,"comment_status":"open","ping_status":"closed","template":"","meta":[],"product_cat":[15,20],"product_tag":[252],"class_list":{"0":"post-237","1":"product","2":"type-product","3":"status-publish","4":"has-post-thumbnail","6":"product_cat-home-garden","7":"product_cat-mojki-vysokogo-davleniya","8":"product_tag-pressure-washers","10":"first","11":"outofstock","12":"shipping-taxable","13":"purchasable","14":"product-type-simple"},"_links":{"self":[{"href":"https:\/\/karchershop.az\/az\/wp-json\/wp\/v2\/product\/237","targetHints":{"allow":["GET"]}}],"collection":[{"href":"https:\/\/karchershop.az\/az\/wp-json\/wp\/v2\/product"}],"about":[{"href":"https:\/\/karchershop.az\/az\/wp-json\/wp\/v2\/types\/product"}],"replies":[{"embeddable":true,"href":"https:\/\/karchershop.az\/az\/wp-json\/wp\/v2\/comments?post=237"}],"wp:featuredmedia":[{"embeddable":true,"href":"https:\/\/karchershop.az\/az\/wp-json\/wp\/v2\/media\/238"}],"wp:attachment":[{"href":"https:\/\/karchershop.az\/az\/wp-json\/wp\/v2\/media?parent=237"}],"wp:term":[{"taxonomy":"product_cat","embeddable":true,"href":"https:\/\/karchershop.az\/az\/wp-json\/wp\/v2\/product_cat?post=237"},{"taxonomy":"product_tag","embeddable":true,"href":"https:\/\/karchershop.az\/az\/wp-json\/wp\/v2\/product_tag?post=237"}],"curies":[{"name":"wp","href":"https:\/\/api.w.org\/{rel}","templated":true}]}}