{"id":2385,"date":"2020-05-17T12:27:21","date_gmt":"2020-05-17T08:27:21","guid":{"rendered":"https:\/\/karchershop.az\/?post_type=product&#038;p=2385"},"modified":"2026-05-01T21:35:33","modified_gmt":"2026-05-01T17:35:33","slug":"km-70-20-c","status":"publish","type":"product","link":"https:\/\/karchershop.az\/az\/professional\/podmetalnye-mashiny\/km-70-20-c","title":{"rendered":"KM 70\/20 C"},"content":{"rendered":"<p>KM 70\/20 C,<\/p>","protected":false},"excerpt":{"rendered":"<p>KM 70\/20 C \u0259l s\u00fcp\u00fcrm\u0259 ma\u015f\u0131n\u0131, ki\u00e7ik sah\u0259l\u0259ri qapal\u0131 v\u0259 a\u00e7\u0131q havada t\u0259mizl\u0259m\u0259k \u00fc\u00e7\u00fcn ideal h\u0259lldir. M\u00fct\u0259madi bir s\u00fcp\u00fcrg\u0259 il\u0259 m\u00fcqayis\u0259d\u0259 t\u0259mizl\u0259nm\u0259ni s\u00fcr\u0259tl\u0259ndirir, eyni zamanda inteqrasiya edilmi\u015f bir filtr say\u0259sind\u0259 toz meydana g\u0259lm\u0259sini faktiki olaraq aradan qald\u0131r\u0131r.<\/p>","protected":false},"featured_media":2390,"comment_status":"open","ping_status":"closed","template":"","meta":[],"product_cat":[19,281],"product_tag":[],"class_list":{"0":"post-2385","1":"product","2":"type-product","3":"status-publish","4":"has-post-thumbnail","6":"product_cat-professional","7":"product_cat-podmetalnye-mashiny","9":"first","10":"instock","11":"shipping-taxable","12":"purchasable","13":"product-type-simple"},"_links":{"self":[{"href":"https:\/\/karchershop.az\/az\/wp-json\/wp\/v2\/product\/2385","targetHints":{"allow":["GET"]}}],"collection":[{"href":"https:\/\/karchershop.az\/az\/wp-json\/wp\/v2\/product"}],"about":[{"href":"https:\/\/karchershop.az\/az\/wp-json\/wp\/v2\/types\/product"}],"replies":[{"embeddable":true,"href":"https:\/\/karchershop.az\/az\/wp-json\/wp\/v2\/comments?post=2385"}],"wp:featuredmedia":[{"embeddable":true,"href":"https:\/\/karchershop.az\/az\/wp-json\/wp\/v2\/media\/2390"}],"wp:attachment":[{"href":"https:\/\/karchershop.az\/az\/wp-json\/wp\/v2\/media?parent=2385"}],"wp:term":[{"taxonomy":"product_cat","embeddable":true,"href":"https:\/\/karchershop.az\/az\/wp-json\/wp\/v2\/product_cat?post=2385"},{"taxonomy":"product_tag","embeddable":true,"href":"https:\/\/karchershop.az\/az\/wp-json\/wp\/v2\/product_tag?post=2385"}],"curies":[{"name":"wp","href":"https:\/\/api.w.org\/{rel}","templated":true}]}}