{"id":250,"date":"2020-04-27T10:33:54","date_gmt":"2020-04-27T06:33:54","guid":{"rendered":"https:\/\/karchershop.az\/?post_type=product&#038;p=250"},"modified":"2026-05-01T21:34:58","modified_gmt":"2026-05-01T17:34:58","slug":"k-3","status":"publish","type":"product","link":"https:\/\/karchershop.az\/az\/home-garden\/mojki-vysokogo-davleniya\/k-3","title":{"rendered":"K 3"},"content":{"rendered":"<p>Y\u00fcks\u0259k t\u0259zyiqli moyka aparat\u0131 Karcher K 3 y\u00fcks\u0259k t\u0259zyiqli yuyucusu Quick Connect sistemi il\u0259 t\u0259chiz olunub ki, bu da 6 metrlik y\u00fcks\u0259k t\u0259zyiqli \u015flanq\u0131 bir h\u0259r\u0259k\u0259tl\u0259 birl\u0259\u015fdirm\u0259y\u0259 imkan verir. \u00c7irk k\u0259sici inadkar \u00e7irkin \u00f6hd\u0259sind\u0259n g\u0259lm\u0259y\u0259 k\u00f6m\u0259k ed\u0259c\u0259k v\u0259 t\u0259zyiq t\u0259nziml\u0259m\u0259si olan Vario Power reaktiv lans motosikletl\u0259ri, ba\u011f mebell\u0259rini v\u0259 s. yuyark\u0259n faydal\u0131 olacaq. Moyka aparat\u0131 satilir - Moyka aparat\u0131nda h\u0259m\u00e7inin suyun t\u0259mizl\u0259nm\u0259si \u00fc\u00e7\u00fcn inteqrasiya olunmu\u015f filtr var.<\/p>","protected":false},"excerpt":{"rendered":"<p>Y\u00fcks\u0259k t\u0259zyiqli \"K\u00e4rcher\" K 3 avtomobil yuyucu aparat\u0131 vaxta\u015f\u0131r\u0131 istifad\u0259 \u00fc\u00e7\u00fcn ideald\u0131r. O, az \u00e7irkl\u0259nmi\u015f minik avtomobill\u0259rini, motosikletl\u0259ri, velosipedl\u0259ri, ba\u011f mebell\u0259rini, ev \u0259traf\u0131ndak\u0131 sah\u0259l\u0259ri v\u0259 bir \u00e7ox dig\u0259r \u015feyl\u0259ri yuma\u011fa k\u00f6m\u0259k ed\u0259c\u0259k.<\/p>","protected":false},"featured_media":251,"comment_status":"open","ping_status":"closed","template":"","meta":[],"product_cat":[15,20],"product_tag":[252],"class_list":{"0":"post-250","1":"product","2":"type-product","3":"status-publish","4":"has-post-thumbnail","6":"product_cat-home-garden","7":"product_cat-mojki-vysokogo-davleniya","8":"product_tag-pressure-washers","10":"first","11":"instock","12":"shipping-taxable","13":"purchasable","14":"product-type-simple"},"_links":{"self":[{"href":"https:\/\/karchershop.az\/az\/wp-json\/wp\/v2\/product\/250","targetHints":{"allow":["GET"]}}],"collection":[{"href":"https:\/\/karchershop.az\/az\/wp-json\/wp\/v2\/product"}],"about":[{"href":"https:\/\/karchershop.az\/az\/wp-json\/wp\/v2\/types\/product"}],"replies":[{"embeddable":true,"href":"https:\/\/karchershop.az\/az\/wp-json\/wp\/v2\/comments?post=250"}],"wp:featuredmedia":[{"embeddable":true,"href":"https:\/\/karchershop.az\/az\/wp-json\/wp\/v2\/media\/251"}],"wp:attachment":[{"href":"https:\/\/karchershop.az\/az\/wp-json\/wp\/v2\/media?parent=250"}],"wp:term":[{"taxonomy":"product_cat","embeddable":true,"href":"https:\/\/karchershop.az\/az\/wp-json\/wp\/v2\/product_cat?post=250"},{"taxonomy":"product_tag","embeddable":true,"href":"https:\/\/karchershop.az\/az\/wp-json\/wp\/v2\/product_tag?post=250"}],"curies":[{"name":"wp","href":"https:\/\/api.w.org\/{rel}","templated":true}]}}