{"id":264,"date":"2020-04-27T10:51:40","date_gmt":"2020-04-27T06:51:40","guid":{"rendered":"https:\/\/karchershop.az\/?post_type=product&#038;p=264"},"modified":"2026-05-01T21:34:58","modified_gmt":"2026-05-01T17:34:58","slug":"k-3-full-control-german","status":"publish","type":"product","link":"https:\/\/karchershop.az\/az\/home-garden\/mojki-vysokogo-davleniya\/k-3-full-control-german","title":{"rendered":"K 3 Full Control"},"content":{"rendered":"<p>K\u00e4rcher Ev v\u0259 Ba\u011f\u00e7a \u00fc\u00e7\u00fcn unikal t\u0259mizlik v\u0259d ed\u0259n K 3 Full Control t\u0259zyiqli yuyucusu daha yax\u015f\u0131 t\u0259mizl\u0259m\u0259 n\u0259tic\u0259l\u0259rini m\u00fcmk\u00fcn edir v\u0259 sizi t\u0259mizlik m\u00fct\u0259x\u0259ssisin\u0259 \u00e7evirir. T\u0259tbiq \u00fc\u00e7\u00fcn uy\u011fun t\u0259zyiq s\u0259viyy\u0259si birba\u015fa p\u00fcsk\u00fcrtm\u0259 borusunda t\u0259yin oluna v\u0259 G 120 Q Full Control sprey tabancas\u0131n\u0131n ekran\u0131nda yoxlan\u0131la bil\u0259r \u2013 maksimum n\u0259zar\u0259t v\u0259 h\u0259r s\u0259th\u0259 g\u00f6r\u0259 ideal t\u0259zyiql\u0259 istehsal edilmi\u015fdir. K 3 Full Control silah\u0131ndak\u0131 t\u0259zyiq ekran\u0131 - h\u0259r bir s\u0259th n\u00f6v\u00fc \u00fc\u00e7\u00fcn optimal t\u0259zyiq v\u0259d edir. K\u00e4rcher K 3 Full Control-un \u0259lav\u0259 \u00fcst\u00fcnl\u00fckl\u0259ri, asan i\u015fl\u0259m\u0259 v\u0259 saxlama \u00fc\u00e7\u00fcn bir teleskopik qolu, h\u0259m\u00e7inin daha \u00e7ox sabitlik \u00fc\u00e7\u00fcn bir d\u0259st\u0259k stendini \u0259hat\u0259 edir. D\u0259st\u0259k stendi, ikinci bir da\u015f\u0131ma qolu kimi d\u0259 istifad\u0259 edil\u0259 bil\u0259r, buna g\u00f6r\u0259 cihaz asanl\u0131qla bir r\u0259f\u0259 qald\u0131r\u0131la v\u0259 avtomobilin baqaj\u0131na yerl\u0259\u015fdiril\u0259 bil\u0259r. T\u0259zyiqli yuma aparat\u0131 1 saat \u0259rzind\u0259 25 m\u00b2 \u0259razid\u0259 t\u0259mizlik i\u015fl\u0259ri h\u0259yata ke\u00e7ir\u0259 bilir.<\/p>","protected":false},"excerpt":{"rendered":"<p>Daha yax\u015f\u0131 t\u0259mizlik n\u0259tic\u0259l\u0259ri \u0259ld\u0259 etm\u0259k \u00fc\u00e7\u00fcn praktiki h\u0259ll\u0259r t\u0259klif ed\u0259n K 3 Full Control yuyucu aparat\u0131 \u0259ld\u0259 etm\u0259y\u0259 t\u0259l\u0259sin.<\/p>","protected":false},"featured_media":265,"comment_status":"open","ping_status":"closed","template":"","meta":[],"product_cat":[15,20],"product_tag":[252],"class_list":{"0":"post-264","1":"product","2":"type-product","3":"status-publish","4":"has-post-thumbnail","6":"product_cat-home-garden","7":"product_cat-mojki-vysokogo-davleniya","8":"product_tag-pressure-washers","10":"first","11":"outofstock","12":"shipping-taxable","13":"purchasable","14":"product-type-simple"},"_links":{"self":[{"href":"https:\/\/karchershop.az\/az\/wp-json\/wp\/v2\/product\/264","targetHints":{"allow":["GET"]}}],"collection":[{"href":"https:\/\/karchershop.az\/az\/wp-json\/wp\/v2\/product"}],"about":[{"href":"https:\/\/karchershop.az\/az\/wp-json\/wp\/v2\/types\/product"}],"replies":[{"embeddable":true,"href":"https:\/\/karchershop.az\/az\/wp-json\/wp\/v2\/comments?post=264"}],"wp:featuredmedia":[{"embeddable":true,"href":"https:\/\/karchershop.az\/az\/wp-json\/wp\/v2\/media\/265"}],"wp:attachment":[{"href":"https:\/\/karchershop.az\/az\/wp-json\/wp\/v2\/media?parent=264"}],"wp:term":[{"taxonomy":"product_cat","embeddable":true,"href":"https:\/\/karchershop.az\/az\/wp-json\/wp\/v2\/product_cat?post=264"},{"taxonomy":"product_tag","embeddable":true,"href":"https:\/\/karchershop.az\/az\/wp-json\/wp\/v2\/product_tag?post=264"}],"curies":[{"name":"wp","href":"https:\/\/api.w.org\/{rel}","templated":true}]}}