{"id":280,"date":"2020-04-27T10:58:07","date_gmt":"2020-04-27T06:58:07","guid":{"rendered":"https:\/\/karchershop.az\/?post_type=product&#038;p=280"},"modified":"2026-02-01T12:35:22","modified_gmt":"2026-02-01T08:35:22","slug":"k-4-compact","status":"publish","type":"product","link":"https:\/\/karchershop.az\/az\/home-garden\/mojki-vysokogo-davleniya\/k-4-compact","title":{"rendered":"Ma\u015f\u0131n yuyan aparat K 4 Compact"},"content":{"rendered":"<p>Ma\u015f\u0131n yuyan aparat K 4 Compact ist\u0259r avtomobilin y\u00fck yerind\u0259, ist\u0259rs\u0259 d\u0259 ba\u011fdak\u0131 kirl\u0259ri asanl\u0131qla t\u0259mizl\u0259m\u0259k imkan\u0131 ver\u0259n K 4 Compact t\u0259zyiqli ma\u015f\u0131n yuyan aparat qiym\u0259ti yuma aparat\u0131 istifad\u0259\u00e7il\u0259rin sevimlisidir. Kompakt \u00f6l\u00e7\u00fcl\u0259ri say\u0259sind\u0259 K 4 Compact t\u0259zyiqli yuyucusu ist\u0259nil\u0259n yer\u0259 \u00e7\u0259tinlik \u00e7\u0259km\u0259d\u0259n da\u015f\u0131na bilir.T\u0259zyiqli yuma aparat\u0131 istifad\u0259 zaman\u0131 da olduqca praktikdir. \u00c7evik K 4 Compact h\u0259m \u00fcf\u00fcqi, h\u0259m d\u0259 \u015faquli olaraq istifad\u0259 edil\u0259 bil\u0259r, da\u015f\u0131nmas\u0131 asan v\u0259 tez y\u0131\u011f\u0131l\u0131r v\u0259 t\u0259zyiqli yuyucunun tam g\u00fcc\u00fcn\u00fc t\u0259min edir. Bundan \u0259lav\u0259 yuma aparat\u0131nda, h\u00fcnd\u00fcrl\u00fcy\u00fc t\u0259nziml\u0259n\u0259n teleskopik tutacaq rahat \u00e7\u0259km\u0259 h\u00fcnd\u00fcrl\u00fcy\u00fcn\u00fc t\u0259min edir. \u018flav\u0259 avadanl\u0131q t\u0259f\u0259rr\u00fcatlar\u0131: \u0130ki da\u015f\u0131ma tutaca\u011f\u0131, Quick Connect t\u0259tik tapan\u00e7as\u0131, 6 m y\u00fcks\u0259k t\u0259zyiqli \u015flanq, Vario Power sprey niz\u0259si (VPS), \u00e7irkl\u0259ndirici v\u0259 su filtri. Y\u00fcks\u0259k t\u0259zyiqli \u015flanq v\u0259 kabel praktik olaraq \u00f6n qapaqda saxlan\u0131la bil\u0259r. K 4 Compact, su il\u0259 soyudulan m\u00fch\u0259rriki v\u0259 30 m\u00b2\/saat \u0259razi performans\u0131 il\u0259 orta d\u0259r\u0259c\u0259d\u0259 \u00e7irkin (ki\u00e7ik avtomobill\u0259r, ba\u011f hasarlar\u0131, velosipedl\u0259r v\u0259 s t\u0259mizl\u0259nm\u0259si \u00fc\u00e7\u00fcn ideald\u0131r.<\/p>","protected":false},"excerpt":{"rendered":"<p>Ma\u015f\u0131n yuyan aparat K 4 Compact orta d\u0259r\u0259c\u0259d\u0259 \u00e7irkl\u0259nm\u0259d\u0259 istifad\u0259 \u00fc\u00e7\u00fcn ideal se\u00e7imdir. Teleskopik tutacaq v\u0259 su il\u0259 soyudulmu\u015f motor daxildir. 30 m\u00b2\/saat sah\u0259 performans\u0131na malik, asan v\u0259 tez y\u0131\u011f\u0131\u015fd\u0131r\u0131la bil\u0259n ma\u015f\u0131n yuyan aparat ucuz qiym\u0259ti yuma aparat\u0131n\u0131 r\u0259smi Karcher ma\u011fazas\u0131ndan \u0259ld\u0259 edin.<\/p>","protected":false},"featured_media":283,"comment_status":"open","ping_status":"closed","template":"","meta":[],"product_cat":[15,20],"product_tag":[252],"class_list":{"0":"post-280","1":"product","2":"type-product","3":"status-publish","4":"has-post-thumbnail","6":"product_cat-home-garden","7":"product_cat-mojki-vysokogo-davleniya","8":"product_tag-pressure-washers","10":"first","11":"outofstock","12":"shipping-taxable","13":"purchasable","14":"product-type-simple"},"_links":{"self":[{"href":"https:\/\/karchershop.az\/az\/wp-json\/wp\/v2\/product\/280","targetHints":{"allow":["GET"]}}],"collection":[{"href":"https:\/\/karchershop.az\/az\/wp-json\/wp\/v2\/product"}],"about":[{"href":"https:\/\/karchershop.az\/az\/wp-json\/wp\/v2\/types\/product"}],"replies":[{"embeddable":true,"href":"https:\/\/karchershop.az\/az\/wp-json\/wp\/v2\/comments?post=280"}],"wp:featuredmedia":[{"embeddable":true,"href":"https:\/\/karchershop.az\/az\/wp-json\/wp\/v2\/media\/283"}],"wp:attachment":[{"href":"https:\/\/karchershop.az\/az\/wp-json\/wp\/v2\/media?parent=280"}],"wp:term":[{"taxonomy":"product_cat","embeddable":true,"href":"https:\/\/karchershop.az\/az\/wp-json\/wp\/v2\/product_cat?post=280"},{"taxonomy":"product_tag","embeddable":true,"href":"https:\/\/karchershop.az\/az\/wp-json\/wp\/v2\/product_tag?post=280"}],"curies":[{"name":"wp","href":"https:\/\/api.w.org\/{rel}","templated":true}]}}