{"id":2843,"date":"2020-06-02T17:55:10","date_gmt":"2020-06-02T13:55:10","guid":{"rendered":"https:\/\/karchershop.az\/?post_type=product&#038;p=2843"},"modified":"2024-12-01T00:04:57","modified_gmt":"2024-11-30T20:04:57","slug":"si-4-easyfix-iron","status":"publish","type":"product","link":"https:\/\/karchershop.az\/az\/home-garden\/buxarli-utu-si-4-easyfix-iron","title":{"rendered":"Buxarl\u0131 \u00fct\u00fc sistemi SI 4 Easyfix Iron"},"content":{"rendered":"<p>Buxarl\u0131 \u00fct\u00fc sistemi K\u00e4rcher ma\u015f\u0131nlar\u0131 il\u0259 t\u0259mizl\u0259m\u0259 v\u0259 buxarla \u00fct\u00fcl\u0259m\u0259 daha da s\u0259m\u0259r\u0259li olur. SI 4 EasyFix Iron \u00fct\u00fcl\u0259m\u0259 sistemi buxarl\u0131 \u00fct\u00fc v\u0259 \u00fct\u00fc masas\u0131 say\u0259sind\u0259 adi \u00fct\u00fcl\u0259m\u0259 vaxt\u0131n\u0131 50% azald\u0131r. Aktiv \u00fct\u00fc masas\u0131 buxar\u0131n t\u0259mizl\u0259nm\u0259si v\u0259 \u00e7\u0131xar\u0131lmas\u0131 funksiyalar\u0131na malikdir. Bunun say\u0259sind\u0259 material\u0131n strukturuna daha yax\u015f\u0131 n\u00fcfuz edir - h\u0259tta z\u0259rif par\u00e7alar da he\u00e7 bir b\u00fck\u00fclm\u0259d\u0259n \u00fct\u00fcl\u0259nir. Buxarla t\u0259mizl\u0259m\u0259 funksiyas\u0131 maksimum rahatl\u0131q, kimy\u0259vi madd\u0259l\u0259rsiz t\u0259mizl\u0259m\u0259 t\u0259min edir v\u0259 dem\u0259k olar ki, h\u0259r yerd\u0259 istifad\u0259 edil\u0259 bil\u0259r. Cihaz evd\u0259 ist\u0259nil\u0259n s\u0259rt s\u0259thl\u0259ri t\u0259mizl\u0259yir v\u0259 g\u00fcnd\u0259lik h\u0259yatda rast g\u0259lin\u0259n bakteriyalar\u0131n 99,99%-ni m\u0259hv edir. X\u00fcsusi aksessuarlar say\u0259sind\u0259 plit\u0259l\u0259r, ba\u015fl\u0131qlar v\u0259 h\u0259tta \u0259n ki\u00e7ik bo\u015fluqlar t\u0259mizlikl\u0259 parlama\u011fa ba\u015flay\u0131r. H\u0259tta inadkar kirl\u0259r d\u0259 q\u0131sa m\u00fcdd\u0259td\u0259 t\u0259mizl\u0259nir. Elastik birl\u0259\u015fm\u0259 il\u0259 EasyFix d\u00f6\u015f\u0259m\u0259 ba\u015fl\u0131\u011f\u0131 maksimum erqonomik i\u015fi t\u0259min edir v\u0259 bo\u015fqab altl\u0131\u011f\u0131 say\u0259sind\u0259 \u0259la t\u0259mizl\u0259m\u0259 n\u0259tic\u0259l\u0259rini t\u0259min edir. Rahat \u00e7\u0259ng\u0259l-ba\u011flama sistemi say\u0259sind\u0259 o, asanl\u0131qla uclu\u011fa b\u0259rkidilir v\u0259 kirl\u0259 t\u0259mas etm\u0259d\u0259n \u00e7\u0131xar\u0131l\u0131r.<\/p>\n<ul>\n<li>D\u00f6\u015f\u0259m\u0259 t\u0259mizl\u0259nm\u0259si<\/li>\n<\/ul>","protected":false},"excerpt":{"rendered":"<p>Buxarl\u0131 \u00fct\u00fc sistemi SI 4 Easyfix Iron \u00fct\u00fc sistemi, aktiv \u00fct\u00fc masas\u0131 il\u0259 tamamlanm\u0131\u015f buxar \u00fct\u00fcs\u00fc v\u0259 doldurula v\u0259  \u00e7\u0131xar\u0131la bil\u0259n su bak\u0131 say\u0259sind\u0259 rahat \u00fct\u00fc il\u0259 yana\u015f\u0131 fasil\u0259siz t\u0259mizl\u0259nm\u0259 \u00fc\u00e7\u00fcn d\u0259 n\u0259z\u0259rd\u0259 tutulmu\u015fdur.<\/p>","protected":false},"featured_media":2845,"comment_status":"open","ping_status":"closed","template":"","meta":[],"product_cat":[15],"product_tag":[255],"class_list":{"0":"post-2843","1":"product","2":"type-product","3":"status-publish","4":"has-post-thumbnail","6":"product_cat-home-garden","7":"product_tag-porovye-gladilnye-sistemy","9":"first","10":"outofstock","11":"shipping-taxable","12":"purchasable","13":"product-type-simple"},"_links":{"self":[{"href":"https:\/\/karchershop.az\/az\/wp-json\/wp\/v2\/product\/2843","targetHints":{"allow":["GET"]}}],"collection":[{"href":"https:\/\/karchershop.az\/az\/wp-json\/wp\/v2\/product"}],"about":[{"href":"https:\/\/karchershop.az\/az\/wp-json\/wp\/v2\/types\/product"}],"replies":[{"embeddable":true,"href":"https:\/\/karchershop.az\/az\/wp-json\/wp\/v2\/comments?post=2843"}],"wp:featuredmedia":[{"embeddable":true,"href":"https:\/\/karchershop.az\/az\/wp-json\/wp\/v2\/media\/2845"}],"wp:attachment":[{"href":"https:\/\/karchershop.az\/az\/wp-json\/wp\/v2\/media?parent=2843"}],"wp:term":[{"taxonomy":"product_cat","embeddable":true,"href":"https:\/\/karchershop.az\/az\/wp-json\/wp\/v2\/product_cat?post=2843"},{"taxonomy":"product_tag","embeddable":true,"href":"https:\/\/karchershop.az\/az\/wp-json\/wp\/v2\/product_tag?post=2843"}],"curies":[{"name":"wp","href":"https:\/\/api.w.org\/{rel}","templated":true}]}}