{"id":2866,"date":"2020-06-02T18:30:25","date_gmt":"2020-06-02T14:30:25","guid":{"rendered":"https:\/\/karchershop.az\/?post_type=product&#038;p=2866"},"modified":"2026-05-01T21:35:33","modified_gmt":"2026-05-01T17:35:33","slug":"shlang-primoflex-3-4-25-m","status":"publish","type":"product","link":"https:\/\/karchershop.az\/az\/home-garden\/oborudovanie-dlya-poliva\/shlang-primoflex-3-4-25-m","title":{"rendered":"Hose PrimoFlex 3\/4&#8243; -25m"},"content":{"rendered":"<p>PrimoFlex\u00ae \u015flanq\u0131n\u0131n diametri 3\/4\u2033, uzunluq 25 m, partlama t\u0259zyiqi: 24 bar. Ba\u011fda normal g\u00fcnd\u0259lik istifad\u0259 il\u0259 \u0259n az\u0131 12 il davam ed\u0259c\u0259k rahat 3 qatl\u0131 ba\u011f \u015flanq\u0131. Suvarma v\u0259 ist\u0259nil\u0259n \u00f6l\u00e7\u00fcl\u00fc ba\u011flar \u00fc\u00e7\u00fcn ideald\u0131r. Ftalatlar (&lt;0,1%), kadmium, barium v\u0259 qur\u011fu\u015fun yoxdur, y\u0259ni t\u0259rkibind\u0259 sa\u011flaml\u0131\u011fa z\u0259r\u0259rli he\u00e7 bir madd\u0259 yoxdur. Havaya davaml\u0131 anti-UV t\u0259b\u0259q\u0259si \u015flanq\u0131 solmaqdan qoruyur, qeyri-\u015f\u0259ffaf orta t\u0259b\u0259q\u0259 is\u0259 \u015flanq\u0131n i\u00e7\u0259risind\u0259 yosunlar\u0131n \u0259m\u0259l\u0259 g\u0259lm\u0259sinin qar\u015f\u0131s\u0131n\u0131 al\u0131r. \u015elanq -20 il\u0259 65\u00b0C aras\u0131nda y\u00fcks\u0259k temperatur m\u00fcqavim\u0259tin\u0259 malikdir. K\u00e4rcher ba\u011f \u015flanqlar\u0131 olduqca elastik, etibarl\u0131 v\u0259 b\u00fck\u00fclm\u0259y\u0259 davaml\u0131d\u0131r. Uzun xidm\u0259t m\u00fcdd\u0259ti v\u0259 asan idar\u0259.<\/p>","protected":false},"excerpt":{"rendered":"<p>Ba\u011f \u015flanq\u0131 PrimoFlex\u00ae 3\/4 \u2033, 25 m m\u0259saf\u0259d\u0259 qura\u015fd\u0131r\u0131lm\u0131\u015f, partlay\u0131\u015f t\u0259zyiqi: 24 bar. T\u0259rkibind\u0259 z\u0259r\u0259rli madd\u0259l\u0259r, ftalat v\u0259 ikincil xammal yoxdur. Temperatur -20 il\u0259 65 \u00b0 C aras\u0131nda d\u0259yi\u015fir<\/p>","protected":false},"featured_media":2867,"comment_status":"open","ping_status":"closed","template":"","meta":[],"product_cat":[15,515],"product_tag":[],"class_list":{"0":"post-2866","1":"product","2":"type-product","3":"status-publish","4":"has-post-thumbnail","6":"product_cat-home-garden","7":"product_cat-oborudovanie-dlya-poliva","9":"first","10":"instock","11":"shipping-taxable","12":"purchasable","13":"product-type-simple"},"_links":{"self":[{"href":"https:\/\/karchershop.az\/az\/wp-json\/wp\/v2\/product\/2866","targetHints":{"allow":["GET"]}}],"collection":[{"href":"https:\/\/karchershop.az\/az\/wp-json\/wp\/v2\/product"}],"about":[{"href":"https:\/\/karchershop.az\/az\/wp-json\/wp\/v2\/types\/product"}],"replies":[{"embeddable":true,"href":"https:\/\/karchershop.az\/az\/wp-json\/wp\/v2\/comments?post=2866"}],"wp:featuredmedia":[{"embeddable":true,"href":"https:\/\/karchershop.az\/az\/wp-json\/wp\/v2\/media\/2867"}],"wp:attachment":[{"href":"https:\/\/karchershop.az\/az\/wp-json\/wp\/v2\/media?parent=2866"}],"wp:term":[{"taxonomy":"product_cat","embeddable":true,"href":"https:\/\/karchershop.az\/az\/wp-json\/wp\/v2\/product_cat?post=2866"},{"taxonomy":"product_tag","embeddable":true,"href":"https:\/\/karchershop.az\/az\/wp-json\/wp\/v2\/product_tag?post=2866"}],"curies":[{"name":"wp","href":"https:\/\/api.w.org\/{rel}","templated":true}]}}