{"id":2868,"date":"2020-06-02T18:33:30","date_gmt":"2020-06-02T14:33:30","guid":{"rendered":"https:\/\/karchershop.az\/?post_type=product&#038;p=2868"},"modified":"2026-05-01T21:35:33","modified_gmt":"2026-05-01T17:35:33","slug":"universalnyj-konnektor-plus-s-akvastopom","status":"publish","type":"product","link":"https:\/\/karchershop.az\/az\/home-garden\/aksessuary\/aksessuary-dlya-minimoek\/universalnyj-konnektor-plus-s-akvastopom","title":{"rendered":"Hose coupling middle Aqua Universal"},"content":{"rendered":"<p>Bir toxunu\u015flu \u0259laq\u0259, ay\u0131rma v\u0259 t\u0259mir - Aqua Stop funksiyas\u0131 il\u0259 K\u00e4rcher t\u0259r\u0259find\u0259n istehsal olunan praktik v\u0259 erqonomik universal ba\u011flay\u0131c\u0131 Plus v\u0259 \u0259n rahat i\u015fl\u0259m\u0259 \u00fc\u00e7\u00fcn yum\u015faq plastikd\u0259n haz\u0131rlanm\u0131\u015f tutu\u015flar say\u0259sind\u0259. \u00c7evik bir butt birg\u0259 sistemi h\u0259m ki\u00e7ik, h\u0259m d\u0259 b\u00f6y\u00fck ba\u011flarda v\u0259 dig\u0259r \u0259razil\u0259rd\u0259 suvarma prosesini \u0259h\u0259miyy\u0259tli d\u0259r\u0259c\u0259d\u0259 asanla\u015fd\u0131r\u0131r. Ax\u0131, normal i\u015fl\u0259y\u0259n ba\u011flay\u0131c\u0131lar v\u0259 kranlara qo\u015fulma \u00fc\u00e7\u00fcn fitinql\u0259r h\u0259r hans\u0131 bir y\u00fcks\u0259k keyfiyy\u0259tli suvarma sisteminin \u0259sas\u0131n\u0131 t\u0259\u015fkil edir. Aqua Stop il\u0259 Universal Plus ba\u011flay\u0131c\u0131 \u00fc\u00e7 \u0259n \u00e7ox yay\u0131lm\u0131\u015f hortum diametrin\u0259 v\u0259 b\u00fct\u00fcn standart butt birg\u0259 sisteml\u0259rin\u0259 uy\u011fundur.<\/p>","protected":false},"excerpt":{"rendered":"<p>Plus Aquastop ba\u011flay\u0131c\u0131s\u0131 b\u00fct\u00fcn standart \u015flanqlara uy\u011fundur.<\/p>","protected":false},"featured_media":2870,"comment_status":"open","ping_status":"closed","template":"","meta":[],"product_cat":[15,71],"product_tag":[],"class_list":{"0":"post-2868","1":"product","2":"type-product","3":"status-publish","4":"has-post-thumbnail","6":"product_cat-home-garden","7":"product_cat-aksessuary-dlya-minimoek","9":"first","10":"instock","11":"shipping-taxable","12":"purchasable","13":"product-type-simple"},"_links":{"self":[{"href":"https:\/\/karchershop.az\/az\/wp-json\/wp\/v2\/product\/2868","targetHints":{"allow":["GET"]}}],"collection":[{"href":"https:\/\/karchershop.az\/az\/wp-json\/wp\/v2\/product"}],"about":[{"href":"https:\/\/karchershop.az\/az\/wp-json\/wp\/v2\/types\/product"}],"replies":[{"embeddable":true,"href":"https:\/\/karchershop.az\/az\/wp-json\/wp\/v2\/comments?post=2868"}],"wp:featuredmedia":[{"embeddable":true,"href":"https:\/\/karchershop.az\/az\/wp-json\/wp\/v2\/media\/2870"}],"wp:attachment":[{"href":"https:\/\/karchershop.az\/az\/wp-json\/wp\/v2\/media?parent=2868"}],"wp:term":[{"taxonomy":"product_cat","embeddable":true,"href":"https:\/\/karchershop.az\/az\/wp-json\/wp\/v2\/product_cat?post=2868"},{"taxonomy":"product_tag","embeddable":true,"href":"https:\/\/karchershop.az\/az\/wp-json\/wp\/v2\/product_tag?post=2868"}],"curies":[{"name":"wp","href":"https:\/\/api.w.org\/{rel}","templated":true}]}}