{"id":2871,"date":"2020-06-02T18:36:09","date_gmt":"2020-06-02T14:36:09","guid":{"rendered":"https:\/\/karchershop.az\/?post_type=product&#038;p=2871"},"modified":"2026-05-01T21:35:34","modified_gmt":"2026-05-01T17:35:34","slug":"komplekt-premium-dlya-podklyucheniya-shlangov-3-4","status":"publish","type":"product","link":"https:\/\/karchershop.az\/az\/home-garden\/aksessuary\/aksessuary-dlya-minimoek\/komplekt-premium-dlya-podklyucheniya-shlangov-3-4","title":{"rendered":"3\/4 \u2033 \u015flanqlar\u0131n\u0131 ba\u011flamaq \u00fc\u00e7\u00fcn \"Premium\" d\u0259st"},"content":{"rendered":"<p>3\/4 \u2033 \u015flanqlar\u0131 t\u0259zyiq t\u0259r\u0259find\u0259ki nasosa ba\u011flamaq \u00fc\u00e7\u00fcn \"Premium\" ba\u011flant\u0131 d\u0259sti: Suyun daha yax\u015f\u0131 \u00f6t\u00fcr\u00fclm\u0259si \u00fc\u00e7\u00fcn s\u00fcr\u0259tli daxili ayr\u0131lan ba\u011flay\u0131c\u0131 v\u0259 G1 uy\u011funluq.<\/p>","protected":false},"excerpt":{"rendered":"<p>3\/4 \u015flanq\u0131 t\u0259zyiq t\u0259r\u0259find\u0259ki nasosa qo\u015fmaq \u00fc\u00e7\u00fcn Premium d\u0259sti: S\u00fcr\u0259tli ayr\u0131la bil\u0259n ba\u011flay\u0131c\u0131, uy\u011fun G1 BP. Daha yax\u015f\u0131 su \u00f6t\u00fcr\u00fclm\u0259si \u00fc\u00e7\u00fcn b\u00f6y\u00fck bir daxili hiss\u0259 il\u0259.<\/p>","protected":false},"featured_media":2872,"comment_status":"open","ping_status":"closed","template":"","meta":[],"product_cat":[15,71],"product_tag":[],"class_list":{"0":"post-2871","1":"product","2":"type-product","3":"status-publish","4":"has-post-thumbnail","6":"product_cat-home-garden","7":"product_cat-aksessuary-dlya-minimoek","9":"first","10":"outofstock","11":"shipping-taxable","12":"purchasable","13":"product-type-simple"},"_links":{"self":[{"href":"https:\/\/karchershop.az\/az\/wp-json\/wp\/v2\/product\/2871","targetHints":{"allow":["GET"]}}],"collection":[{"href":"https:\/\/karchershop.az\/az\/wp-json\/wp\/v2\/product"}],"about":[{"href":"https:\/\/karchershop.az\/az\/wp-json\/wp\/v2\/types\/product"}],"replies":[{"embeddable":true,"href":"https:\/\/karchershop.az\/az\/wp-json\/wp\/v2\/comments?post=2871"}],"wp:featuredmedia":[{"embeddable":true,"href":"https:\/\/karchershop.az\/az\/wp-json\/wp\/v2\/media\/2872"}],"wp:attachment":[{"href":"https:\/\/karchershop.az\/az\/wp-json\/wp\/v2\/media?parent=2871"}],"wp:term":[{"taxonomy":"product_cat","embeddable":true,"href":"https:\/\/karchershop.az\/az\/wp-json\/wp\/v2\/product_cat?post=2871"},{"taxonomy":"product_tag","embeddable":true,"href":"https:\/\/karchershop.az\/az\/wp-json\/wp\/v2\/product_tag?post=2871"}],"curies":[{"name":"wp","href":"https:\/\/api.w.org\/{rel}","templated":true}]}}