{"id":2873,"date":"2020-06-02T18:42:59","date_gmt":"2020-06-02T14:42:59","guid":{"rendered":"https:\/\/karchershop.az\/?post_type=product&#038;p=2873"},"modified":"2026-05-01T21:35:34","modified_gmt":"2026-05-01T17:35:34","slug":"organajzer-karcher","status":"publish","type":"product","link":"https:\/\/karchershop.az\/az\/home-garden\/aksessuary\/aksessuary-dlya-minimoek\/organajzer-karcher","title":{"rendered":"Organiser"},"content":{"rendered":"<p>K\u00e4rcher aksesuarlar\u0131n\u0131n rahat v\u0259 \u00fcmumi saxlanmas\u0131 \u00fc\u00e7\u00fcn. \u00c7evik qura\u015fd\u0131rma se\u00e7iml\u0259rini t\u0259min ed\u0259n 2 moduldan ibar\u0259tdir. Aksesuarlar\u0131n h\u0259r zaman \u0259lind\u0259 olmas\u0131n\u0131 t\u0259min edir v\u0259 yuyulma f\u0131r\u00e7alar\u0131n\u0131 t\u00fckl\u0259rin t\u0259hrifind\u0259n qoruyur.<\/p>","protected":false},"excerpt":{"rendered":"<p>K\u00e4rcher aksesuarlar\u0131n\u0131n rahat v\u0259 \u00fcmumi saxlanmas\u0131 \u00fc\u00e7\u00fcn. \u00c7evik qura\u015fd\u0131rma se\u00e7iml\u0259rini t\u0259min ed\u0259n 2 moduldan ibar\u0259tdir. Aksesuarlar\u0131n h\u0259r zaman \u0259lind\u0259 olmas\u0131n\u0131 t\u0259min edir v\u0259 yuyulma f\u0131r\u00e7alar\u0131n\u0131 t\u00fckl\u0259rin t\u0259hrifind\u0259n qoruyur.<\/p>","protected":false},"featured_media":2874,"comment_status":"open","ping_status":"closed","template":"","meta":[],"product_cat":[15,71],"product_tag":[],"class_list":{"0":"post-2873","1":"product","2":"type-product","3":"status-publish","4":"has-post-thumbnail","6":"product_cat-home-garden","7":"product_cat-aksessuary-dlya-minimoek","9":"first","10":"outofstock","11":"shipping-taxable","12":"purchasable","13":"product-type-simple"},"_links":{"self":[{"href":"https:\/\/karchershop.az\/az\/wp-json\/wp\/v2\/product\/2873","targetHints":{"allow":["GET"]}}],"collection":[{"href":"https:\/\/karchershop.az\/az\/wp-json\/wp\/v2\/product"}],"about":[{"href":"https:\/\/karchershop.az\/az\/wp-json\/wp\/v2\/types\/product"}],"replies":[{"embeddable":true,"href":"https:\/\/karchershop.az\/az\/wp-json\/wp\/v2\/comments?post=2873"}],"wp:featuredmedia":[{"embeddable":true,"href":"https:\/\/karchershop.az\/az\/wp-json\/wp\/v2\/media\/2874"}],"wp:attachment":[{"href":"https:\/\/karchershop.az\/az\/wp-json\/wp\/v2\/media?parent=2873"}],"wp:term":[{"taxonomy":"product_cat","embeddable":true,"href":"https:\/\/karchershop.az\/az\/wp-json\/wp\/v2\/product_cat?post=2873"},{"taxonomy":"product_tag","embeddable":true,"href":"https:\/\/karchershop.az\/az\/wp-json\/wp\/v2\/product_tag?post=2873"}],"curies":[{"name":"wp","href":"https:\/\/api.w.org\/{rel}","templated":true}]}}