{"id":2875,"date":"2020-06-03T15:36:05","date_gmt":"2020-06-03T11:36:05","guid":{"rendered":"https:\/\/karchershop.az\/?post_type=product&#038;p=2875"},"modified":"2026-05-01T21:35:34","modified_gmt":"2026-05-01T17:35:34","slug":"fj-10-c-foam-nozzle-pennoe-soplo","status":"publish","type":"product","link":"https:\/\/karchershop.az\/az\/home-garden\/moyushhie-sredstva-karcher\/fj-10-c-foam-nozzle-pennoe-soplo","title":{"rendered":"FJ 10 C foam nozzle C n C 1l UFC RU"},"content":{"rendered":"<p>Tez Ultra K\u00f6p\u00fck T\u0259mizl\u0259yici (1l) il\u0259 tamamlanan t\u0259masda olmayan avtomobill\u0259rin yuyulmas\u0131 \u00fc\u00e7\u00fcn qura\u015fd\u0131r\u0131n. Ba\u015fl\u0131q say\u0259sind\u0259 f\u0259rqli t\u0259mizl\u0259yicil\u0259rin istifad\u0259sini alternativ ed\u0259 bil\u0259rsiniz.<\/p>","protected":false},"excerpt":{"rendered":"<p>K\u00f6p\u00fck ba\u015fl\u0131\u011f\u0131 v\u0259 x\u00fcsusi t\u0259mizl\u0259yici il\u0259 qura\u015fd\u0131r\u0131n.<\/p>","protected":false},"featured_media":2876,"comment_status":"open","ping_status":"closed","template":"","meta":[],"product_cat":[15,186],"product_tag":[],"class_list":{"0":"post-2875","1":"product","2":"type-product","3":"status-publish","4":"has-post-thumbnail","6":"product_cat-home-garden","7":"product_cat-moyushhie-sredstva-karcher","9":"first","10":"instock","11":"shipping-taxable","12":"purchasable","13":"product-type-simple"},"_links":{"self":[{"href":"https:\/\/karchershop.az\/az\/wp-json\/wp\/v2\/product\/2875","targetHints":{"allow":["GET"]}}],"collection":[{"href":"https:\/\/karchershop.az\/az\/wp-json\/wp\/v2\/product"}],"about":[{"href":"https:\/\/karchershop.az\/az\/wp-json\/wp\/v2\/types\/product"}],"replies":[{"embeddable":true,"href":"https:\/\/karchershop.az\/az\/wp-json\/wp\/v2\/comments?post=2875"}],"wp:featuredmedia":[{"embeddable":true,"href":"https:\/\/karchershop.az\/az\/wp-json\/wp\/v2\/media\/2876"}],"wp:attachment":[{"href":"https:\/\/karchershop.az\/az\/wp-json\/wp\/v2\/media?parent=2875"}],"wp:term":[{"taxonomy":"product_cat","embeddable":true,"href":"https:\/\/karchershop.az\/az\/wp-json\/wp\/v2\/product_cat?post=2875"},{"taxonomy":"product_tag","embeddable":true,"href":"https:\/\/karchershop.az\/az\/wp-json\/wp\/v2\/product_tag?post=2875"}],"curies":[{"name":"wp","href":"https:\/\/api.w.org\/{rel}","templated":true}]}}