{"id":2879,"date":"2024-07-10T16:56:02","date_gmt":"2024-07-10T12:56:02","guid":{"rendered":"https:\/\/karchershop.az\/?post_type=product&#038;p=2879"},"modified":"2026-05-01T21:35:34","modified_gmt":"2026-05-01T17:35:34","slug":"filtr-zashhity-elektrodvigatelya-pylesosov-vc-6hhh","status":"publish","type":"product","link":"https:\/\/karchershop.az\/az\/home-garden\/aksessuary\/aksessuary-dlya-pylesososov\/filtr-zashhity-elektrodvigatelya-pylesosov-vc-6hhh","title":{"rendered":"Motor qoruyucu filtr VC 6\u0445\u0445\u0445"},"content":{"rendered":"<p>VC 6 100, VC 6 Premium tozsoranlar\u0131 \u00fc\u00e7\u00fcn motor m\u00fchafiz\u0259 filteri.<\/p>","protected":false},"excerpt":{"rendered":"<p>VC 6 100, VC 6 Premium tozsoranlar\u0131 \u00fc\u00e7\u00fcn motor m\u00fchafiz\u0259 filteri.<\/p>","protected":false},"featured_media":2881,"comment_status":"open","ping_status":"closed","template":"","meta":[],"product_cat":[15,569],"product_tag":[],"class_list":{"0":"post-2879","1":"product","2":"type-product","3":"status-publish","4":"has-post-thumbnail","6":"product_cat-home-garden","7":"product_cat-aksessuary-dlya-pylesososov","9":"first","10":"instock","11":"shipping-taxable","12":"purchasable","13":"product-type-simple"},"_links":{"self":[{"href":"https:\/\/karchershop.az\/az\/wp-json\/wp\/v2\/product\/2879","targetHints":{"allow":["GET"]}}],"collection":[{"href":"https:\/\/karchershop.az\/az\/wp-json\/wp\/v2\/product"}],"about":[{"href":"https:\/\/karchershop.az\/az\/wp-json\/wp\/v2\/types\/product"}],"replies":[{"embeddable":true,"href":"https:\/\/karchershop.az\/az\/wp-json\/wp\/v2\/comments?post=2879"}],"wp:featuredmedia":[{"embeddable":true,"href":"https:\/\/karchershop.az\/az\/wp-json\/wp\/v2\/media\/2881"}],"wp:attachment":[{"href":"https:\/\/karchershop.az\/az\/wp-json\/wp\/v2\/media?parent=2879"}],"wp:term":[{"taxonomy":"product_cat","embeddable":true,"href":"https:\/\/karchershop.az\/az\/wp-json\/wp\/v2\/product_cat?post=2879"},{"taxonomy":"product_tag","embeddable":true,"href":"https:\/\/karchershop.az\/az\/wp-json\/wp\/v2\/product_tag?post=2879"}],"curies":[{"name":"wp","href":"https:\/\/api.w.org\/{rel}","templated":true}]}}