{"id":2894,"date":"2020-06-03T16:13:12","date_gmt":"2020-06-03T12:13:12","guid":{"rendered":"https:\/\/karchershop.az\/?post_type=product&#038;p=2894"},"modified":"2026-05-01T21:35:34","modified_gmt":"2026-05-01T17:35:34","slug":"dozhdevatel-krugovoj-rs-130-3","status":"publish","type":"product","link":"https:\/\/karchershop.az\/az\/home-garden\/oborudovanie-dlya-poliva\/dozhdevatel-krugovoj-rs-130-3","title":{"rendered":"Suvarma \u00e7il\u0259yicisi RS 130\/3"},"content":{"rendered":"<p>Suvarma \u00fc\u00e7\u00fcn dair\u0259vi \u00e7il\u0259yici RS 130\/3 - su \u00e7il\u0259m\u0259 \u00fcsulu il\u0259 suvarma zonas\u0131: 2 barda, suvarma diametri 11m, suvarma sah\u0259si 95 kv.m; 4 barda suvarma diametri 13m, suvarma sah\u0259si 133 kv.m. T\u0259r\u0259v\u0259z ba\u011flar\u0131n\u0131, \u00e7\u0259m\u0259nlikl\u0259ri v\u0259 ba\u011flar\u0131 suvarmaq \u00fc\u00e7\u00fcn Karcher su \u00e7il\u0259yici.<\/p>","protected":false},"excerpt":{"rendered":"<p>Suvarma sistemleri \u00fc\u00e7\u00fcn dair\u0259vi \u00e7il\u0259yici RS 130\/3. \u00c7il\u0259m\u0259 \u00fcsulu il\u0259 suvarma zonas\u0131: 2 barda, suvarma diametri 11m, suvarma sah\u0259si 95 kv.m;<\/p>","protected":false},"featured_media":2895,"comment_status":"open","ping_status":"closed","template":"","meta":[],"product_cat":[15,515],"product_tag":[],"class_list":{"0":"post-2894","1":"product","2":"type-product","3":"status-publish","4":"has-post-thumbnail","6":"product_cat-home-garden","7":"product_cat-oborudovanie-dlya-poliva","9":"first","10":"instock","11":"shipping-taxable","12":"purchasable","13":"product-type-simple"},"_links":{"self":[{"href":"https:\/\/karchershop.az\/az\/wp-json\/wp\/v2\/product\/2894","targetHints":{"allow":["GET"]}}],"collection":[{"href":"https:\/\/karchershop.az\/az\/wp-json\/wp\/v2\/product"}],"about":[{"href":"https:\/\/karchershop.az\/az\/wp-json\/wp\/v2\/types\/product"}],"replies":[{"embeddable":true,"href":"https:\/\/karchershop.az\/az\/wp-json\/wp\/v2\/comments?post=2894"}],"wp:featuredmedia":[{"embeddable":true,"href":"https:\/\/karchershop.az\/az\/wp-json\/wp\/v2\/media\/2895"}],"wp:attachment":[{"href":"https:\/\/karchershop.az\/az\/wp-json\/wp\/v2\/media?parent=2894"}],"wp:term":[{"taxonomy":"product_cat","embeddable":true,"href":"https:\/\/karchershop.az\/az\/wp-json\/wp\/v2\/product_cat?post=2894"},{"taxonomy":"product_tag","embeddable":true,"href":"https:\/\/karchershop.az\/az\/wp-json\/wp\/v2\/product_tag?post=2894"}],"curies":[{"name":"wp","href":"https:\/\/api.w.org\/{rel}","templated":true}]}}