{"id":2910,"date":"2020-06-03T16:23:56","date_gmt":"2020-06-03T12:23:56","guid":{"rendered":"https:\/\/karchershop.az\/?post_type=product&#038;p=2910"},"modified":"2026-05-01T21:35:35","modified_gmt":"2026-05-01T17:35:35","slug":"shtutser-g1-s-perehodom-na-g3-4-dlya-sistem-poliva","status":"publish","type":"product","link":"https:\/\/karchershop.az\/az\/home-garden\/oborudovanie-dlya-poliva\/shtutser-g1-s-perehodom-na-g3-4-dlya-sistem-poliva","title":{"rendered":"Tap adaptor with reducer G1"},"content":{"rendered":"<p>G1 ipi v\u0259 G3 \/ 4 ip \u00fc\u00e7\u00fcn adapter il\u0259 birl\u0259\u015fm\u0259. \u015elanqlar \u00fc\u00e7\u00fcn s\u00fcr\u0259tli ba\u011flay\u0131c\u0131lar\u0131 ba\u011flamaq \u00fc\u00e7\u00fcn.<\/p>","protected":false},"excerpt":{"rendered":"<p>G1 iplik daxili ipi olan ba\u015fl\u0131q v\u0259 G3 \/ 4 ip \u00fc\u00e7\u00fcn adapter. \u015elanqlar \u00fc\u00e7\u00fcn s\u00fcr\u0259tli ba\u011flay\u0131c\u0131lar\u0131 ba\u011flamaq \u00fc\u00e7\u00fcn suvarma sistemleri.<\/p>","protected":false},"featured_media":2911,"comment_status":"open","ping_status":"closed","template":"","meta":[],"product_cat":[15,515],"product_tag":[],"class_list":{"0":"post-2910","1":"product","2":"type-product","3":"status-publish","4":"has-post-thumbnail","6":"product_cat-home-garden","7":"product_cat-oborudovanie-dlya-poliva","9":"first","10":"instock","11":"shipping-taxable","12":"purchasable","13":"product-type-simple"},"_links":{"self":[{"href":"https:\/\/karchershop.az\/az\/wp-json\/wp\/v2\/product\/2910","targetHints":{"allow":["GET"]}}],"collection":[{"href":"https:\/\/karchershop.az\/az\/wp-json\/wp\/v2\/product"}],"about":[{"href":"https:\/\/karchershop.az\/az\/wp-json\/wp\/v2\/types\/product"}],"replies":[{"embeddable":true,"href":"https:\/\/karchershop.az\/az\/wp-json\/wp\/v2\/comments?post=2910"}],"wp:featuredmedia":[{"embeddable":true,"href":"https:\/\/karchershop.az\/az\/wp-json\/wp\/v2\/media\/2911"}],"wp:attachment":[{"href":"https:\/\/karchershop.az\/az\/wp-json\/wp\/v2\/media?parent=2910"}],"wp:term":[{"taxonomy":"product_cat","embeddable":true,"href":"https:\/\/karchershop.az\/az\/wp-json\/wp\/v2\/product_cat?post=2910"},{"taxonomy":"product_tag","embeddable":true,"href":"https:\/\/karchershop.az\/az\/wp-json\/wp\/v2\/product_tag?post=2910"}],"curies":[{"name":"wp","href":"https:\/\/api.w.org\/{rel}","templated":true}]}}