{"id":2912,"date":"2020-06-03T16:25:45","date_gmt":"2020-06-03T12:25:45","guid":{"rendered":"https:\/\/karchershop.az\/?post_type=product&#038;p=2912"},"modified":"2024-12-01T00:05:00","modified_gmt":"2024-11-30T20:05:00","slug":"komplekt-ploskogo-shlanga","status":"publish","type":"product","link":"https:\/\/karchershop.az\/az\/home-garden\/oborudovanie-dlya-poliva\/komplekt-ploskogo-shlanga","title":{"rendered":"D\u00fcz \u015flanq d\u0259sti"},"content":{"rendered":"<p>Al\u0259tl\u0259r olmadan b\u0259rkidilm\u0259k \u00fc\u00e7\u00fcn qanad vidas\u0131 il\u0259 t\u0259chiz olunmu\u015f paslanmayan poladdan haz\u0131rlanm\u0131\u015f \u015flanq s\u0131xac\u0131 (30 - 40 mm) olan elastik toxunmu\u015f \u015flanq. \u018fsas\u0259n sualt\u0131 nasoslardan istifad\u0259 ed\u0259r\u0259k b\u00f6y\u00fck h\u0259cmd\u0259 su \u00e7\u0259km\u0259k t\u00f6vsiy\u0259 olunur. 10 metrlik bir \u015flanq asanl\u0131qla b\u00fck\u00fcl\u00fcr v\u0259 bu v\u0259ziyy\u0259td\u0259 \u00e7ox yer tutmur. Maksimum i\u015f t\u0259zyiqi 5 bar.<\/p>","protected":false},"excerpt":{"rendered":"<p>Paslanmayan poladdan haz\u0131rlanm\u0131\u015f \u015flanq s\u0131xac\u0131 olan elastik toxunmu\u015f \u015flanq. Suvarma sistemleri sualt\u0131 nasoslar \u00fc\u00e7\u00fcn ideald\u0131r.<\/p>","protected":false},"featured_media":2913,"comment_status":"open","ping_status":"closed","template":"","meta":[],"product_cat":[15,515],"product_tag":[],"class_list":{"0":"post-2912","1":"product","2":"type-product","3":"status-publish","4":"has-post-thumbnail","6":"product_cat-home-garden","7":"product_cat-oborudovanie-dlya-poliva","9":"first","10":"instock","11":"shipping-taxable","12":"purchasable","13":"product-type-simple"},"_links":{"self":[{"href":"https:\/\/karchershop.az\/az\/wp-json\/wp\/v2\/product\/2912","targetHints":{"allow":["GET"]}}],"collection":[{"href":"https:\/\/karchershop.az\/az\/wp-json\/wp\/v2\/product"}],"about":[{"href":"https:\/\/karchershop.az\/az\/wp-json\/wp\/v2\/types\/product"}],"replies":[{"embeddable":true,"href":"https:\/\/karchershop.az\/az\/wp-json\/wp\/v2\/comments?post=2912"}],"wp:featuredmedia":[{"embeddable":true,"href":"https:\/\/karchershop.az\/az\/wp-json\/wp\/v2\/media\/2913"}],"wp:attachment":[{"href":"https:\/\/karchershop.az\/az\/wp-json\/wp\/v2\/media?parent=2912"}],"wp:term":[{"taxonomy":"product_cat","embeddable":true,"href":"https:\/\/karchershop.az\/az\/wp-json\/wp\/v2\/product_cat?post=2912"},{"taxonomy":"product_tag","embeddable":true,"href":"https:\/\/karchershop.az\/az\/wp-json\/wp\/v2\/product_tag?post=2912"}],"curies":[{"name":"wp","href":"https:\/\/api.w.org\/{rel}","templated":true}]}}