{"id":300,"date":"2020-04-27T11:05:47","date_gmt":"2020-04-27T07:05:47","guid":{"rendered":"https:\/\/karchershop.az\/?post_type=product&#038;p=300"},"modified":"2026-05-01T21:34:58","modified_gmt":"2026-05-01T17:34:58","slug":"k-4","status":"publish","type":"product","link":"https:\/\/karchershop.az\/az\/home-garden\/mojki-vysokogo-davleniya\/k-4","title":{"rendered":"Avtoyuma aparat\u0131 Karcher K4"},"content":{"rendered":"<p>Avtoyuma aparat\u0131 Karcher K4 mini yuyucusu evd\u0259ki v\u0259 ba\u011fdak\u0131kirl\u0259ri t\u0259mizl\u0259m\u0259k \u00fc\u00e7\u00fcn ideald\u0131r.Avtoyuma aparat\u0131 davaml\u0131 v\u0259 g\u00fccl\u00fc su il\u0259 soyudulan m\u00fch\u0259rrikl\u0259 t\u0259chiz edilmi\u015fdir. 130 bar maksimum t\u0259zyiq\u0259 malikdir. Quick Connect s\u00fcr\u0259tli qo\u015fulma sistemi v\u0259 6 metr y\u00fcks\u0259k t\u0259zyiqli bir \u015flanq il\u0259, bu mini yuma, m\u00fct\u0259madi olaraq orta h\u0259cmli \u00e7irkl\u0259ri \u00e7\u0131xarmaq \u00fc\u00e7\u00fcn haz\u0131rlanm\u0131\u015fd\u0131r. Vario Power (VPS) sprey borusu v\u0259 pal\u00e7\u0131q k\u0259sici ma\u015f\u0131nlar\u0131, ba\u011f \u00e7itl\u0259rini, velosipedl\u0259ri v\u0259 s. t\u0259mizl\u0259m\u0259k \u00fc\u00e7\u00fcn uygundur. Suyun t\u0259zyiqi, s\u0259thin t\u0259mizl\u0259nm\u0259sin\u0259 uy\u011fun olaraq VPS-i f\u0131rladaraq t\u0259nziml\u0259n\u0259 bil\u0259r. D\u00f6n\u0259r reaktiv pal\u00e7\u0131q k\u0259sici inadkar \u00e7irkl\u0259ri asanl\u0131qla aradan qald\u0131r\u0131r. Qura\u015fd\u0131r\u0131lm\u0131\u015f su filtri nasosu \u00e7irk hiss\u0259cikl\u0259rind\u0259n qoruyur. T\u0259zyiqli yuma aparat\u0131 1 saat \u0259rzind\u0259 30 m\u00b2 \u0259razid\u0259 t\u0259mizlik i\u015fl\u0259ri h\u0259yata ke\u00e7ir\u0259 bilir.Yuma aparat\u0131na daxildir: universal t\u0259mizl\u0259yici (1l).<\/p>","protected":false},"excerpt":{"rendered":"<p>Avtoyuma aparat\u0131 K 4 y\u00fcks\u0259k t\u0259zyiqli mini avtoyuma aparat\u0131 ba\u011f v\u0259 evd\u0259ki \u0259\u015fyalar\u0131n t\u0259mizliyi \u00fc\u00e7\u00fcn m\u00fck\u0259mm\u0259l h\u0259ll\u0259r t\u0259qdim edir. Su soyutma m\u00fch\u0259rriki var. K\u00e4rcher avtoyuma aparat\u0131 intensiv \u00e7irkin t\u0259mizl\u0259nm\u0259sind\u0259n z\u0259rif qay\u011f\u0131ya q\u0259d\u0259r ist\u0259nil\u0259n t\u0259mizl\u0259m\u0259 i\u015fi \u00fc\u00e7\u00fcn m\u00fck\u0259mm\u0259ldir. M\u00fch\u0259ndisl\u0259rimizin istedad\u0131, mini avtoyuma aparat\u0131 y\u00fcks\u0259k t\u0259zyiqli yuyucular \u00fc\u00e7\u00fcn \u0259n y\u00fcks\u0259k keyfiyy\u0259t t\u0259l\u0259bl\u0259ri v\u0259 t\u0259mizl\u0259yici avadanl\u0131\u011f\u0131n yarad\u0131lmas\u0131 sah\u0259sind\u0259 uzun ill\u0259r t\u0259cr\u00fcb\u0259si say\u0259sind\u0259 kirl\u0259 \u00f6rt\u00fclm\u00fc\u015f \u0259\u015fyalar yenid\u0259n q\u00fcsursuz \u015f\u0259kild\u0259 parlayacaq.<\/p>","protected":false},"featured_media":301,"comment_status":"open","ping_status":"closed","template":"","meta":[],"product_cat":[15,20],"product_tag":[252],"class_list":{"0":"post-300","1":"product","2":"type-product","3":"status-publish","4":"has-post-thumbnail","6":"product_cat-home-garden","7":"product_cat-mojki-vysokogo-davleniya","8":"product_tag-pressure-washers","10":"first","11":"outofstock","12":"shipping-taxable","13":"purchasable","14":"product-type-simple"},"_links":{"self":[{"href":"https:\/\/karchershop.az\/az\/wp-json\/wp\/v2\/product\/300","targetHints":{"allow":["GET"]}}],"collection":[{"href":"https:\/\/karchershop.az\/az\/wp-json\/wp\/v2\/product"}],"about":[{"href":"https:\/\/karchershop.az\/az\/wp-json\/wp\/v2\/types\/product"}],"replies":[{"embeddable":true,"href":"https:\/\/karchershop.az\/az\/wp-json\/wp\/v2\/comments?post=300"}],"wp:featuredmedia":[{"embeddable":true,"href":"https:\/\/karchershop.az\/az\/wp-json\/wp\/v2\/media\/301"}],"wp:attachment":[{"href":"https:\/\/karchershop.az\/az\/wp-json\/wp\/v2\/media?parent=300"}],"wp:term":[{"taxonomy":"product_cat","embeddable":true,"href":"https:\/\/karchershop.az\/az\/wp-json\/wp\/v2\/product_cat?post=300"},{"taxonomy":"product_tag","embeddable":true,"href":"https:\/\/karchershop.az\/az\/wp-json\/wp\/v2\/product_tag?post=300"}],"curies":[{"name":"wp","href":"https:\/\/api.w.org\/{rel}","templated":true}]}}