{"id":3084,"date":"2020-08-31T09:23:59","date_gmt":"2020-08-31T05:23:59","guid":{"rendered":"https:\/\/karchershop.az\/?post_type=product&#038;p=3084"},"modified":"2026-05-11T10:31:53","modified_gmt":"2026-05-11T06:31:53","slug":"fc-7-cordless","status":"publish","type":"product","link":"https:\/\/karchershop.az\/az\/home-garden\/tehnika-dlya-vlazhnoj-uborki-pola\/fc-7-cordless","title":{"rendered":"FC 7 CORDLESS"},"content":{"rendered":"<p>FC 7 Cordless n\u0259m d\u00f6\u015f\u0259m\u0259 t\u0259mizl\u0259yicisi h\u0259r hans\u0131 bir tipik quru v\u0259 n\u0259m \u00e7irki eyni zamanda toplay\u0131r. Bu, \u0259vv\u0259lc\u0259d\u0259n tozsoranlama ehtiyac\u0131n\u0131 aradan qald\u0131r\u0131r v\u0259 vaxta% 50-\u0259 q\u0259d\u0259r q\u0259na\u0259t edir **. 4 rolikli \u0259ks-f\u0131rlanan f\u0131r\u00e7alar\u0131n texnologiyas\u0131 cihaz\u0131n yer\u0259 s\u00fcr\u00fc\u015fm\u0259sini v\u0259 h\u0259r hans\u0131 bir \u00e7irkin effektiv t\u0259mizl\u0259nm\u0259si il\u0259 s\u00fcr\u0259tli t\u0259mizl\u0259nm\u0259ni t\u0259min edir v\u0259 x\u00fcsusi bir filtrsiz v\u0259 problemsiz yerd\u0259n sa\u00e7 y\u0131\u011f\u0131lmas\u0131na imkan verir. T\u0259mizl\u0259dikd\u0259n sonra, d\u00f6\u015f\u0259m\u0259 adi bir mop * istifad\u0259 etm\u0259kd\u0259n 20% daha t\u0259mizdir - divarlara q\u0259d\u0259r. Bu v\u0259ziyy\u0259td\u0259, \u00f6z\u00fcn\u00fczd\u0259n sonra a\u011f\u0131r bir vedr\u0259 g\u0259zdirm\u0259y\u0259 ehtiyac yoxdur - cihaz t\u0259miz v\u0259 \u00e7irkli su \u00fc\u00e7\u00fcn \u00e7\u0259nl\u0259rl\u0259 t\u0259chiz olunmu\u015fdur. \u00c7irkl\u0259 t\u0259mas olunmur: rulon f\u0131r\u00e7alar\u0131 t\u0259miz su il\u0259 davaml\u0131 n\u0259ml\u0259ndirilir v\u0259 \u00e7irkli su d\u0259rhal m\u00fcvafiq tanka y\u00f6n\u0259ldilir. Su istehlak\u0131 v\u0259 f\u0131r\u00e7an\u0131n f\u0131rlanma s\u00fcr\u0259ti d\u00f6\u015f\u0259m\u0259 \u00f6rt\u00fcy\u00fcn\u00fcn n\u00f6v\u00fcnd\u0259n as\u0131l\u0131 olaraq t\u0259nziml\u0259nir (2 rejim t\u0259qdim olunur, h\u0259m\u00e7inin inadkar \u00e7irkl\u0259ri aradan qald\u0131rmaq \u00fc\u00e7\u00fcn Boost funksiyas\u0131 verilir). Cihaz\u0131n bir batareyan\u0131n doldurulmas\u0131 il\u0259 i\u015fl\u0259m\u0259 m\u00fcdd\u0259ti 45 d\u0259qiq\u0259dir ki, bu da t\u0259xmin\u0259n bir t\u0259mizl\u0259nm\u0259 sah\u0259sin\u0259 cavab verir. 135 m\u00b2. Cihaz b\u00fct\u00fcn s\u0259rt d\u00f6\u015f\u0259m\u0259l\u0259rin t\u0259mizl\u0259nm\u0259si \u00fc\u00e7\u00fcn uy\u011fundur (keramik plit\u0259l\u0259r, parket, laminat, PVC, vinil v\u0259 s.).<\/p>","protected":false},"excerpt":{"rendered":"<p>D\u00f6\u015f\u0259m\u0259ni silm\u0259zd\u0259n \u0259vv\u0259l tozsoran \u00e7\u0131xarmaq art\u0131q laz\u0131m deyil: FC 7 n\u0259m d\u00f6\u015f\u0259m\u0259 t\u0259mizl\u0259yicisi b\u00fct\u00fcn adi n\u0259m v\u0259 quru \u00e7irkl\u0259ri eyni vaxtda t\u0259mizl\u0259yir v\u0259 vaxt\u0131n\u0131za % 50-\u0259 q\u0259d\u0259r q\u0259na\u0259t edir **.<\/p>","protected":false},"featured_media":11880,"comment_status":"open","ping_status":"closed","template":"","meta":[],"product_cat":[15,181],"product_tag":[267],"class_list":{"0":"post-3084","1":"product","2":"type-product","3":"status-publish","4":"has-post-thumbnail","6":"product_cat-home-garden","7":"product_cat-tehnika-dlya-vlazhnoj-uborki-pola","8":"product_tag-tehnika-dlya-vlazhnoj-uborki-pola","10":"first","11":"instock","12":"sale","13":"shipping-taxable","14":"purchasable","15":"product-type-simple"},"_links":{"self":[{"href":"https:\/\/karchershop.az\/az\/wp-json\/wp\/v2\/product\/3084","targetHints":{"allow":["GET"]}}],"collection":[{"href":"https:\/\/karchershop.az\/az\/wp-json\/wp\/v2\/product"}],"about":[{"href":"https:\/\/karchershop.az\/az\/wp-json\/wp\/v2\/types\/product"}],"replies":[{"embeddable":true,"href":"https:\/\/karchershop.az\/az\/wp-json\/wp\/v2\/comments?post=3084"}],"wp:featuredmedia":[{"embeddable":true,"href":"https:\/\/karchershop.az\/az\/wp-json\/wp\/v2\/media\/11880"}],"wp:attachment":[{"href":"https:\/\/karchershop.az\/az\/wp-json\/wp\/v2\/media?parent=3084"}],"wp:term":[{"taxonomy":"product_cat","embeddable":true,"href":"https:\/\/karchershop.az\/az\/wp-json\/wp\/v2\/product_cat?post=3084"},{"taxonomy":"product_tag","embeddable":true,"href":"https:\/\/karchershop.az\/az\/wp-json\/wp\/v2\/product_tag?post=3084"}],"curies":[{"name":"wp","href":"https:\/\/api.w.org\/{rel}","templated":true}]}}