{"id":311,"date":"2020-04-27T11:20:03","date_gmt":"2020-04-27T07:20:03","guid":{"rendered":"https:\/\/karchershop.az\/?post_type=product&#038;p=311"},"modified":"2026-04-08T17:46:58","modified_gmt":"2026-04-08T13:46:58","slug":"k-5-basic","status":"publish","type":"product","link":"https:\/\/karchershop.az\/az\/home-garden\/mojki-vysokogo-davleniya\/k-5-basic","title":{"rendered":"Yuyucu aparat K 5 Basic"},"content":{"rendered":"<p>Yuyucu aparat K 5 Basic orta s\u0259viyy\u0259li \u00e7irkl\u0259nm\u0259 \u00fc\u00e7\u00fcn, b\u00f6y\u00fck n\u0259qliyyat vasit\u0259l\u0259rini, da\u015f divarlar\u0131 v\u0259 ya velosipedl\u0259ri t\u0259mizl\u0259m\u0259k \u00fc\u00e7\u00fcn ideald\u0131r. Bu y\u00fcks\u0259k t\u0259zyiq t\u0259mizl\u0259yicisi g\u00fccl\u00fc su il\u0259 soyudulmu\u015f m\u00fch\u0259rrik, Quick Connect silah\u0131 v\u0259 8 metr y\u00fcks\u0259k t\u0259zyiqli bir \u015flanqla t\u0259chiz edilmi\u015fdir. D\u0259std\u0259 rahat t\u0259zyiq t\u0259nziml\u0259nm\u0259si v\u0259 h\u0259ssas s\u0259thl\u0259rin yum\u015faq t\u0259mizl\u0259nm\u0259si \u00fc\u00e7\u00fcn Vario Power sprey borusu (VPS), universal t\u0259mizl\u0259yici vasit\u0259 v\u0259 inadkar kirl\u0259ri \u00e7\u0131xarmaq \u00fc\u00e7\u00fcn pal\u00e7\u0131q k\u0259sici d\u0259 var. Moyka aparat\u0131 vahid su filtri nasosu qoruyur.<\/p>","protected":false},"excerpt":{"rendered":"<p>Yuyucu aparat K 5 Basic y\u00fcks\u0259k t\u0259zyiq yuyucusu inadkar kirl\u0259rl\u0259 m\u00fcbariz\u0259 aparan v\u0259 velosipedl\u0259ri v\u0259 ya avtomobill\u0259ri t\u0259mizl\u0259m\u0259k \u00fc\u00e7\u00fcn, h\u0259m\u00e7inin fasadlar, piyada yollar\u0131 v\u0259 \u0259traf \u0259razil\u0259ri qurmaq \u00fc\u00e7\u00fcn \u0259lveri\u015fli bir \u0259sas cihazd\u0131r.<\/p>","protected":false},"featured_media":312,"comment_status":"open","ping_status":"closed","template":"","meta":[],"product_cat":[15,20],"product_tag":[252],"class_list":{"0":"post-311","1":"product","2":"type-product","3":"status-publish","4":"has-post-thumbnail","6":"product_cat-home-garden","7":"product_cat-mojki-vysokogo-davleniya","8":"product_tag-pressure-washers","10":"first","11":"instock","12":"sale","13":"shipping-taxable","14":"purchasable","15":"product-type-simple"},"_links":{"self":[{"href":"https:\/\/karchershop.az\/az\/wp-json\/wp\/v2\/product\/311","targetHints":{"allow":["GET"]}}],"collection":[{"href":"https:\/\/karchershop.az\/az\/wp-json\/wp\/v2\/product"}],"about":[{"href":"https:\/\/karchershop.az\/az\/wp-json\/wp\/v2\/types\/product"}],"replies":[{"embeddable":true,"href":"https:\/\/karchershop.az\/az\/wp-json\/wp\/v2\/comments?post=311"}],"wp:featuredmedia":[{"embeddable":true,"href":"https:\/\/karchershop.az\/az\/wp-json\/wp\/v2\/media\/312"}],"wp:attachment":[{"href":"https:\/\/karchershop.az\/az\/wp-json\/wp\/v2\/media?parent=311"}],"wp:term":[{"taxonomy":"product_cat","embeddable":true,"href":"https:\/\/karchershop.az\/az\/wp-json\/wp\/v2\/product_cat?post=311"},{"taxonomy":"product_tag","embeddable":true,"href":"https:\/\/karchershop.az\/az\/wp-json\/wp\/v2\/product_tag?post=311"}],"curies":[{"name":"wp","href":"https:\/\/api.w.org\/{rel}","templated":true}]}}