{"id":319,"date":"2020-04-27T11:25:03","date_gmt":"2020-04-27T07:25:03","guid":{"rendered":"https:\/\/karchershop.az\/?post_type=product&#038;p=319"},"modified":"2026-05-01T21:34:59","modified_gmt":"2026-05-01T17:34:59","slug":"k-5-compact-eu","status":"publish","type":"product","link":"https:\/\/karchershop.az\/az\/home-garden\/mojki-vysokogo-davleniya\/k-5-compact-eu","title":{"rendered":"K 5 Compact EU"},"content":{"rendered":"<p>Karcher K 5 COMPACT EU, d\u00fcnya \u00e7ap\u0131nda tan\u0131nan bir marka olan Karcher t\u0259r\u0259find\u0259n istehsal edil\u0259n y\u00fcksek t\u0259zyiqli yuma cihaz\u0131 olaraq tan\u0131n\u0131r. Karcher'in \u0259n yeni avadanl\u0131qlar\u0131ndan olan K 5 COMPACT EU, m\u00fc\u015ft\u0259ril\u0259r\u0259 keyfiyy\u0259tli t\u0259mizlik t\u0259klif edir. karcher moyka aparati evl\u0259rd\u0259, ba\u011flarda, qarajlarda v\u0259 a\u00e7tomobill\u0259rd\u0259 istifad\u0259 \u00fc\u00e7\u00fcn haz\u0131rlanm\u0131\u015fd\u0131r G\u00fccl\u00fc motora malik Karcher K 5 COMPACT EU \u00e7\u0259tin ged\u0259n \u00e7irkl\u0259ri asanl\u0131qla t\u0259mizl\u0259yir. 145 bar t\u0259zyiq v\u0259 500 l\/saat de\u011feriyle, en \u00e7\u0259tin \u00e7irkl\u0259ri d\u0259 t\u0259mizl\u0259yir. Karcher K 5 COMPACT EU \u0259n b\u00f6y\u00fck avantaj\u0131 saxlama ve da\u015f\u0131mas\u0131n\u0131n rahat olmas\u0131d\u0131r. Bu yuyucu aparat istifad\u0259 zaman\u0131 s\u0259ssiz rejimd\u0259 oldu\u011fu \u00fc\u00e7\u00fcn \u0259traf\u0131n\u0131z\u0131 narahat etm\u0259y\u0259c\u0259k. Modern bir g\u00f6r\u00fcn\u00fc\u015f\u0259 malik olan bu yuyucu aparat her t\u0259rzd\u0259 ev ve ba\u011f\u00e7a dizayn\u0131na uy\u011fun g\u0259lir.\nKarcher K 5 COMPACT EU, y\u00fcks\u0259k performans\u0131, rahat istifad\u0259 v\u0259 da\u015f\u0131nmas\u0131 ile f\u0259rqli bir yuma aparati olaraq se\u00e7ilir. Bu yuma aparati ev ve ba\u011f, avtomobil, t\u0259mizliyi \u00fc\u00e7\u00fcn ideald\u0131r ve Karcher'in y\u00fcks\u0259k keyfiyy\u0259t standartlar\u0131na uy\u011fun olarak istehsal edilibdir.<\/p>","protected":false},"excerpt":{"rendered":"<p>\u0130nnovativ hortum saxlama sistemi il\u0259: K 5 Compact y\u00fcks\u0259k t\u0259zyiqli avadanl\u0131q da\u015f\u0131ma v\u0259 saxlama \u00fc\u00e7\u00fcn ideald\u0131r v\u0259  orta d\u0259r\u0259c\u0259d\u0259 \u00e7irkl\u0259ri t\u0259mizl\u0259m\u0259k \u00fc\u00e7\u00fcn uy\u011fundur. Sah\u0259 m\u0259hsuldarl\u0131\u011f\u0131 40 m2 \/ saatd\u0131r.<\/p>","protected":false},"featured_media":320,"comment_status":"open","ping_status":"closed","template":"","meta":[],"product_cat":[15,20],"product_tag":[252],"class_list":{"0":"post-319","1":"product","2":"type-product","3":"status-publish","4":"has-post-thumbnail","6":"product_cat-home-garden","7":"product_cat-mojki-vysokogo-davleniya","8":"product_tag-pressure-washers","10":"first","11":"outofstock","12":"shipping-taxable","13":"purchasable","14":"product-type-simple"},"_links":{"self":[{"href":"https:\/\/karchershop.az\/az\/wp-json\/wp\/v2\/product\/319","targetHints":{"allow":["GET"]}}],"collection":[{"href":"https:\/\/karchershop.az\/az\/wp-json\/wp\/v2\/product"}],"about":[{"href":"https:\/\/karchershop.az\/az\/wp-json\/wp\/v2\/types\/product"}],"replies":[{"embeddable":true,"href":"https:\/\/karchershop.az\/az\/wp-json\/wp\/v2\/comments?post=319"}],"wp:featuredmedia":[{"embeddable":true,"href":"https:\/\/karchershop.az\/az\/wp-json\/wp\/v2\/media\/320"}],"wp:attachment":[{"href":"https:\/\/karchershop.az\/az\/wp-json\/wp\/v2\/media?parent=319"}],"wp:term":[{"taxonomy":"product_cat","embeddable":true,"href":"https:\/\/karchershop.az\/az\/wp-json\/wp\/v2\/product_cat?post=319"},{"taxonomy":"product_tag","embeddable":true,"href":"https:\/\/karchershop.az\/az\/wp-json\/wp\/v2\/product_tag?post=319"}],"curies":[{"name":"wp","href":"https:\/\/api.w.org\/{rel}","templated":true}]}}