{"id":332,"date":"2020-04-27T11:47:47","date_gmt":"2020-04-27T07:47:47","guid":{"rendered":"https:\/\/karchershop.az\/?post_type=product&#038;p=332"},"modified":"2026-05-01T21:34:59","modified_gmt":"2026-05-01T17:34:59","slug":"k-5-compact-home","status":"publish","type":"product","link":"https:\/\/karchershop.az\/az\/home-garden\/mojki-vysokogo-davleniya\/k-5-compact-home","title":{"rendered":"K 5 Compact Home"},"content":{"rendered":"<p>K 5 COMPACT HOME - y\u00fcks\u0259k t\u0259zyiqli yuma ma\u015f\u0131n\u0131 olaraq tan\u0131n\u0131r v\u0259 evd\u0259 v\u0259 ya ba\u011flarda istifad\u0259 \u00fc\u00e7\u00fcn n\u0259z\u0259rd\u0259 tutulmu\u015fdur. Bu ma\u015f\u0131n, 2100 wattl\u0131q bir motora malikdir v\u0259 maksimum t\u0259zyiq s\u0259viyy\u0259si 145 bara q\u0259d\u0259r ola bil\u0259r. Karcher K5'in t\u0259mizl\u0259m\u0259 qabiliyy\u0259ti olduqca y\u00fcks\u0259kdir. 1 d\u0259qiq\u0259 \u0259rzind\u0259 500 l su s\u0259rf edir v\u0259 \u00e7\u0259tin l\u0259k\u0259l\u0259ri  s\u00fcr\u0259tl\u0259 t\u0259mizl\u0259yir. Yuma aparati, m\u00fcxt\u0259lif t\u0259mizlik i\u015fl\u0259ri \u00fc\u00e7\u00fcn haz\u0131rlanm\u0131\u015f m\u00fcxt\u0259lif x\u00fcsusiyy\u0259tl\u0259r\u0259 malikdir. H\u0259m\u00e7inin, bu moyka aparati m\u00fcxt\u0259lif s\u0259thl\u0259rin t\u0259mizl\u0259nm\u0259si \u00fc\u00e7\u00fcn yararl\u0131d\u0131r. Karcher K5, y\u00fcng\u00fcl ve asan  da\u015f\u0131nabil\u0259n bir qurulu\u015fa malikdir. Bu Karcher aparati, \u00fcz\u0259rind\u0259 olan t\u0259k\u0259rl\u0259r say\u0259sind\u0259 rahat \u015f\u0259kild\u0259 h\u0259r\u0259k\u0259t etdirilir ve q\u0131sa bir zamanda t\u0259mizlik g\u00f6r\u00fcl\u00fcr. N\u0259tic\u0259 olaraq, Karcher K5 y\u00fcks\u0259k t\u0259zyiqli y\u0131kama ma\u015f\u0131n\u0131, y\u00fcks\u0259k performansl\u0131 bir t\u0259mizl\u0259m\u0259 cihaz\u0131d\u0131r. M\u00fcxt\u0259lif n\u00f6v yuma aparatlari Alman markasi Karcher.az-da !<\/p>","protected":false},"excerpt":{"rendered":"<p>\u0130nnovativ hortum saxlama sistemi il\u0259: K 5 Compact y\u00fcks\u0259k t\u0259zyiqli avadanl\u0131q da\u015f\u0131ma v\u0259 saxlama \u00fc\u00e7\u00fcn ideald\u0131r v\u0259  orta d\u0259r\u0259c\u0259d\u0259 \u00e7irkl\u0259ri t\u0259mizl\u0259m\u0259k \u00fc\u00e7\u00fcn uy\u011fundur. Sah\u0259 m\u0259hsuldarl\u0131\u011f\u0131 40 m2 \/ saatd\u0131r.<\/p>","protected":false},"featured_media":333,"comment_status":"open","ping_status":"closed","template":"","meta":[],"product_cat":[15,20],"product_tag":[252],"class_list":{"0":"post-332","1":"product","2":"type-product","3":"status-publish","4":"has-post-thumbnail","6":"product_cat-home-garden","7":"product_cat-mojki-vysokogo-davleniya","8":"product_tag-pressure-washers","10":"first","11":"outofstock","12":"shipping-taxable","13":"purchasable","14":"product-type-simple"},"_links":{"self":[{"href":"https:\/\/karchershop.az\/az\/wp-json\/wp\/v2\/product\/332","targetHints":{"allow":["GET"]}}],"collection":[{"href":"https:\/\/karchershop.az\/az\/wp-json\/wp\/v2\/product"}],"about":[{"href":"https:\/\/karchershop.az\/az\/wp-json\/wp\/v2\/types\/product"}],"replies":[{"embeddable":true,"href":"https:\/\/karchershop.az\/az\/wp-json\/wp\/v2\/comments?post=332"}],"wp:featuredmedia":[{"embeddable":true,"href":"https:\/\/karchershop.az\/az\/wp-json\/wp\/v2\/media\/333"}],"wp:attachment":[{"href":"https:\/\/karchershop.az\/az\/wp-json\/wp\/v2\/media?parent=332"}],"wp:term":[{"taxonomy":"product_cat","embeddable":true,"href":"https:\/\/karchershop.az\/az\/wp-json\/wp\/v2\/product_cat?post=332"},{"taxonomy":"product_tag","embeddable":true,"href":"https:\/\/karchershop.az\/az\/wp-json\/wp\/v2\/product_tag?post=332"}],"curies":[{"name":"wp","href":"https:\/\/api.w.org\/{rel}","templated":true}]}}