{"id":349,"date":"2020-04-27T12:01:05","date_gmt":"2020-04-27T08:01:05","guid":{"rendered":"https:\/\/karchershop.az\/?post_type=product&#038;p=349"},"modified":"2026-05-01T21:34:59","modified_gmt":"2026-05-01T17:34:59","slug":"k-5-premium-full-control-home","status":"publish","type":"product","link":"https:\/\/karchershop.az\/az\/home-garden\/mojki-vysokogo-davleniya\/k-5-premium-full-control-home","title":{"rendered":"K 5 Premium Full Control Home"},"content":{"rendered":"<p>\u015elanq \u00e7arx\u0131 il\u0259 t\u0259chiz olunmu\u015f K 5 Premium Full control Plus Home, il\u0259 h\u0259r zaman h\u0259r hans\u0131 bir s\u0259th \u00fc\u00e7\u00fcn laz\u0131mi t\u0259zyiqi tapacaqs\u0131n\u0131z.  Jeti t\u0259nziml\u0259m\u0259k \u00fc\u00e7\u00fcn 3 d\u00fcyml\u00fck sprey borudan istifad\u0259 etm\u0259kl\u0259 daha asan olur. T\u0259zyiq, maksimum istifad\u0259 rahatl\u0131\u011f\u0131 \u00fc\u00e7\u00fcn + \/ - d\u00fcym\u0259l\u0259rind\u0259n istifad\u0259 ed\u0259r\u0259k birba\u015fa y\u00fcks\u0259k t\u0259zyiq tabancas\u0131nda t\u0259nziml\u0259nir. T\u0259mizl\u0259yici madd\u0259ni t\u0259tbiq etm\u0259k \u00fc\u00e7\u00fcn ba\u015fl\u0131\u011f\u0131  d\u0259yi\u015fdirm\u0259y\u0259 ehtiyac yoxdur. Rahat dayanacaq  m\u00f6vqeyi, i\u015fd\u0259ki q\u0131sa fasil\u0259l\u0259r zaman\u0131 silahla ba\u015fl\u0131q olan cihaz\u0131 birba\u015fa cihaz\u0131n \u00fcz\u0259rin\u0259 yerl\u0259\u015fdirm\u0259y\u0259 imkan verir. Teleskopik qolu ist\u0259nil\u0259n h\u00fcnd\u00fcrl\u00fcy\u0259 uy\u011funla\u015fman\u0131za imkan verir ki, bu da cihaz\u0131n yerd\u0259n yer\u0259 sad\u0259 h\u0259r\u0259k\u0259ti, h\u0259m d\u0259 yer q\u0259na\u0259t etm\u0259kl\u0259 praktik saxlama dem\u0259kdir. Plug\u2019n\u2019Clean sistemi t\u0259mizlik madd\u0259l\u0259rini  bir anda d\u0259yi\u015fdirm\u0259y\u0259 imkan verir. Cihaz\u0131n a\u015fa\u011f\u0131 a\u011f\u0131rl\u0131q m\u0259rk\u0259zi istifad\u0259 zaman\u0131 sabitlik \u0259lav\u0259 edir. T\u00f6vsiy\u0259 olunan istifad\u0259 sah\u0259si 40 m\u00b2 \/ saata q\u0259d\u0259r.<\/p>","protected":false},"excerpt":{"rendered":"<p>Ma\u015f\u0131n\u0131, da\u015f v\u0259 ya dig\u0259r fasadlar\u0131, habel\u0259 velosipedl\u0259ri yuyark\u0259n m\u00fcnt\u0259z\u0259m istifad\u0259 ed\u0259 bil\u0259rsiniz. K 5 Premium Full Control Plus Home - +\/ - d\u00fcym\u0259l\u0259ri v\u0259 LCD ekran\u0131 istifad\u0259 ed\u0259r\u0259k birba\u015fa silah \u00fcz\u0259rind\u0259 t\u0259zyiq\u0259 n\u0259zar\u0259t ed\u0259n y\u00fcks\u0259k t\u0259zyiq yuyucusudur.<\/p>","protected":false},"featured_media":351,"comment_status":"open","ping_status":"closed","template":"","meta":[],"product_cat":[15,20],"product_tag":[252],"class_list":{"0":"post-349","1":"product","2":"type-product","3":"status-publish","4":"has-post-thumbnail","6":"product_cat-home-garden","7":"product_cat-mojki-vysokogo-davleniya","8":"product_tag-pressure-washers","10":"first","11":"outofstock","12":"shipping-taxable","13":"product-type-simple"},"_links":{"self":[{"href":"https:\/\/karchershop.az\/az\/wp-json\/wp\/v2\/product\/349","targetHints":{"allow":["GET"]}}],"collection":[{"href":"https:\/\/karchershop.az\/az\/wp-json\/wp\/v2\/product"}],"about":[{"href":"https:\/\/karchershop.az\/az\/wp-json\/wp\/v2\/types\/product"}],"replies":[{"embeddable":true,"href":"https:\/\/karchershop.az\/az\/wp-json\/wp\/v2\/comments?post=349"}],"wp:featuredmedia":[{"embeddable":true,"href":"https:\/\/karchershop.az\/az\/wp-json\/wp\/v2\/media\/351"}],"wp:attachment":[{"href":"https:\/\/karchershop.az\/az\/wp-json\/wp\/v2\/media?parent=349"}],"wp:term":[{"taxonomy":"product_cat","embeddable":true,"href":"https:\/\/karchershop.az\/az\/wp-json\/wp\/v2\/product_cat?post=349"},{"taxonomy":"product_tag","embeddable":true,"href":"https:\/\/karchershop.az\/az\/wp-json\/wp\/v2\/product_tag?post=349"}],"curies":[{"name":"wp","href":"https:\/\/api.w.org\/{rel}","templated":true}]}}