{"id":352,"date":"2020-04-27T12:08:04","date_gmt":"2020-04-27T08:08:04","guid":{"rendered":"https:\/\/karchershop.az\/?post_type=product&#038;p=352"},"modified":"2024-12-23T09:48:30","modified_gmt":"2024-12-23T05:48:30","slug":"k-5-full-control","status":"publish","type":"product","link":"https:\/\/karchershop.az\/az\/home-garden\/mojki-vysokogo-davleniya\/k-5-full-control","title":{"rendered":"K 5 Full Control"},"content":{"rendered":"<p>Cihaz m\u00fcnt\u0259z\u0259m istifad\u0259si v\u0259 orta \u00e7irkl\u0259nmi\u015f hiss\u0259l\u0259rin t\u0259mizl\u0259nm\u0259si \u00fc\u00e7\u00fcn uy\u011fundur v\u0259 40 m\u00b2 \/ saat tutumunu t\u0259min edir. Full Control  y\u00fcks\u0259k t\u0259zyiqli aparatla ist\u0259nil\u0259n s\u0259th n\u00f6v\u00fc \u00fc\u00e7\u00fcn optimal t\u0259zyiqi asanl\u0131qla tapa bil\u0259rsiniz. T\u0259zyiq sprey boruda t\u0259nziml\u0259nir v\u0259 silaha daxil edilmi\u015f LED g\u00f6st\u0259rici \u00fcz\u0259rind\u0259 g\u00f6st\u0259rilir - maksimum n\u0259zar\u0259t \u00fc\u00e7\u00fcn. Y\u00fcks\u0259k t\u0259zyiq rejimind\u0259n t\u0259mizl\u0259yici vasit\u0259nin t\u0259tbiqi rejimin\u0259 ke\u00e7id sprey borunu d\u0259yi\u015fdirm\u0259d\u0259n h\u0259yata ke\u00e7irilir. Ayr\u0131ca, q\u0131sa fasil\u0259l\u0259r \u00fc\u00e7\u00fcn silah\u0131 cihaz\u0131n \u00fcz\u0259rin\u0259 sprey borusu il\u0259 yerl\u0259\u015fdir\u0259 bil\u0259rsiniz, burada daim \u0259linizin alt\u0131nda olacaq. T\u0259nziml\u0259n\u0259n teleskopik qolu rahat \u015f\u0259kild\u0259 ist\u0259nil\u0259n h\u00fcnd\u00fcrl\u00fcy\u0259 q\u0259d\u0259r uzada v\u0259 y\u0131\u011fcam saxlama \u00fc\u00e7\u00fcn geri \u00e7\u0259k\u0259 bil\u0259rsiniz. Plug 'n' Clean sistemini istifad\u0259 etm\u0259k asand\u0131r, t\u0259mizl\u0259yici madd\u0259nin qab\u0131n\u0131 yaln\u0131z bir h\u0259r\u0259k\u0259tl\u0259 d\u0259yi\u015fdirm\u0259y\u0259 v\u0259 qalan doldurma s\u0259viyy\u0259sini tez bir zamanda t\u0259yin etm\u0259y\u0259 imkan verir. Y\u00fcks\u0259k t\u0259zyiqli aparat\u0131n dig\u0259r f\u0259rqli c\u0259h\u0259tl\u0259ri a\u015fa\u011f\u0131 \u00e7\u0259ki m\u0259rk\u0259zi, aparata daha \u00e7ox dayan\u0131ql\u0131q v\u0259 praktik bir \u015flanq m\u00f6hk\u0259m dayaqd\u0131r. D\u0259st\u0259k, onu bir r\u0259f\u0259 v\u0259 ya avtomobilin daxilin\u0259 qoymaq \u00fc\u00e7\u00fcn qolunu qald\u0131rmaq laz\u0131m olduqda ikinci da\u015f\u0131y\u0131c\u0131 qol kimi d\u0259 istifad\u0259 edil\u0259 bil\u0259r.<\/p>","protected":false},"excerpt":{"rendered":"<p>Silahdak\u0131 t\u0259zyiq g\u00f6st\u0259ricisi olan y\u00fcks\u0259k t\u0259zyiq yuyucusu - m\u00fcxt\u0259lif s\u0259thl\u0259rd\u0259 y\u00fcks\u0259k t\u0259zyiqin d\u00fczg\u00fcn istifad\u0259si. K 5 Full Control - orta \u00e7irkl\u0259nm\u0259 \u00fc\u00e7\u00fcn ideal bir h\u0259ll, 40 m\u00b2-\u0259 q\u0259d\u0259r performans.<\/p>","protected":false},"featured_media":380,"comment_status":"open","ping_status":"closed","template":"","meta":[],"product_cat":[15,20],"product_tag":[252],"class_list":{"0":"post-352","1":"product","2":"type-product","3":"status-publish","4":"has-post-thumbnail","6":"product_cat-home-garden","7":"product_cat-mojki-vysokogo-davleniya","8":"product_tag-pressure-washers","10":"first","11":"outofstock","12":"shipping-taxable","13":"purchasable","14":"product-type-simple"},"_links":{"self":[{"href":"https:\/\/karchershop.az\/az\/wp-json\/wp\/v2\/product\/352","targetHints":{"allow":["GET"]}}],"collection":[{"href":"https:\/\/karchershop.az\/az\/wp-json\/wp\/v2\/product"}],"about":[{"href":"https:\/\/karchershop.az\/az\/wp-json\/wp\/v2\/types\/product"}],"replies":[{"embeddable":true,"href":"https:\/\/karchershop.az\/az\/wp-json\/wp\/v2\/comments?post=352"}],"wp:featuredmedia":[{"embeddable":true,"href":"https:\/\/karchershop.az\/az\/wp-json\/wp\/v2\/media\/380"}],"wp:attachment":[{"href":"https:\/\/karchershop.az\/az\/wp-json\/wp\/v2\/media?parent=352"}],"wp:term":[{"taxonomy":"product_cat","embeddable":true,"href":"https:\/\/karchershop.az\/az\/wp-json\/wp\/v2\/product_cat?post=352"},{"taxonomy":"product_tag","embeddable":true,"href":"https:\/\/karchershop.az\/az\/wp-json\/wp\/v2\/product_tag?post=352"}],"curies":[{"name":"wp","href":"https:\/\/api.w.org\/{rel}","templated":true}]}}