{"id":3597,"date":"2021-02-23T16:27:01","date_gmt":"2021-02-23T12:27:01","guid":{"rendered":"https:\/\/karchershop.az\/?post_type=product&#038;p=3597"},"modified":"2026-05-01T21:35:35","modified_gmt":"2026-05-01T17:35:35","slug":"vozduhoochistitel-af-100","status":"publish","type":"product","link":"https:\/\/karchershop.az\/az\/professional\/vozduhoochistitel\/vozduhoochistitel-af-100","title":{"rendered":"Air Purifier AF 100 H13"},"content":{"rendered":"<p>AF 100 *EU, 1.024-810.0,<\/p>","protected":false},"excerpt":{"rendered":"<p>100 m\u00b2-\u0259 q\u0259d\u0259r \u0259razil\u0259rd\u0259 optimal hava keyfiyy\u0259tini t\u0259min edir: 20 d\u0259qiq\u0259 \u0259rzind\u0259 havadak\u0131 b\u00fct\u00fcn hiss\u0259cikl\u0259rin 99,98%-ni tutur. Lazer sensorlu AF 100 mobil hava t\u0259mizl\u0259yicisi havan\u0131 bakteriyalardan, qoxulardan, allergenl\u0259rd\u0259n v\u0259 ya u\u00e7ucu \u00fczvi birl\u0259\u015fm\u0259l\u0259rd\u0259n t\u0259mizl\u0259m\u0259k \u00fc\u00e7\u00fcn 4 f\u0259rqli filter alternativi t\u0259klif edir. Avtomatik v\u0259 gec\u0259 rejimi m\u00f6vcuddur.<\/p>","protected":false},"featured_media":3608,"comment_status":"open","ping_status":"closed","template":"","meta":[],"product_cat":[543,15,573,19],"product_tag":[],"class_list":{"0":"post-3597","1":"product","2":"type-product","3":"status-publish","4":"has-post-thumbnail","6":"product_cat-vozduhoochistitel","7":"product_cat-home-garden","8":"product_cat-vozduhoochistitel-home-garden","9":"product_cat-professional","11":"first","12":"outofstock","13":"shipping-taxable","14":"purchasable","15":"product-type-simple"},"_links":{"self":[{"href":"https:\/\/karchershop.az\/az\/wp-json\/wp\/v2\/product\/3597","targetHints":{"allow":["GET"]}}],"collection":[{"href":"https:\/\/karchershop.az\/az\/wp-json\/wp\/v2\/product"}],"about":[{"href":"https:\/\/karchershop.az\/az\/wp-json\/wp\/v2\/types\/product"}],"replies":[{"embeddable":true,"href":"https:\/\/karchershop.az\/az\/wp-json\/wp\/v2\/comments?post=3597"}],"wp:featuredmedia":[{"embeddable":true,"href":"https:\/\/karchershop.az\/az\/wp-json\/wp\/v2\/media\/3608"}],"wp:attachment":[{"href":"https:\/\/karchershop.az\/az\/wp-json\/wp\/v2\/media?parent=3597"}],"wp:term":[{"taxonomy":"product_cat","embeddable":true,"href":"https:\/\/karchershop.az\/az\/wp-json\/wp\/v2\/product_cat?post=3597"},{"taxonomy":"product_tag","embeddable":true,"href":"https:\/\/karchershop.az\/az\/wp-json\/wp\/v2\/product_tag?post=3597"}],"curies":[{"name":"wp","href":"https:\/\/api.w.org\/{rel}","templated":true}]}}