{"id":3686,"date":"2021-04-09T17:20:29","date_gmt":"2021-04-09T13:20:29","guid":{"rendered":"https:\/\/karchershop.az\/?post_type=product&#038;p=3686"},"modified":"2026-05-01T21:35:36","modified_gmt":"2026-05-01T17:35:36","slug":"pila-cns-18-30-battery","status":"publish","type":"product","link":"https:\/\/karchershop.az\/az\/home-garden\/sadovaya-tehnika-home-garden\/pila-cns-18-30-battery","title":{"rendered":"CNS 18-30 BATTERY"},"content":{"rendered":"<p>Z\u0259ncirli mi\u015far a\u015fa\u011f\u0131 \u00e7\u0259kisi v\u0259 optimal tutacaq uzunlu\u011fu say\u0259sind\u0259 K\u00e4rcherin CNS 18-30 Akkumulyatorlu z\u0259ncirli mi\u015far\u0131 m\u00fcxt\u0259lif a\u011faclara qulluq i\u015fl\u0259ri \u00fc\u00e7\u00fcn ideald\u0131r. Z\u0259ncirin y\u00fcks\u0259k s\u00fcr\u0259ti tez v\u0259 asan k\u0259silm\u0259sini t\u0259min edir. Z\u0259ncirin h\u0259r\u0259k\u0259ti v\u0259 avtomatik ya\u011flanmas\u0131 mi\u015fara qullu\u011fu  xeyli asanla\u015fd\u0131r\u0131r, z\u0259ncir \u0259yl\u0259ci v\u0259 buraxma sisteminin birl\u0259\u015fm\u0259si is\u0259 maksimum t\u0259hl\u00fck\u0259sizliyi t\u0259min edir, z\u0259ncirin dayand\u0131r\u0131laraq bloklanmas\u0131 sistemi, tamamil\u0259 t\u0259hl\u00fck\u0259sizliyi t\u0259min edir. \nQutuya al\u0259tin \u00f6z\u00fc, mi\u015far z\u0259nciri, qoruyucu \u00f6rt\u00fck v\u0259 ya\u011f qab\u0131 daxildir.<\/p>","protected":false},"excerpt":{"rendered":"<p>Z\u0259ncirli mi\u015far CNS 18-30 Battery istifad\u0259si asan, universal al\u0259t, a\u011faclara qulluq \u00fc\u00e7\u00fcn m\u00fck\u0259mm\u0259l vasit\u0259dir: y\u00fcng\u00fcl akkumlatorlu CNS 18-30 Battery mi\u015far\u0131 z\u0259ncir vasit\u0259si il\u0259 i\u015fl\u0259yir, ba\u015fqa he\u00e7 bir cihaza entiyac qalm\u0131r.<\/p>","protected":false},"featured_media":3691,"comment_status":"open","ping_status":"closed","template":"","meta":[],"product_cat":[546,15],"product_tag":[],"class_list":{"0":"post-3686","1":"product","2":"type-product","3":"status-publish","4":"has-post-thumbnail","6":"product_cat-sadovaya-tehnika-home-garden","7":"product_cat-home-garden","9":"first","10":"outofstock","11":"shipping-taxable","12":"purchasable","13":"product-type-simple"},"_links":{"self":[{"href":"https:\/\/karchershop.az\/az\/wp-json\/wp\/v2\/product\/3686","targetHints":{"allow":["GET"]}}],"collection":[{"href":"https:\/\/karchershop.az\/az\/wp-json\/wp\/v2\/product"}],"about":[{"href":"https:\/\/karchershop.az\/az\/wp-json\/wp\/v2\/types\/product"}],"replies":[{"embeddable":true,"href":"https:\/\/karchershop.az\/az\/wp-json\/wp\/v2\/comments?post=3686"}],"wp:featuredmedia":[{"embeddable":true,"href":"https:\/\/karchershop.az\/az\/wp-json\/wp\/v2\/media\/3691"}],"wp:attachment":[{"href":"https:\/\/karchershop.az\/az\/wp-json\/wp\/v2\/media?parent=3686"}],"wp:term":[{"taxonomy":"product_cat","embeddable":true,"href":"https:\/\/karchershop.az\/az\/wp-json\/wp\/v2\/product_cat?post=3686"},{"taxonomy":"product_tag","embeddable":true,"href":"https:\/\/karchershop.az\/az\/wp-json\/wp\/v2\/product_tag?post=3686"}],"curies":[{"name":"wp","href":"https:\/\/api.w.org\/{rel}","templated":true}]}}