{"id":3906,"date":"2021-12-15T12:05:03","date_gmt":"2021-12-15T08:05:03","guid":{"rendered":"https:\/\/karchershop.az\/?post_type=product&#038;p=3906"},"modified":"2026-05-01T21:35:38","modified_gmt":"2026-05-01T17:35:38","slug":"k-4-power-control","status":"publish","type":"product","link":"https:\/\/karchershop.az\/az\/home-garden\/mojki-vysokogo-davleniya\/k-4-power-control","title":{"rendered":"K 4 POWER CONTROL"},"content":{"rendered":"<p>\u0410\u043f\u043f\u0430\u0440\u0430\u0442 \u0432\u044b\u0441\u043e\u043a\u043e\u0433\u043e \u0434\u0430\u0432\u043b\u0435\u043d\u0438\u044f K 4 Power Control \u043f\u043e\u0437\u0432\u043e\u043b\u044f\u0435\u0442 \u0441\u0432\u043e\u0435\u043c\u0443 \u0432\u043b\u0430\u0434\u0435\u043b\u044c\u0446\u0443 \u043e\u0447\u0435\u043d\u044c \u043b\u0435\u0433\u043a\u043e \u0437\u0430\u0434\u0430\u0432\u0430\u0442\u044c \u0434\u0430\u0432\u043b\u0435\u043d\u0438\u0435, \u043f\u043e\u0434\u0445\u043e\u0434\u044f\u0449\u0435\u0435 \u0434\u043b\u044f \u043e\u0447\u0438\u0441\u0442\u043a\u0438 \u043a\u043e\u043d\u043a\u0440\u0435\u0442\u043d\u043e\u0433\u043e \u043e\u0431\u044a\u0435\u043a\u0442\u0430. \u0418 \u0441\u0442\u043e\u043b\u044c \u0436\u0435 \u043b\u0435\u0433\u043a\u043e \u043e\u043f\u0440\u0435\u0434\u0435\u043b\u044f\u0442\u044c \u0435\u0433\u043e: \u043c\u043e\u0431\u0438\u043b\u044c\u043d\u044b\u0439 \u043f\u043e\u043c\u043e\u0449\u043d\u0438\u043a \u0438\u0437 \u043f\u0440\u0438\u043b\u043e\u0436\u0435\u043d\u0438\u044f K\u00e4rcher Home &amp; Garden \u0434\u0430\u0435\u0442 \u043f\u0440\u0430\u043a\u0442\u0438\u0447\u043d\u044b\u0435 \u0441\u043e\u0432\u0435\u0442\u044b \u0438 \u0440\u0435\u043a\u043e\u043c\u0435\u043d\u0434\u0430\u0446\u0438\u0438 \u043f\u043e \u0432\u044b\u0431\u043e\u0440\u0443 \u0440\u0435\u0436\u0438\u043c\u043e\u0432, \u043e\u043f\u0442\u0438\u043c\u0430\u043b\u044c\u043d\u044b\u0445 \u0434\u043b\u044f \u0440\u0430\u0437\u043d\u044b\u0445 \u043f\u043e\u0432\u0435\u0440\u0445\u043d\u043e\u0441\u0442\u0435\u0439 \u0438 \u0432\u0438\u0434\u043e\u0432 \u0437\u0430\u0433\u0440\u044f\u0437\u043d\u0435\u043d\u0438\u0439. \u041a\u0440\u043e\u043c\u0435 \u043d\u0435\u0433\u043e, \u043f\u0440\u0438\u043b\u043e\u0436\u0435\u043d\u0438\u0435 \u043f\u0440\u0435\u0434\u043b\u0430\u0433\u0430\u0435\u0442 \u0438 \u0434\u0440\u0443\u0433\u0438\u0435 \u043f\u043e\u043b\u0435\u0437\u043d\u044b\u0435 \u0444\u0443\u043d\u043a\u0446\u0438\u0438: \u0438\u043d\u0441\u0442\u0440\u0443\u043a\u0446\u0438\u0438 \u043f\u043e \u0441\u0431\u043e\u0440\u043a\u0435 \u0438 \u043e\u0431\u0441\u043b\u0443\u0436\u0438\u0432\u0430\u043d\u0438\u044e \u0430\u043f\u043f\u0430\u0440\u0430\u0442\u0430 \u0438 \u0441\u0432\u044f\u0437\u044c \u0441 \u0441\u0435\u0440\u0432\u0438\u0441\u043d\u044b\u043c \u043f\u043e\u0440\u0442\u0430\u043b\u043e\u043c K\u00e4rcher. \u041f\u043e\u0441\u043b\u0435 \u043e\u043f\u0440\u0435\u0434\u0435\u043b\u0435\u043d\u0438\u044f \u043f\u043e\u0434\u0445\u043e\u0434\u044f\u0449\u0435\u0439 \u0441\u0442\u0443\u043f\u0435\u043d\u0438 \u0434\u0430\u0432\u043b\u0435\u043d\u0438\u044f \u0441\u043e\u043e\u0442\u0432\u0435\u0442\u0441\u0442\u0432\u0443\u044e\u0449\u0438\u0439 \u0440\u0435\u0436\u0438\u043c \u0432\u044b\u0431\u0438\u0440\u0430\u0435\u0442\u0441\u044f \u043f\u0440\u043e\u0441\u0442\u044b\u043c \u043f\u043e\u0432\u043e\u0440\u043e\u0442\u043e\u043c \u043d\u0430\u043a\u043e\u043d\u0435\u0447\u043d\u0438\u043a\u0430 \u0441\u0442\u0440\u0443\u0439\u043d\u043e\u0439 \u0442\u0440\u0443\u0431\u043a\u0438 \u0438 \u043a\u043e\u043d\u0442\u0440\u043e\u043b\u0438\u0440\u0443\u0435\u0442\u0441\u044f \u043d\u0430 \u0434\u0438\u0441\u043f\u043b\u0435\u0435 \u043f\u0438\u0441\u0442\u043e\u043b\u0435\u0442\u0430 G 160 Q Power Control. \u0410\u043f\u043f\u0430\u0440\u0430\u0442 K 4 Power Control \u0432\u043f\u0435\u0447\u0430\u0442\u043b\u044f\u0435\u0442 \u0442\u0430\u043a\u0436\u0435 \u0441\u0438\u0441\u0442\u0435\u043c\u043e\u0439 Plug \u2019n\u2019 Clean, \u043f\u043e\u0437\u0432\u043e\u043b\u044f\u044e\u0449\u0435\u0439 \u043b\u0435\u0433\u043a\u043e \u0447\u0435\u0440\u0435\u0434\u043e\u0432\u0430\u0442\u044c \u0440\u0430\u0437\u043d\u044b\u0435 \u0447\u0438\u0441\u0442\u044f\u0449\u0438\u0435 \u0441\u0440\u0435\u0434\u0441\u0442\u0432\u0430, \u0442\u0435\u043b\u0435\u0441\u043a\u043e\u043f\u0438\u0447\u0435\u0441\u043a\u043e\u0439 \u0440\u0443\u0447\u043a\u043e\u0439 \u0434\u043b\u044f \u0443\u0434\u043e\u0431\u043d\u043e\u0433\u043e \u043f\u0435\u0440\u0435\u043c\u0435\u0449\u0435\u043d\u0438\u044f \u0438 \u0432\u043e\u0437\u043c\u043e\u0436\u043d\u043e\u0441\u0442\u044c\u044e \u00ab\u043f\u0430\u0440\u043a\u043e\u0432\u043a\u0438\u00bb \u043d\u0430 \u0432\u0440\u0435\u043c\u044f \u043f\u0435\u0440\u0435\u0440\u044b\u0432\u043e\u0432 \u0432 \u0440\u0430\u0431\u043e\u0442\u0435.<\/p>","protected":false},"excerpt":{"rendered":"<p>Karcher t\u0259zyiqli yuma aparatlari d\u00fcnya miqyas\u0131nda \u0259n \u00e7ox se\u00e7il\u0259n markalardan biridir. K\u00e4rcher Home &amp; Garden proqram\u0131na mobil k\u00f6m\u0259k\u00e7i \u00fc\u00e7\u00fcn d\u0259st\u0259k daxildir: G 160 Q Power Control tapan\u00e7as\u0131 v\u0259 sprey ba\u015fl\u0131qlar\u0131 il\u0259 K 4 Power Control y\u00fcks\u0259k t\u0259zyiqli t\u0259mizl\u0259yici<\/p>","protected":false},"featured_media":3992,"comment_status":"open","ping_status":"closed","template":"","meta":[],"product_cat":[15,20],"product_tag":[],"class_list":{"0":"post-3906","1":"product","2":"type-product","3":"status-publish","4":"has-post-thumbnail","6":"product_cat-home-garden","7":"product_cat-mojki-vysokogo-davleniya","9":"first","10":"outofstock","11":"shipping-taxable","12":"purchasable","13":"product-type-simple"},"_links":{"self":[{"href":"https:\/\/karchershop.az\/az\/wp-json\/wp\/v2\/product\/3906","targetHints":{"allow":["GET"]}}],"collection":[{"href":"https:\/\/karchershop.az\/az\/wp-json\/wp\/v2\/product"}],"about":[{"href":"https:\/\/karchershop.az\/az\/wp-json\/wp\/v2\/types\/product"}],"replies":[{"embeddable":true,"href":"https:\/\/karchershop.az\/az\/wp-json\/wp\/v2\/comments?post=3906"}],"wp:featuredmedia":[{"embeddable":true,"href":"https:\/\/karchershop.az\/az\/wp-json\/wp\/v2\/media\/3992"}],"wp:attachment":[{"href":"https:\/\/karchershop.az\/az\/wp-json\/wp\/v2\/media?parent=3906"}],"wp:term":[{"taxonomy":"product_cat","embeddable":true,"href":"https:\/\/karchershop.az\/az\/wp-json\/wp\/v2\/product_cat?post=3906"},{"taxonomy":"product_tag","embeddable":true,"href":"https:\/\/karchershop.az\/az\/wp-json\/wp\/v2\/product_tag?post=3906"}],"curies":[{"name":"wp","href":"https:\/\/api.w.org\/{rel}","templated":true}]}}