{"id":4078,"date":"2022-02-10T14:09:53","date_gmt":"2022-02-10T10:09:53","guid":{"rendered":"https:\/\/karchershop.az\/?post_type=product&#038;p=4078"},"modified":"2026-05-01T21:35:38","modified_gmt":"2026-05-01T17:35:38","slug":"k-4-universal-edition","status":"publish","type":"product","link":"https:\/\/karchershop.az\/az\/home-garden\/mojki-vysokogo-davleniya\/k-4-universal-edition","title":{"rendered":"K 4 UNIVERSAL EDITION"},"content":{"rendered":"<p>K\u00e4rcher y\u00fcks\u0259k t\u0259zyiqli t\u0259mizl\u0259yici K 4 Universal Edition h\u0259m normal, h\u0259m d\u0259 kifay\u0259t q\u0259d\u0259r inadkar kirl\u0259ri m\u00fcnt\u0259z\u0259m t\u0259mizl\u0259m\u0259k \u00fc\u00e7\u00fcn ideal se\u00e7imdir. Y\u00fcks\u0259k t\u0259zyiqli yuma aparat\u0131 avtomobil kuzovlar\u0131ndan, evin v\u0259 ba\u011f\u00e7an\u0131n m\u00fcxt\u0259lif \u00f6l\u00e7\u00fcl\u00fc s\u0259thl\u0259rind\u0259n asanl\u0131qla kiri t\u0259mizl\u0259y\u0259 bil\u0259r. Y\u00fcks\u0259k t\u0259zyiqli yuma aparat\u0131 K 4 Universal Edition silah, 6 m y\u00fcks\u0259k t\u0259zyiq \u015flanq\u0131, Vario Power reaktiv \u015flanq\u0131, f\u0131rlanan pinpoint jet il\u0259 inadkar kirl\u0259ri t\u0259mizl\u0259m\u0259k \u00fc\u00e7\u00fcn pal\u00e7\u0131q k\u0259sici v\u0259 nasosu kir hiss\u0259cikl\u0259rind\u0259n qorumaq \u00fc\u00e7\u00fcn su filtri il\u0259 t\u0259chiz edilmi\u015fdir.<\/p>","protected":false},"excerpt":{"rendered":"<p>Y\u00fcks\u0259k t\u0259zyiqli yuma aparat\u0131 K 4 Universal Edition ev v\u0259 ba\u011f\u0131n t\u0259mizliyi \u00fc\u00e7\u00fcn m\u00fck\u0259mm\u0259l h\u0259ll\u0259r t\u0259qdim edir.<\/p>","protected":false},"featured_media":4086,"comment_status":"open","ping_status":"closed","template":"","meta":[],"product_cat":[15,20],"product_tag":[252],"class_list":{"0":"post-4078","1":"product","2":"type-product","3":"status-publish","4":"has-post-thumbnail","6":"product_cat-home-garden","7":"product_cat-mojki-vysokogo-davleniya","8":"product_tag-pressure-washers","10":"first","11":"instock","12":"shipping-taxable","13":"purchasable","14":"product-type-simple"},"_links":{"self":[{"href":"https:\/\/karchershop.az\/az\/wp-json\/wp\/v2\/product\/4078","targetHints":{"allow":["GET"]}}],"collection":[{"href":"https:\/\/karchershop.az\/az\/wp-json\/wp\/v2\/product"}],"about":[{"href":"https:\/\/karchershop.az\/az\/wp-json\/wp\/v2\/types\/product"}],"replies":[{"embeddable":true,"href":"https:\/\/karchershop.az\/az\/wp-json\/wp\/v2\/comments?post=4078"}],"wp:featuredmedia":[{"embeddable":true,"href":"https:\/\/karchershop.az\/az\/wp-json\/wp\/v2\/media\/4086"}],"wp:attachment":[{"href":"https:\/\/karchershop.az\/az\/wp-json\/wp\/v2\/media?parent=4078"}],"wp:term":[{"taxonomy":"product_cat","embeddable":true,"href":"https:\/\/karchershop.az\/az\/wp-json\/wp\/v2\/product_cat?post=4078"},{"taxonomy":"product_tag","embeddable":true,"href":"https:\/\/karchershop.az\/az\/wp-json\/wp\/v2\/product_tag?post=4078"}],"curies":[{"name":"wp","href":"https:\/\/api.w.org\/{rel}","templated":true}]}}