{"id":4194,"date":"2022-04-25T16:00:04","date_gmt":"2022-04-25T12:00:04","guid":{"rendered":"https:\/\/karchershop.az\/?post_type=product&#038;p=4194"},"modified":"2026-05-01T21:35:39","modified_gmt":"2026-05-01T17:35:39","slug":"vc-6-cordles-my-home","status":"publish","type":"product","link":"https:\/\/karchershop.az\/az\/home-garden\/pylesosy\/akkumulyatornye-pylesosy\/vc-6-cordles-my-home","title":{"rendered":"VC 6 CORDLESS OURFAMILY"},"content":{"rendered":"<p>OurFamily VC 6 Simsiz tozsoranla evi t\u0259miz saxlamaq asand\u0131r. Bu erqonomik simsiz tozsoran tez zibil bo\u015faltma mexanizmi, G\u00fccl\u0259ndirm\u0259 funksiyas\u0131 v\u0259 qaranl\u0131q yerl\u0259rd\u0259 s\u0259m\u0259r\u0259li t\u0259mizl\u0259m\u0259 \u00fc\u00e7\u00fcn LED i\u015f\u0131ql\u0131 aktiv d\u00f6\u015f\u0259m\u0259 ba\u015fl\u0131\u011f\u0131 kimi \u00e7oxsayl\u0131 a\u011f\u0131ll\u0131 x\u00fcsusiyy\u0259tl\u0259r\u0259 malikdir. Simsiz tozsoran\u0131n dig\u0259r \u00fcst\u00fcnl\u00fckl\u0259rin\u0259 a\u015fa\u011f\u0131 s\u0259s-k\u00fcy s\u0259viyy\u0259l\u0259ri v\u0259 batareyan\u0131n v\u0259ziyy\u0259tini v\u0259 dig\u0259r mesajlar\u0131 g\u00f6st\u0259r\u0259n asan oxunan g\u00f6st\u0259rici daxildir. Bundan \u0259lav\u0259, simsiz tozsoran rahat ke\u00e7id kilidin\u0259 malikdir, onu daim bas\u0131b saxlamaq ehtiyac\u0131n\u0131 aradan qald\u0131r\u0131r. Simsiz tozsoran modelleri, simsiz tozsoran qiym\u0259tl\u0259ri s\u0259rf\u0259li \u015f\u0259rtl\u0259rl\u0259 Karcherd\u0259.<\/p>","protected":false},"excerpt":{"rendered":"<p>B\u00f6y\u00fck m\u0259nzill\u0259rd\u0259 v\u0259 ya evl\u0259rd\u0259 asan v\u0259 y\u00fcks\u0259k keyfiyy\u0259tli t\u0259mizl\u0259m\u0259 \u00fc\u00e7\u00fcn h\u0259ll: OurFamily VC 6 simsiz tozsoran t\u0259sir edici y\u00fcng\u00fcl \u00e7\u0259kisi, y\u00fcks\u0259k sorma g\u00fcc\u00fc v\u0259 torbas\u0131z filtrasiya sistemi il\u0259 bu simsiz tozsoran Karcher z\u0259man\u0259ti il\u0259 \u0259ld\u0259 edin.<\/p>","protected":false},"featured_media":4198,"comment_status":"open","ping_status":"closed","template":"","meta":[],"product_cat":[15,94],"product_tag":[],"class_list":{"0":"post-4194","1":"product","2":"type-product","3":"status-publish","4":"has-post-thumbnail","6":"product_cat-home-garden","7":"product_cat-akkumulyatornye-pylesosy","9":"first","10":"outofstock","11":"shipping-taxable","12":"purchasable","13":"product-type-simple"},"_links":{"self":[{"href":"https:\/\/karchershop.az\/az\/wp-json\/wp\/v2\/product\/4194","targetHints":{"allow":["GET"]}}],"collection":[{"href":"https:\/\/karchershop.az\/az\/wp-json\/wp\/v2\/product"}],"about":[{"href":"https:\/\/karchershop.az\/az\/wp-json\/wp\/v2\/types\/product"}],"replies":[{"embeddable":true,"href":"https:\/\/karchershop.az\/az\/wp-json\/wp\/v2\/comments?post=4194"}],"wp:featuredmedia":[{"embeddable":true,"href":"https:\/\/karchershop.az\/az\/wp-json\/wp\/v2\/media\/4198"}],"wp:attachment":[{"href":"https:\/\/karchershop.az\/az\/wp-json\/wp\/v2\/media?parent=4194"}],"wp:term":[{"taxonomy":"product_cat","embeddable":true,"href":"https:\/\/karchershop.az\/az\/wp-json\/wp\/v2\/product_cat?post=4194"},{"taxonomy":"product_tag","embeddable":true,"href":"https:\/\/karchershop.az\/az\/wp-json\/wp\/v2\/product_tag?post=4194"}],"curies":[{"name":"wp","href":"https:\/\/api.w.org\/{rel}","templated":true}]}}