{"id":4208,"date":"2022-04-25T17:07:27","date_gmt":"2022-04-25T13:07:27","guid":{"rendered":"https:\/\/karchershop.az\/?post_type=product&#038;p=4208"},"modified":"2026-05-01T21:35:39","modified_gmt":"2026-05-01T17:35:39","slug":"vc-6-premium-ourfamily","status":"publish","type":"product","link":"https:\/\/karchershop.az\/az\/home-garden\/pylesosy\/vertikalnye-pylesosy\/vc-6-premium-ourfamily","title":{"rendered":"VC 6 Cordless OurFamily"},"content":{"rendered":"<p>Tam h\u0259r\u0259k\u0259t azadl\u0131\u011f\u0131 il\u0259 birl\u0259\u015f\u0259n rahatl\u0131q: bizimFamily-nin VC 6 Simsiz  simsiz tozsoran\u0131 t\u0259mizliyi \u00e7ox sad\u0259 v\u0259 h\u0259tta xo\u015f t\u0259cr\u00fcb\u0259y\u0259 \u00e7evirir. Bu erqonomik ma\u015f\u0131n tez zibil bo\u015faltma mexanizmi, Boost funksiyas\u0131 v\u0259 qaranl\u0131q yerl\u0259rd\u0259 s\u0259m\u0259r\u0259li t\u0259mizl\u0259m\u0259 \u00fc\u00e7\u00fcn LED i\u015f\u0131ql\u0131 aktiv d\u00f6\u015f\u0259m\u0259 ba\u015fl\u0131\u011f\u0131 kimi \u00e7oxsayl\u0131 a\u011f\u0131ll\u0131 x\u00fcsusiyy\u0259tl\u0259r\u0259 malikdir. Dig\u0259r \u00fcst\u00fcnl\u00fckl\u0259r a\u015fa\u011f\u0131 s\u0259s-k\u00fcy s\u0259viyy\u0259l\u0259ri, nasazl\u0131q mesajlar\u0131n\u0131 da g\u00f6st\u0259r\u0259n ayd\u0131n batareya v\u0259ziyy\u0259ti g\u00f6st\u0259ricisi v\u0259 ayr\u0131ca filtr t\u0259mizl\u0259m\u0259 al\u0259tidir. Bundan \u0259lav\u0259, tozsoran ke\u00e7id d\u00fcym\u0259sini daim basmaq ehtiyac\u0131n\u0131 aradan qald\u0131ran rahat Caps Lock funksiyas\u0131na malikdir. Doldurma funksiyas\u0131 olan divar tutaca\u011f\u0131 cihaz\u0131 rahat \u015f\u0259kild\u0259 saxlama\u011fa v\u0259 onun batareyas\u0131n\u0131 doldurma\u011fa imkan verir. 25.2V batareya il\u0259 t\u0259chiz edilmi\u015f g\u00fccl\u00fc (250W) f\u0131r\u00e7as\u0131z DC m\u00fch\u0259rriki s\u0259m\u0259r\u0259li t\u0259mizl\u0259m\u0259ni t\u0259min edir. Bir \u015farjdan i\u015f m\u00fcdd\u0259ti 50 d\u0259qiq\u0259. X\u00fcsusi filtr t\u0259mizl\u0259m\u0259 al\u0259ti sad\u0259c\u0259 al\u0259ti v\u0259 t\u0259chiz olunmu\u015f ikinci hava giri\u015f filtrini taxmaqla filtri t\u0259mizl\u0259m\u0259yi \u00e7ox asanla\u015fd\u0131r\u0131r.<\/p>","protected":false},"excerpt":{"rendered":"<p>OurFamily-nin g\u00fccl\u00fc VC 6 Simsiz Premium Simsiz Tozsoran\u0131 \u00fcst\u00fcn n\u0259tic\u0259l\u0259rl\u0259 s\u0259ysiz t\u0259mizl\u0259m\u0259 t\u0259min edir. O, filtr t\u0259mizl\u0259m\u0259 al\u0259ti v\u0259 uzun m\u00fcdd\u0259t i\u015fl\u0259m\u0259k \u00fc\u00e7\u00fcn ikinci batareya il\u0259 g\u0259lir.<\/p>","protected":false},"featured_media":12085,"comment_status":"open","ping_status":"closed","template":"","meta":[],"product_cat":[15,93],"product_tag":[],"class_list":{"0":"post-4208","1":"product","2":"type-product","3":"status-publish","4":"has-post-thumbnail","6":"product_cat-home-garden","7":"product_cat-vertikalnye-pylesosy","9":"first","10":"outofstock","11":"shipping-taxable","12":"purchasable","13":"product-type-simple"},"_links":{"self":[{"href":"https:\/\/karchershop.az\/az\/wp-json\/wp\/v2\/product\/4208","targetHints":{"allow":["GET"]}}],"collection":[{"href":"https:\/\/karchershop.az\/az\/wp-json\/wp\/v2\/product"}],"about":[{"href":"https:\/\/karchershop.az\/az\/wp-json\/wp\/v2\/types\/product"}],"replies":[{"embeddable":true,"href":"https:\/\/karchershop.az\/az\/wp-json\/wp\/v2\/comments?post=4208"}],"wp:featuredmedia":[{"embeddable":true,"href":"https:\/\/karchershop.az\/az\/wp-json\/wp\/v2\/media\/12085"}],"wp:attachment":[{"href":"https:\/\/karchershop.az\/az\/wp-json\/wp\/v2\/media?parent=4208"}],"wp:term":[{"taxonomy":"product_cat","embeddable":true,"href":"https:\/\/karchershop.az\/az\/wp-json\/wp\/v2\/product_cat?post=4208"},{"taxonomy":"product_tag","embeddable":true,"href":"https:\/\/karchershop.az\/az\/wp-json\/wp\/v2\/product_tag?post=4208"}],"curies":[{"name":"wp","href":"https:\/\/api.w.org\/{rel}","templated":true}]}}