{"id":4243,"date":"2022-04-26T12:02:33","date_gmt":"2022-04-26T08:02:33","guid":{"rendered":"https:\/\/karchershop.az\/?post_type=product&#038;p=4243"},"modified":"2026-05-01T21:35:39","modified_gmt":"2026-05-01T17:35:39","slug":"plesos-dlya-zoli-ad-2","status":"publish","type":"product","link":"https:\/\/karchershop.az\/az\/home-garden\/hozyajstvennye-pylesosy\/plesos-dlya-zoli\/plesos-dlya-zoli-ad-2","title":{"rendered":"AD 2"},"content":{"rendered":"<p>\u00c7evik, etibarl\u0131, g\u00fccl\u00fc, d\u00f6z\u00fcml\u00fc v\u0259 istifad\u0259si rahat: 600 Vt-l\u0131q turbin\u0259 malik AD 2 k\u00fcl v\u0259 quru tullant\u0131 tozsoran\u0131 k\u00fcl\u00fcn t\u0259mizl\u0259nm\u0259sini u\u015faq oyunca\u011f\u0131na \u00e7evirir. AD 2 \u00f6z\u00fcn\u00fcn daimi y\u00fcks\u0259k sovurma g\u00fcc\u00fcn\u0259 g\u00f6r\u0259 daxili filtr t\u0259mizl\u0259m\u0259 sistemin\u0259 borcludur; bu sistem bir d\u00fcym\u0259y\u0259 basmaqla t\u0131xanm\u0131\u015f filtri asanl\u0131qla t\u0259mizl\u0259m\u0259y\u0259 v\u0259 bel\u0259likl\u0259, sovurma g\u00fcc\u00fcn\u00fc b\u0259rpa etm\u0259y\u0259 imkan verir. Etibarl\u0131 yast\u0131 qatlanm\u0131\u015f filtr v\u0259 kobud tullant\u0131lar \u00fc\u00e7\u00fcn metal filtrd\u0259n ibar\u0259t 1 elementli filtrasiya sistemi, h\u0259m\u00e7inin tullant\u0131 qab\u0131n\u0131n praktiki tutaca\u011f\u0131 say\u0259sind\u0259 \u00e7\u0259ni tez, asan v\u0259 \u00e7irkl\u0259 t\u0259mas etm\u0259d\u0259n bo\u015faltmaq m\u00fcmk\u00fcnd\u00fcr. Metal tullant\u0131 qab\u0131, elastik qatl\u0131 metal sovurma \u015flanq\u0131 v\u0259 y\u00fcks\u0259k keyfiyy\u0259tli yanmaz materiallar k\u00fcl y\u0131\u011fark\u0259n maksimum t\u0259hl\u00fck\u0259sizliy\u0259 z\u0259man\u0259t verir. Meyilli \u0259l borusu is\u0259 kaminin k\u00fcncl\u0259rind\u0259 v\u0259 \u00e7\u0259tin \u0259l\u00e7atan hiss\u0259l\u0259rind\u0259 bel\u0259 optimal rahatl\u0131q s\u0259viyy\u0259sini t\u0259min edir. Bel\u0259likl\u0259, b\u00fct\u00fcn k\u00fcl qal\u0131qs\u0131z t\u0259mizl\u0259nir. Kompakt konstruksiya tozsoran\u0131 saxlayark\u0259n yer\u0259 q\u0259na\u0259t etm\u0259y\u0259, x\u00fcsusi \"parklanma\" m\u00f6vqeyi is\u0259 q\u0131sa fasil\u0259l\u0259r zaman\u0131 sovurma \u015flanq\u0131n\u0131 rahat yerl\u0259\u015fdirm\u0259y\u0259 imkan verir.<\/p>","protected":false},"excerpt":{"rendered":"<p>Qura\u015fd\u0131r\u0131lm\u0131\u015f filtr t\u0259mizl\u0259m\u0259 sistemi, daimi y\u00fcks\u0259k emi\u015f g\u00fcc\u00fc v\u0259 14 l metal toz qutusu: kirl\u0259 t\u0259mas etm\u0259d\u0259n k\u00fcl\u00fcn etibarl\u0131 t\u0259mizl\u0259nm\u0259si \u00fc\u00e7\u00fcn g\u00fccl\u00fc k\u00fcl v\u0259 quru toz \u00e7\u0131xaran.<\/p>","protected":false},"featured_media":4249,"comment_status":"open","ping_status":"closed","template":"","meta":[],"product_cat":[15,547],"product_tag":[],"class_list":{"0":"post-4243","1":"product","2":"type-product","3":"status-publish","4":"has-post-thumbnail","6":"product_cat-home-garden","7":"product_cat-plesos-dlya-zoli","9":"first","10":"instock","11":"shipping-taxable","12":"purchasable","13":"product-type-simple"},"_links":{"self":[{"href":"https:\/\/karchershop.az\/az\/wp-json\/wp\/v2\/product\/4243","targetHints":{"allow":["GET"]}}],"collection":[{"href":"https:\/\/karchershop.az\/az\/wp-json\/wp\/v2\/product"}],"about":[{"href":"https:\/\/karchershop.az\/az\/wp-json\/wp\/v2\/types\/product"}],"replies":[{"embeddable":true,"href":"https:\/\/karchershop.az\/az\/wp-json\/wp\/v2\/comments?post=4243"}],"wp:featuredmedia":[{"embeddable":true,"href":"https:\/\/karchershop.az\/az\/wp-json\/wp\/v2\/media\/4249"}],"wp:attachment":[{"href":"https:\/\/karchershop.az\/az\/wp-json\/wp\/v2\/media?parent=4243"}],"wp:term":[{"taxonomy":"product_cat","embeddable":true,"href":"https:\/\/karchershop.az\/az\/wp-json\/wp\/v2\/product_cat?post=4243"},{"taxonomy":"product_tag","embeddable":true,"href":"https:\/\/karchershop.az\/az\/wp-json\/wp\/v2\/product_tag?post=4243"}],"curies":[{"name":"wp","href":"https:\/\/api.w.org\/{rel}","templated":true}]}}