{"id":4253,"date":"2022-04-26T12:35:29","date_gmt":"2022-04-26T08:35:29","guid":{"rendered":"https:\/\/karchershop.az\/?post_type=product&#038;p=4253"},"modified":"2026-05-01T21:35:40","modified_gmt":"2026-05-01T17:35:40","slug":"ad-2-battery-set","status":"publish","type":"product","link":"https:\/\/karchershop.az\/az\/home-garden\/hozyajstvennye-pylesosy\/plesos-dlya-zoli\/ad-2-battery-set","title":{"rendered":"AD 2 BATTERY SET"},"content":{"rendered":"<div id=\"description\" class=\"row\" data-anchor=\"\u041e\u043f\u0438\u0441\u0430\u043d\u0438\u0435\">\n<div class=\"col-sm-12\">\n<p>Bizim **AD 2 Battery** akkumulyatorlu k\u00fcl tozsoran\u0131m\u0131z kaminl\u0259rd\u0259n, pelet isitm\u0259 sisteml\u0259rind\u0259n v\u0259 ya k\u00f6m\u00fcr qrill\u0259rind\u0259n k\u00fcl\u00fc asan v\u0259 s\u00fcr\u0259tli \u015f\u0259kild\u0259 t\u0259mizl\u0259m\u0259y\u0259 imkan verir. Qura\u015fd\u0131r\u0131lm\u0131\u015f LCD ekranda i\u015f vaxt\u0131n\u0131 g\u00f6st\u0259r\u0259n \"Real Time\" texnologiyas\u0131na malik g\u00fccl\u00fc 18 V **K\u00e4rcher Battery Power** d\u0259yi\u015fdiril\u0259 bil\u0259n akkumulyatoru laz\u0131mi d\u00f6z\u00fcml\u00fcl\u00fcy\u00fc t\u0259min edir.\n\nBir d\u00fcym\u0259 il\u0259 filtri effektiv t\u0259mizl\u0259y\u0259n **ReBoost** funksiyas\u0131 kimi a\u011f\u0131ll\u0131 innovasiyalar say\u0259sind\u0259 h\u0259r zaman y\u00fcks\u0259k v\u0259 sabit sovurma g\u00fcc\u00fc z\u0259man\u0259t alt\u0131na al\u0131n\u0131r. \u0130ri \u00e7irkl\u0259r, k\u00fcl v\u0259 ya h\u0259tta x\u0131rda toz hiss\u0259cikl\u0259ri, maili tutacaq say\u0259sind\u0259 \u00e7\u0259tin \u0259ld\u0259 edil\u0259n yerl\u0259rd\u0259n bel\u0259 etibarl\u0131 \u015f\u0259kild\u0259 sorulur.\n\nMetal \u00f6rt\u00fckl\u00fc \u00e7evik sovurma \u015flanq\u0131 v\u0259 14 litrlik yan\u011f\u0131na davaml\u0131 \u00e7\u0259n maksimum t\u0259hl\u00fck\u0259sizliyi t\u0259min edir. Metal qabaqc\u0131l t\u0259mizl\u0259m\u0259 filtri il\u0259 birlikd\u0259 istifad\u0259 olunan davaml\u0131 yast\u0131 b\u00fczm\u0259li filtr say\u0259sind\u0259 \u00e7\u0131xan hava tozdan tam t\u0259mizl\u0259nir. \u0130\u015f bitdikd\u0259n sonra sovurma \u015flanq\u0131 sad\u0259c\u0259 cihaz\u0131n g\u00f6vd\u0259sind\u0259ki x\u00fcsusi yuvaya yerl\u0259\u015fdirilir v\u0259 h\u0259r \u015fey kompakt \u015f\u0259kild\u0259 saxlan\u0131l\u0131r.<\/p>\n<\/div>\n<\/div>\n<div id=\"featurebenefits\" data-anchor=\"\u041e\u0441\u043e\u0431\u0435\u043d\u043d\u043e\u0441\u0442\u0438 \u0438 \u043f\u0440\u0435\u0438\u043c\u0443\u0449\u0435\u0441\u0442\u0432\u0430\"><\/div>","protected":false},"excerpt":{"rendered":"<section id=\"ribbon\">\n<div class=\"container\">\n<div class=\"row\">\n<div class=\"col-sm-12 col-lg-9\">\n<p>Y\u00fcks\u0259k sovurma g\u00fcc\u00fc v\u0259 daxili ReBoost filtr t\u0259mizl\u0259m\u0259 funksiyas\u0131 il\u0259 t\u0259min olunmu\u015f, akkumulyatorla i\u015fl\u0259y\u0259n g\u00fccl\u00fc v\u0259 davaml\u0131 AD 2 Battery k\u00fcl t\u0259mizl\u0259y\u0259n tozsoran. Kamin v\u0259 barbek\u00fcl\u0259rin t\u0259mizl\u0259nm\u0259si \u00fc\u00e7\u00fcn m\u00fck\u0259mm\u0259l se\u00e7imdir.<\/p>\n<\/div>\n<\/div>\n<\/div>\n<\/section>\n<div class=\"fg-products-details-stage\" data-kjs-app=\"products\/details\/stage\" data-kjs-entityid=\"9\">\n<div data-kjs-view=\"main\">\n<section class=\"container\">\n<div class=\"row fc-stage\">\n<div class=\"col-sm-7 col-md-8 fc-left\">\n<div class=\"fc-media\">\n<div class=\"fg-content-carousel fg-carousel-wrapper swiper swiper-initialized swiper-horizontal swiper-watch-progress\" data-kjs-app=\"content\/carousel\" data-kjs-entityid=\"17\">\n<div id=\"swiper-wrapper-51d10ec8f11634a10e\" class=\"fc-carousel swiper-wrapper\" aria-live=\"polite\">\n<div class=\"fc-carousel-slide swiper-slide fc-image-loaded\" role=\"group\" data-kjs-slide=\"0\" aria-label=\"1 \/ 12\" data-swiper-slide-index=\"0\">\n<div class=\"fg-wishlist-control\" data-kjs-app=\"wishlist\/control\" data-kjs-entityid=\"18\">\n<div data-kjs-view=\"controls\"><\/div>\n<\/div>\n<\/div>\n<\/div>\n<\/div>\n<\/div>\n<\/div>\n<\/div>\n<\/section>\n<\/div>\n<\/div>","protected":false},"featured_media":4264,"comment_status":"open","ping_status":"closed","template":"","meta":[],"product_cat":[547],"product_tag":[],"class_list":{"0":"post-4253","1":"product","2":"type-product","3":"status-publish","4":"has-post-thumbnail","6":"product_cat-plesos-dlya-zoli","8":"first","9":"instock","10":"shipping-taxable","11":"purchasable","12":"product-type-simple"},"_links":{"self":[{"href":"https:\/\/karchershop.az\/az\/wp-json\/wp\/v2\/product\/4253","targetHints":{"allow":["GET"]}}],"collection":[{"href":"https:\/\/karchershop.az\/az\/wp-json\/wp\/v2\/product"}],"about":[{"href":"https:\/\/karchershop.az\/az\/wp-json\/wp\/v2\/types\/product"}],"replies":[{"embeddable":true,"href":"https:\/\/karchershop.az\/az\/wp-json\/wp\/v2\/comments?post=4253"}],"wp:featuredmedia":[{"embeddable":true,"href":"https:\/\/karchershop.az\/az\/wp-json\/wp\/v2\/media\/4264"}],"wp:attachment":[{"href":"https:\/\/karchershop.az\/az\/wp-json\/wp\/v2\/media?parent=4253"}],"wp:term":[{"taxonomy":"product_cat","embeddable":true,"href":"https:\/\/karchershop.az\/az\/wp-json\/wp\/v2\/product_cat?post=4253"},{"taxonomy":"product_tag","embeddable":true,"href":"https:\/\/karchershop.az\/az\/wp-json\/wp\/v2\/product_tag?post=4253"}],"curies":[{"name":"wp","href":"https:\/\/api.w.org\/{rel}","templated":true}]}}