{"id":4276,"date":"2022-04-27T10:59:31","date_gmt":"2022-04-27T06:59:31","guid":{"rendered":"https:\/\/karchershop.az\/?post_type=product&#038;p=4276"},"modified":"2026-05-01T21:35:40","modified_gmt":"2026-05-01T17:35:40","slug":"wd-1-battery-set-karcher","status":"publish","type":"product","link":"https:\/\/karchershop.az\/az\/home-garden\/hozyajstvennye-pylesosy\/hozyajstvenny-pylesos\/wd-1-battery-set-karcher","title":{"rendered":"WD 1 Compact Battery Set naqilsiz tozsoran"},"content":{"rendered":"<p>Naqilsiz Karcher tozsoran - Karcher WD 1 Y\u0131\u011fcam Batareya D\u0259sti da\u015f\u0131nma v\u0259 istifad\u0259 rahatl\u0131\u011f\u0131 \u00fc\u00e7\u00fcn n\u0259z\u0259rd\u0259 tutulmu\u015f toz v\u0259 su uducu cihazd\u0131r. Naqilsiz tozsoran \u00e7\u0259kisin\u0259 g\u00f6r\u0259 \u00e7ox y\u00fcng\u00fcld\u00fcr, \u00e7\u0259kisi c\u0259mi 2,4 kq, da\u015f\u0131nmas\u0131 asand\u0131r. Batareyas\u0131 cihaz\u0131 10 d\u0259qiq\u0259 i\u015fl\u0259tm\u0259y\u0259 f\u00fcrs\u0259t yarad\u0131r. Bu ki\u00e7ik t\u0259mizlik i\u015fi \u00fc\u00e7\u00fcn kifay\u0259t ola bil\u0259r, lakin batareyan\u0131n \u00f6mr\u00fc daha b\u00f6y\u00fck t\u0259mizlik i\u015fl\u0259ri \u00fc\u00e7\u00fcn yet\u0259rli olmaya bil\u0259r. \u00dcmumilikd\u0259, Karcher WD 1 Kompakt Batareya D\u0259sti ki\u00e7ik t\u0259mizlik i\u015fl\u0259ri \u00fc\u00e7\u00fcn ideald\u0131r v\u0259 simsiz dizayn\u0131 say\u0259sind\u0259 da\u015f\u0131maq asand\u0131r. Y\u00fcng\u00fcl \u00e7\u0259kisi v\u0259 y\u0131\u011fcam \u00f6l\u00e7\u00fcs\u00fc onu dar yerl\u0259rd\u0259 istifad\u0259 \u00fc\u00e7\u00fcn \u0259lveri\u015fli edir. Bununla bel\u0259, cihaz\u0131n batareya \u00f6mr\u00fcn\u00fcn q\u0131sa olmas\u0131 s\u0259b\u0259bind\u0259n daha b\u00f6y\u00fck t\u0259mizlik i\u015fl\u0259ri \u00fc\u00e7\u00fcn daha b\u00f6y\u00fck Karcher modelin\u0259 \u00fcst\u00fcnl\u00fck veril\u0259 bil\u0259r. Karcher Tozsoran modelleri - Karchershop.az-da!<\/p>","protected":false},"excerpt":{"rendered":"<p>D\u00fcnya brendin\u0259 \u00e7evrilmi\u015f Karcher \u00f6z tozsoran m\u0259hsullar\u0131 il\u0259 markalar i\u00e7ind\u0259 \u00f6z yerini tutmu\u015fdur. Da\u015f\u0131nmas\u0131 asan WD 1 COMPACT BATTERY SET naqilsiz tozsoran ki\u00e7ik t\u0259mizlik i\u015fl\u0259roind\u0259 k\u00f6m\u0259yiniz\u0259 \u00e7atacaq.  Karcher WD 1 Y\u0131\u011fcam Batareya D\u0259sti da\u015f\u0131nma v\u0259 istifad\u0259 rahatl\u0131\u011f\u0131 \u00fc\u00e7\u00fcn n\u0259z\u0259rd\u0259 tutulmu\u015f toz v\u0259 su uducu cihazd\u0131r. Az\u0259rbaycan\u0131n b\u00fct\u00fcn b\u00f6lg\u0259l\u0259rin\u0259 \u00e7atd\u0131r\u0131lma m\u00fcmk\u00fcnd\u00fcr!<\/p>","protected":false},"featured_media":4282,"comment_status":"open","ping_status":"closed","template":"","meta":[],"product_cat":[90,15,553],"product_tag":[],"class_list":{"0":"post-4276","1":"product","2":"type-product","3":"status-publish","4":"has-post-thumbnail","6":"product_cat-hozyajstvenny-pylesos","7":"product_cat-home-garden","8":"product_cat-hozyajstvennye-pylesosy","10":"first","11":"outofstock","12":"shipping-taxable","13":"purchasable","14":"product-type-simple"},"_links":{"self":[{"href":"https:\/\/karchershop.az\/az\/wp-json\/wp\/v2\/product\/4276","targetHints":{"allow":["GET"]}}],"collection":[{"href":"https:\/\/karchershop.az\/az\/wp-json\/wp\/v2\/product"}],"about":[{"href":"https:\/\/karchershop.az\/az\/wp-json\/wp\/v2\/types\/product"}],"replies":[{"embeddable":true,"href":"https:\/\/karchershop.az\/az\/wp-json\/wp\/v2\/comments?post=4276"}],"wp:featuredmedia":[{"embeddable":true,"href":"https:\/\/karchershop.az\/az\/wp-json\/wp\/v2\/media\/4282"}],"wp:attachment":[{"href":"https:\/\/karchershop.az\/az\/wp-json\/wp\/v2\/media?parent=4276"}],"wp:term":[{"taxonomy":"product_cat","embeddable":true,"href":"https:\/\/karchershop.az\/az\/wp-json\/wp\/v2\/product_cat?post=4276"},{"taxonomy":"product_tag","embeddable":true,"href":"https:\/\/karchershop.az\/az\/wp-json\/wp\/v2\/product_tag?post=4276"}],"curies":[{"name":"wp","href":"https:\/\/api.w.org\/{rel}","templated":true}]}}