{"id":432,"date":"2020-04-27T13:45:49","date_gmt":"2020-04-27T09:45:49","guid":{"rendered":"https:\/\/karchershop.az\/?post_type=product&#038;p=432"},"modified":"2026-05-01T21:35:00","modified_gmt":"2026-05-01T17:35:00","slug":"k-7-full-control-plus","status":"publish","type":"product","link":"https:\/\/karchershop.az\/az\/home-garden\/mojki-vysokogo-davleniya\/k-7-full-control-plus","title":{"rendered":"K 7 Full Control Plus"},"content":{"rendered":"<p>Karcher K 7 FULL CONTROL PLUS y\u00fcks\u0259k t\u0259zyiqli yuma aparat\u0131, istifad\u0259 rahatl\u0131\u011f\u0131 v\u0259 asan da\u015f\u0131nmas\u0131, \u00e7\u0259tin v\u0259 asan \u00e7irkl\u0259rin apara\u0131lmas\u0131 \u00fcst\u00fcnl\u00fckl\u0259rini \u00f6z\u00fcnd\u0259 c\u0259ml\u0259\u015fdirir. Bel\u0259c\u0259 \u00e7\u0259tin t\u0259mizlik i\u015fl\u0259rind\u0259 bel\u0259 effektiv i\u015fl\u0259yir. H\u0259m\u00e7inin, ma\u015f\u0131ndak\u0131 m\u00fcxt\u0259lif ucluqlar say\u0259sind\u0259 m\u00fcxt\u0259lif t\u0259mizlik i\u015fl\u0259ri \u00fc\u00e7\u00fcn istifad\u0259 edil\u0259 bil\u0259r. M\u0259s\u0259l\u0259n, avtomobil yuma \u00fc\u00e7\u00fcn daha a\u015fa\u011f\u0131 t\u0259zyiqli nozzle istifad\u0259 ed\u0259 bil\u0259rsiniz. Bu masin yuma aparati kompakt \u00f6l\u00e7\u00fcs\u00fc say\u0259sind\u0259 cihaz\u0131 ist\u0259nil\u0259n yer\u0259 da\u015f\u0131maq v\u0259 saxlamaq asand\u0131r - qarajdak\u0131 bir r\u0259f v\u0259 ya avtomobilin daxili olsun. \u015elanq\u0131 saxlama\u011f\u0131n yenilik\u00e7i bir yolu, \u00f6n panelin \u0259traf\u0131na y\u00fcks\u0259k t\u0259zyiq \u015flanq\u0131n\u0131 dolama\u011fa v\u0259 elastik bir k\u0259m\u0259rl\u0259 ba\u011flama\u011fa imkan verir. Bu avadanl\u0131q i\u00e7\u0259risind\u0259 iki da\u015f\u0131y\u0131c\u0131 tutacaq, h\u00fcnd\u00fcrl\u00fcy\u00fcnd\u0259 t\u0259nziml\u0259n\u0259n bir teleskopik qol, Quick Connect y\u00fcks\u0259k t\u0259zyiqli silah, b\u00fck\u00fclm\u0259 \u0259leyhin\u0259 10 metrlik PremiumFlex \u015flanq\u0131 Vario Power sprey ba\u015fl\u0131\u011f\u0131 (VPS), pal\u00e7\u0131q k\u0259sici v\u0259 su filtri var. K 7 Y\u0131\u011fcam h\u0259m \u00fcf\u00fcqi, h\u0259m d\u0259 \u015faquli istifad\u0259 edil\u0259 bil\u0259r, cihaz tez-tez istifad\u0259 \u00fc\u00e7\u00fcn ideald\u0131r. Bak\u0131 v\u0259 b\u00fct\u00fcn Az\u0259rbaycan\u0131n b\u00fct\u00fcn  \u0259razil\u0259rin\u0259 \u00e7atd\u0131r\u0131lma m\u00fcmk\u00fcnd\u00fcr.<\/p>","protected":false},"excerpt":{"rendered":"<p>Yuma aparati K 7 FULL CONTROL PLUS evinizd\u0259 v\u0259 ya ba\u011f\u00e7an\u0131zda \u00e7\u0259tin t\u0259mizlik i\u015fl\u0259ri \u00fc\u00e7\u00fcn ideald\u0131r. K 7 FULL CONTROL PLUS yuyucu aparat r\u0259smi Karcher onlayn ma\u011fazas\u0131nda!<\/p>","protected":false},"featured_media":450,"comment_status":"open","ping_status":"closed","template":"","meta":[],"product_cat":[15,20],"product_tag":[252],"class_list":{"0":"post-432","1":"product","2":"type-product","3":"status-publish","4":"has-post-thumbnail","6":"product_cat-home-garden","7":"product_cat-mojki-vysokogo-davleniya","8":"product_tag-pressure-washers","10":"first","11":"outofstock","12":"shipping-taxable","13":"purchasable","14":"product-type-simple"},"_links":{"self":[{"href":"https:\/\/karchershop.az\/az\/wp-json\/wp\/v2\/product\/432","targetHints":{"allow":["GET"]}}],"collection":[{"href":"https:\/\/karchershop.az\/az\/wp-json\/wp\/v2\/product"}],"about":[{"href":"https:\/\/karchershop.az\/az\/wp-json\/wp\/v2\/types\/product"}],"replies":[{"embeddable":true,"href":"https:\/\/karchershop.az\/az\/wp-json\/wp\/v2\/comments?post=432"}],"wp:featuredmedia":[{"embeddable":true,"href":"https:\/\/karchershop.az\/az\/wp-json\/wp\/v2\/media\/450"}],"wp:attachment":[{"href":"https:\/\/karchershop.az\/az\/wp-json\/wp\/v2\/media?parent=432"}],"wp:term":[{"taxonomy":"product_cat","embeddable":true,"href":"https:\/\/karchershop.az\/az\/wp-json\/wp\/v2\/product_cat?post=432"},{"taxonomy":"product_tag","embeddable":true,"href":"https:\/\/karchershop.az\/az\/wp-json\/wp\/v2\/product_tag?post=432"}],"curies":[{"name":"wp","href":"https:\/\/api.w.org\/{rel}","templated":true}]}}