{"id":453,"date":"2020-05-14T14:00:55","date_gmt":"2020-05-14T10:00:55","guid":{"rendered":"https:\/\/karchershop.az\/?post_type=product&#038;p=453"},"modified":"2026-05-01T21:35:00","modified_gmt":"2026-05-01T17:35:00","slug":"filtr-tonkoj-ochistki-k-minimojkam-serii-k-4-7","status":"publish","type":"product","link":"https:\/\/karchershop.az\/az\/home-garden\/aksessuary\/aksessuary-dlya-minimoek\/filtr-tonkoj-ochistki-k-minimojkam-serii-k-4-7","title":{"rendered":"Borusundak\u0131 s\u00fczg\u0259c elementi K4-K7."},"content":{"rendered":"<p>Karcher K4-K7 mini yuyucu seriyas\u0131n\u0131n borusundak\u0131 s\u00fczg\u0259c elementi K4-K7.<\/p>","protected":false},"excerpt":{"rendered":"<p>Karcher K4-K7 mini yuyucu seriyas\u0131n\u0131n borusundak\u0131 s\u00fczg\u0259c elementi K4-K7.<\/p>","protected":false},"featured_media":454,"comment_status":"open","ping_status":"closed","template":"","meta":[],"product_cat":[71,15],"product_tag":[258],"class_list":{"0":"post-453","1":"product","2":"type-product","3":"status-publish","4":"has-post-thumbnail","6":"product_cat-aksessuary-dlya-minimoek","7":"product_cat-home-garden","8":"product_tag-prinadlezhnosti-i-moyushhie-sredstva-dlya-minimoek","10":"first","11":"outofstock","12":"shipping-taxable","13":"purchasable","14":"product-type-simple"},"_links":{"self":[{"href":"https:\/\/karchershop.az\/az\/wp-json\/wp\/v2\/product\/453","targetHints":{"allow":["GET"]}}],"collection":[{"href":"https:\/\/karchershop.az\/az\/wp-json\/wp\/v2\/product"}],"about":[{"href":"https:\/\/karchershop.az\/az\/wp-json\/wp\/v2\/types\/product"}],"replies":[{"embeddable":true,"href":"https:\/\/karchershop.az\/az\/wp-json\/wp\/v2\/comments?post=453"}],"wp:featuredmedia":[{"embeddable":true,"href":"https:\/\/karchershop.az\/az\/wp-json\/wp\/v2\/media\/454"}],"wp:attachment":[{"href":"https:\/\/karchershop.az\/az\/wp-json\/wp\/v2\/media?parent=453"}],"wp:term":[{"taxonomy":"product_cat","embeddable":true,"href":"https:\/\/karchershop.az\/az\/wp-json\/wp\/v2\/product_cat?post=453"},{"taxonomy":"product_tag","embeddable":true,"href":"https:\/\/karchershop.az\/az\/wp-json\/wp\/v2\/product_tag?post=453"}],"curies":[{"name":"wp","href":"https:\/\/api.w.org\/{rel}","templated":true}]}}