{"id":455,"date":"2020-05-13T14:11:38","date_gmt":"2020-05-13T10:11:38","guid":{"rendered":"https:\/\/karchershop.az\/?post_type=product&#038;p=455"},"modified":"2026-05-01T21:35:00","modified_gmt":"2026-05-01T17:35:00","slug":"filtr-tonkoj-ochistki-k-minimojkam-serii-k2-7","status":"publish","type":"product","link":"https:\/\/karchershop.az\/az\/home-garden\/aksessuary\/aksessuary-dlya-minimoek\/filtr-tonkoj-ochistki-k-minimojkam-serii-k2-7","title":{"rendered":"K2-7 seriyas\u0131 \u00fc\u00e7\u00fcn nazik t\u0259mizl\u0259yici filtr"},"content":{"rendered":"<p>Cihaz\u0131n pompas\u0131n\u0131, suyun i\u00e7ind\u0259ki \u00e7irk hiss\u0259cikl\u0259rind\u0259n qorumaq v\u0259 cihaz\u0131n daha uzun \u00f6mr\u00fcn\u00fc t\u0259min etm\u0259k. B\u00fct\u00fcn K\u00e4rcher K2 - K7 t\u0259zyiq yuyucular\u0131 \u00fc\u00e7\u00fcn uy\u011fundur.<\/p>","protected":false},"excerpt":{"rendered":"<p>Cihaz\u0131n pompas\u0131n\u0131n giri\u015fin\u0259 veril\u0259n su i\u00e7\u0259risind\u0259ki \u00e7irk hiss\u0259cikl\u0259rind\u0259n qorumaq \u00fc\u00e7\u00fcn.<\/p>","protected":false},"featured_media":456,"comment_status":"open","ping_status":"closed","template":"","meta":[],"product_cat":[71,15],"product_tag":[258],"class_list":{"0":"post-455","1":"product","2":"type-product","3":"status-publish","4":"has-post-thumbnail","6":"product_cat-aksessuary-dlya-minimoek","7":"product_cat-home-garden","8":"product_tag-prinadlezhnosti-i-moyushhie-sredstva-dlya-minimoek","10":"first","11":"instock","12":"shipping-taxable","13":"purchasable","14":"product-type-simple"},"_links":{"self":[{"href":"https:\/\/karchershop.az\/az\/wp-json\/wp\/v2\/product\/455","targetHints":{"allow":["GET"]}}],"collection":[{"href":"https:\/\/karchershop.az\/az\/wp-json\/wp\/v2\/product"}],"about":[{"href":"https:\/\/karchershop.az\/az\/wp-json\/wp\/v2\/types\/product"}],"replies":[{"embeddable":true,"href":"https:\/\/karchershop.az\/az\/wp-json\/wp\/v2\/comments?post=455"}],"wp:featuredmedia":[{"embeddable":true,"href":"https:\/\/karchershop.az\/az\/wp-json\/wp\/v2\/media\/456"}],"wp:attachment":[{"href":"https:\/\/karchershop.az\/az\/wp-json\/wp\/v2\/media?parent=455"}],"wp:term":[{"taxonomy":"product_cat","embeddable":true,"href":"https:\/\/karchershop.az\/az\/wp-json\/wp\/v2\/product_cat?post=455"},{"taxonomy":"product_tag","embeddable":true,"href":"https:\/\/karchershop.az\/az\/wp-json\/wp\/v2\/product_tag?post=455"}],"curies":[{"name":"wp","href":"https:\/\/api.w.org\/{rel}","templated":true}]}}