{"id":460,"date":"2020-05-11T14:27:39","date_gmt":"2020-05-11T10:27:39","guid":{"rendered":"https:\/\/karchershop.az\/?post_type=product&#038;p=460"},"modified":"2026-05-01T21:35:01","modified_gmt":"2026-05-01T17:35:01","slug":"konektor-3-4","status":"publish","type":"product","link":"https:\/\/karchershop.az\/az\/home-garden\/aksessuary\/aksessuary-dlya-minimoek\/konektor-3-4","title":{"rendered":"Konnektor 3\/4"},"content":{"rendered":"<p>Suyun y\u00fcks\u0259k t\u0259zyiq aparat\u0131na verilm\u0259si \u00fc\u00e7\u00fcn birl\u0259\u015fdirici element. Standard yana\u015f\u0131 birl\u0259\u015fdirm\u0259  sistemi. G3 \/ 4 \u201dipl\u0259.<\/p>","protected":false},"excerpt":{"rendered":"<p>Suyun y\u00fcks\u0259k t\u0259zyiq aparat\u0131na verilm\u0259si \u00fc\u00e7\u00fcn birl\u0259\u015fdirici element.<\/p>","protected":false},"featured_media":461,"comment_status":"open","ping_status":"closed","template":"","meta":[],"product_cat":[71,15],"product_tag":[258],"class_list":{"0":"post-460","1":"product","2":"type-product","3":"status-publish","4":"has-post-thumbnail","6":"product_cat-aksessuary-dlya-minimoek","7":"product_cat-home-garden","8":"product_tag-prinadlezhnosti-i-moyushhie-sredstva-dlya-minimoek","10":"first","11":"instock","12":"shipping-taxable","13":"purchasable","14":"product-type-simple"},"_links":{"self":[{"href":"https:\/\/karchershop.az\/az\/wp-json\/wp\/v2\/product\/460","targetHints":{"allow":["GET"]}}],"collection":[{"href":"https:\/\/karchershop.az\/az\/wp-json\/wp\/v2\/product"}],"about":[{"href":"https:\/\/karchershop.az\/az\/wp-json\/wp\/v2\/types\/product"}],"replies":[{"embeddable":true,"href":"https:\/\/karchershop.az\/az\/wp-json\/wp\/v2\/comments?post=460"}],"wp:featuredmedia":[{"embeddable":true,"href":"https:\/\/karchershop.az\/az\/wp-json\/wp\/v2\/media\/461"}],"wp:attachment":[{"href":"https:\/\/karchershop.az\/az\/wp-json\/wp\/v2\/media?parent=460"}],"wp:term":[{"taxonomy":"product_cat","embeddable":true,"href":"https:\/\/karchershop.az\/az\/wp-json\/wp\/v2\/product_cat?post=460"},{"taxonomy":"product_tag","embeddable":true,"href":"https:\/\/karchershop.az\/az\/wp-json\/wp\/v2\/product_tag?post=460"}],"curies":[{"name":"wp","href":"https:\/\/api.w.org\/{rel}","templated":true}]}}