{"id":464,"date":"2020-05-09T14:40:19","date_gmt":"2020-05-09T10:40:19","guid":{"rendered":"https:\/\/karchershop.az\/?post_type=product&#038;p=464"},"modified":"2026-05-01T21:35:02","modified_gmt":"2026-05-01T17:35:02","slug":"aqua-stop-konektor-dlya-shlanga-s-akvastopom-1-2-5-8-3-4","status":"publish","type":"product","link":"https:\/\/karchershop.az\/az\/home-garden\/aksessuary\/aksessuary-dlya-minimoek\/aqua-stop-konektor-dlya-shlanga-s-akvastopom-1-2-5-8-3-4","title":{"rendered":"Hose coupling entry Aqua Universal"},"content":{"rendered":"<p>Bir toxunu\u015flu \u0259laq\u0259, ay\u0131rma v\u0259 t\u0259mir - \u0259n rahat i\u015fl\u0259m\u0259 \u00fc\u00e7\u00fcn yum\u015faq plastikd\u0259n haz\u0131rlanm\u0131\u015f tutacaqlar\u0131 il\u0259 K\u00e4rcher t\u0259r\u0259find\u0259n istehsal olunan praktik v\u0259 erqonomik universal ba\u011flay\u0131c\u0131 Plus say\u0259sind\u0259. \u00c7evik birl\u0259\u015fdirici birg\u0259 sistemi h\u0259m ki\u00e7ik, h\u0259m d\u0259 b\u00f6y\u00fck ba\u011flarda v\u0259 dig\u0259r \u0259razil\u0259rd\u0259 suvarma prosesini \u0259h\u0259miyy\u0259tli d\u0259r\u0259c\u0259d\u0259 asanla\u015fd\u0131r\u0131r. Ax\u0131, normal i\u015fl\u0259y\u0259n ba\u011flay\u0131c\u0131lar v\u0259 kranlara qo\u015fulma \u00fc\u00e7\u00fcn fitinql\u0259r h\u0259r hans\u0131 bir y\u00fcks\u0259k keyfiyy\u0259tli suvarma sisteminin \u0259sas\u0131n\u0131 t\u0259\u015fkil edir. Universal Plus ba\u011flay\u0131c\u0131 \u00fc\u00e7 \u0259n \u00e7ox yay\u0131lm\u0131\u015f hortum diametrin\u0259 v\u0259 b\u00fct\u00fcn standart birl\u0259\u015fdirici birg\u0259 sisteml\u0259rin\u0259 uy\u011fundur.<\/p>","protected":false},"excerpt":{"rendered":"<p>Akvastoponlu universal plastik ba\u011flay\u0131c\u0131 b\u00fct\u00fcn standart \u015flanqlara uy\u011fundur.<\/p>","protected":false},"featured_media":465,"comment_status":"open","ping_status":"closed","template":"","meta":[],"product_cat":[71,15],"product_tag":[258],"class_list":{"0":"post-464","1":"product","2":"type-product","3":"status-publish","4":"has-post-thumbnail","6":"product_cat-aksessuary-dlya-minimoek","7":"product_cat-home-garden","8":"product_tag-prinadlezhnosti-i-moyushhie-sredstva-dlya-minimoek","10":"first","11":"instock","12":"shipping-taxable","13":"purchasable","14":"product-type-simple"},"_links":{"self":[{"href":"https:\/\/karchershop.az\/az\/wp-json\/wp\/v2\/product\/464","targetHints":{"allow":["GET"]}}],"collection":[{"href":"https:\/\/karchershop.az\/az\/wp-json\/wp\/v2\/product"}],"about":[{"href":"https:\/\/karchershop.az\/az\/wp-json\/wp\/v2\/types\/product"}],"replies":[{"embeddable":true,"href":"https:\/\/karchershop.az\/az\/wp-json\/wp\/v2\/comments?post=464"}],"wp:featuredmedia":[{"embeddable":true,"href":"https:\/\/karchershop.az\/az\/wp-json\/wp\/v2\/media\/465"}],"wp:attachment":[{"href":"https:\/\/karchershop.az\/az\/wp-json\/wp\/v2\/media?parent=464"}],"wp:term":[{"taxonomy":"product_cat","embeddable":true,"href":"https:\/\/karchershop.az\/az\/wp-json\/wp\/v2\/product_cat?post=464"},{"taxonomy":"product_tag","embeddable":true,"href":"https:\/\/karchershop.az\/az\/wp-json\/wp\/v2\/product_tag?post=464"}],"curies":[{"name":"wp","href":"https:\/\/api.w.org\/{rel}","templated":true}]}}