{"id":471,"date":"2020-05-08T01:07:44","date_gmt":"2020-05-07T21:07:44","guid":{"rendered":"https:\/\/karchershop.az\/?post_type=product&#038;p=471"},"modified":"2026-05-01T21:35:02","modified_gmt":"2026-05-01T17:35:02","slug":"komplekt-so-shlangom-vysokogo-davleniya-hk-7-5","status":"publish","type":"product","link":"https:\/\/karchershop.az\/az\/home-garden\/aksessuary\/aksessuary-dlya-minimoek\/komplekt-so-shlangom-vysokogo-davleniya-hk-7-5","title":{"rendered":"HK 7,5 high pressure hose set+trigger gu"},"content":{"rendered":"<p>Aksesuar d\u0259sti, 7,5 m y\u00fcks\u0259k t\u0259zyiq \u015flanq\u0131, erqonomik silah v\u0259 Quick Connect s\u00fcr\u0259tli qo\u015fulma sistemi il\u0259 cihaz\u0131 yenid\u0259n i\u015f\u0259 salmaq \u00fc\u00e7\u00fcn adapter. K\u00e4rcher, 1992-ci ild\u0259n ba\u015flayaraq K 2 - K 7 sinifl\u0259rinin y\u00fcks\u0259k t\u0259zyiqli aparatlar\u0131 \u00fc\u00e7\u00fcn (\u015flanq \u00e7arx\u0131 olan aparatlar istisna olmaqla).<\/p>","protected":false},"excerpt":{"rendered":"<p>1992-ci ild\u0259n ba\u015flayaraq K 2 - K 7 sinifl\u0259rinin aparatlar\u0131 \u00fc\u00e7\u00fcn 7,5 metr y\u00fcks\u0259k t\u0259zyiqli \u015flanq\u0131 il\u0259 yenil\u0259nmi\u015f d\u0259st (\u015flanq \u00e7arx\u0131 olan aparatlar istisna olmaqla). K 2-K 7 \u00fc\u00e7\u00fcn silah v\u0259 adapter il\u0259 tamamlay\u0131n.<\/p>","protected":false},"featured_media":473,"comment_status":"open","ping_status":"closed","template":"","meta":[],"product_cat":[71,15],"product_tag":[258],"class_list":{"0":"post-471","1":"product","2":"type-product","3":"status-publish","4":"has-post-thumbnail","6":"product_cat-aksessuary-dlya-minimoek","7":"product_cat-home-garden","8":"product_tag-prinadlezhnosti-i-moyushhie-sredstva-dlya-minimoek","10":"first","11":"instock","12":"shipping-taxable","13":"purchasable","14":"product-type-simple"},"_links":{"self":[{"href":"https:\/\/karchershop.az\/az\/wp-json\/wp\/v2\/product\/471","targetHints":{"allow":["GET"]}}],"collection":[{"href":"https:\/\/karchershop.az\/az\/wp-json\/wp\/v2\/product"}],"about":[{"href":"https:\/\/karchershop.az\/az\/wp-json\/wp\/v2\/types\/product"}],"replies":[{"embeddable":true,"href":"https:\/\/karchershop.az\/az\/wp-json\/wp\/v2\/comments?post=471"}],"wp:featuredmedia":[{"embeddable":true,"href":"https:\/\/karchershop.az\/az\/wp-json\/wp\/v2\/media\/473"}],"wp:attachment":[{"href":"https:\/\/karchershop.az\/az\/wp-json\/wp\/v2\/media?parent=471"}],"wp:term":[{"taxonomy":"product_cat","embeddable":true,"href":"https:\/\/karchershop.az\/az\/wp-json\/wp\/v2\/product_cat?post=471"},{"taxonomy":"product_tag","embeddable":true,"href":"https:\/\/karchershop.az\/az\/wp-json\/wp\/v2\/product_tag?post=471"}],"curies":[{"name":"wp","href":"https:\/\/api.w.org\/{rel}","templated":true}]}}