{"id":4727,"date":"2022-06-28T14:12:58","date_gmt":"2022-06-28T10:12:58","guid":{"rendered":"https:\/\/karchershop.az\/?post_type=product&#038;p=4727"},"modified":"2026-05-12T15:18:29","modified_gmt":"2026-05-12T11:18:29","slug":"cvh-3-plus","status":"publish","type":"product","link":"https:\/\/karchershop.az\/az\/home-garden\/pylesosy\/akkumulyatornye-pylesosy\/cvh-3-plus","title":{"rendered":"CVH 3 Plus"},"content":{"rendered":"<p>\u018fl avtomobil tozsoran\u0131 CVH 3 Plus  g\u00fccl\u00fc (g\u00fcnd\u0259lik) yolda\u015f: akkumulyatorla i\u015fl\u0259y\u0259n CVH 3 Plus \u018fl avtomobil tozsoran\u0131 ist\u0259nil\u0259n m\u00f6vqed\u0259n sa\u00e7, q\u0131r\u0131nt\u0131 v\u0259 toz kimi b\u00fct\u00fcn n\u00f6v \u00e7irkl\u0259ri effektiv \u015f\u0259kild\u0259 t\u0259mizl\u0259yir v\u0259 he\u00e7 bir qal\u0131q qoymur. Bundan \u0259lav\u0259, x\u00fcsusil\u0259 t\u0259miz egzoz havas\u0131 qaba kir v\u0259 sa\u00e7lar \u00fc\u00e7\u00fcn iki m\u0259rh\u0259l\u0259li v\u0259 yuyula bil\u0259n inc\u0259 polad mesh filtr sistemi, h\u0259m\u00e7inin \u00e7\u0131x\u0131\u015fda HEPA 12 gigiyenik filtr (EN 1822:1998) il\u0259 t\u0259min edilir. Dig\u0259r \u00fcst\u00fcnl\u00fckl\u0259r: s\u0259ssiz BLDC motoru, y\u0131\u011fcam v\u0259 y\u00fcng\u00fcl al\u0259t dizayn\u0131, iki f\u0259rqli emi\u015f s\u0259viyy\u0259si, 20 d\u0259qiq\u0259y\u0259 q\u0259d\u0259r batareyan\u0131n i\u015fl\u0259m\u0259 m\u00fcdd\u0259ti v\u0259 aksesuarlar \u00fc\u00e7\u00fcn saxlama yeri olan rahat doldurma stansiyas\u0131 say\u0259sind\u0259 y\u00fcks\u0259k \u0259mm\u0259 g\u00fcc\u00fc v\u0259 uzad\u0131lm\u0131\u015f xidm\u0259t m\u00fcdd\u0259ti.<\/p>","protected":false},"excerpt":{"rendered":"<p>Karcher CVH 3 Plus \u0259l tozsoran\u0131 avtomobilin t\u0259mizl\u0259nm\u0259si \u00fc\u00e7\u00fcn n\u0259z\u0259rd\u0259 tutulub \u2013 g\u00fccl\u00fcd\u00fcr v\u0259 ist\u0259nil\u0259n vaxt, ist\u0259nil\u0259n yerd\u0259 istifad\u0259y\u0259 haz\u0131rd\u0131r. Kompakt \u0259l tipli bu avtomobil tozsoran\u0131 qonaq ota\u011f\u0131nda, yataq ota\u011f\u0131nda v\u0259 ya avtomobild\u0259 olan \u00e7irkl\u0259ri asanl\u0131qla aradan qald\u0131r\u0131r.<\/p>","protected":false},"featured_media":4707,"comment_status":"open","ping_status":"closed","template":"","meta":[],"product_cat":[15,94],"product_tag":[],"class_list":{"0":"post-4727","1":"product","2":"type-product","3":"status-publish","4":"has-post-thumbnail","6":"product_cat-home-garden","7":"product_cat-akkumulyatornye-pylesosy","9":"first","10":"instock","11":"shipping-taxable","12":"purchasable","13":"product-type-simple"},"_links":{"self":[{"href":"https:\/\/karchershop.az\/az\/wp-json\/wp\/v2\/product\/4727","targetHints":{"allow":["GET"]}}],"collection":[{"href":"https:\/\/karchershop.az\/az\/wp-json\/wp\/v2\/product"}],"about":[{"href":"https:\/\/karchershop.az\/az\/wp-json\/wp\/v2\/types\/product"}],"replies":[{"embeddable":true,"href":"https:\/\/karchershop.az\/az\/wp-json\/wp\/v2\/comments?post=4727"}],"wp:featuredmedia":[{"embeddable":true,"href":"https:\/\/karchershop.az\/az\/wp-json\/wp\/v2\/media\/4707"}],"wp:attachment":[{"href":"https:\/\/karchershop.az\/az\/wp-json\/wp\/v2\/media?parent=4727"}],"wp:term":[{"taxonomy":"product_cat","embeddable":true,"href":"https:\/\/karchershop.az\/az\/wp-json\/wp\/v2\/product_cat?post=4727"},{"taxonomy":"product_tag","embeddable":true,"href":"https:\/\/karchershop.az\/az\/wp-json\/wp\/v2\/product_tag?post=4727"}],"curies":[{"name":"wp","href":"https:\/\/api.w.org\/{rel}","templated":true}]}}