{"id":4730,"date":"2022-06-28T14:33:23","date_gmt":"2022-06-28T10:33:23","guid":{"rendered":"https:\/\/karchershop.az\/?post_type=product&#038;p=4730"},"modified":"2026-05-01T21:35:40","modified_gmt":"2026-05-01T17:35:40","slug":"cvh-2","status":"publish","type":"product","link":"https:\/\/karchershop.az\/az\/home-garden\/pylesosy\/akkumulyatornye-pylesosy\/cvh-2","title":{"rendered":"CVH 2"},"content":{"rendered":"<div id=\"description\" class=\"row\" data-anchor=\"\u041e\u043f\u0438\u0441\u0430\u043d\u0438\u0435\">\n<div class=\"col-sm-12\">\n<p>Effektiv h\u0259ll: CVH 2 \u0259l akkumulyatorlu tozsoran\u0131 d\u00f6\u015f\u0259m\u0259d\u0259n, mebeld\u0259n v\u0259 ya avtomobil salonundan m\u00fcxt\u0259lif n\u00f6v zibill\u0259ri (toz, q\u0131r\u0131nt\u0131, sa\u00e7 v\u0259 s.) asanl\u0131qla v\u0259 diqq\u0259tl\u0259 t\u0259mizl\u0259m\u0259y\u0259 imkan verir. Kompaktl\u0131\u011f\u0131 v\u0259 az \u00e7\u0259kisi cihazla i\u015fl\u0259m\u0259yi v\u0259 onun saxlan\u0131lmas\u0131n\u0131 \u0259h\u0259miyy\u0259tli d\u0259r\u0259c\u0259d\u0259 asanla\u015fd\u0131r\u0131r. T\u0259miz hava \u00e7\u0131x\u0131\u015f\u0131n\u0131 is\u0259 yuyula bil\u0259n 2 m\u0259rh\u0259l\u0259li filtrasiya sistemi t\u0259min edir; bura sa\u00e7 v\u0259 iri zibill\u0259ri tutub saxlayan x\u0131rda g\u00f6zl\u00fc polad tor v\u0259 ondan sonra qura\u015fd\u0131r\u0131lm\u0131\u015f HEPA filtr (EN 1822:1998 standart\u0131na uy\u011fun) daxildir.<\/p>\n<\/div>\n<\/div>\n<div id=\"featurebenefits\" data-anchor=\"\u041e\u0441\u043e\u0431\u0435\u043d\u043d\u043e\u0441\u0442\u0438 \u0438 \u043f\u0440\u0435\u0438\u043c\u0443\u0449\u0435\u0441\u0442\u0432\u0430\"><\/div>","protected":false},"excerpt":{"rendered":"<section id=\"ribbon\">\n<div class=\"container\">\n<div class=\"row\">\n<div class=\"col-sm-12 col-lg-9\">\n<p>Y\u00fcks\u0259k sovurma g\u00fcc\u00fcn\u0259 malik effektiv k\u00f6m\u0259k\u00e7i: CVH 2 \u2013 m\u0259tb\u0259xd\u0259, qonaq ota\u011f\u0131nda, yataq ota\u011f\u0131nda v\u0259 ya avtomobild\u0259 g\u00fcnd\u0259lik t\u0259mizlik \u00fc\u00e7\u00fcn m\u00fck\u0259mm\u0259l uy\u011fun g\u0259l\u0259n y\u00fcng\u00fcl v\u0259 kompakt akkumulyatorlu tozsorand\u0131r.<\/p>\n<\/div>\n<\/div>\n<\/div>\n<\/section>\n<div class=\"fg-products-details-stage\" data-kjs-app=\"products\/details\/stage\" data-kjs-entityid=\"9\">\n<div data-kjs-view=\"main\">\n<section class=\"container\">\n<div class=\"row fc-stage\">\n<div class=\"col-sm-7 col-md-8 fc-left\">\n<div class=\"fc-media\">\n<div class=\"fg-content-carousel fg-carousel-wrapper swiper swiper-initialized swiper-horizontal swiper-watch-progress swiper-backface-hidden\" data-kjs-app=\"content\/carousel\" data-kjs-entityid=\"17\">\n<div id=\"swiper-wrapper-8101a53e7fc865f310\" class=\"fc-carousel swiper-wrapper\" aria-live=\"polite\">\n<div class=\"fc-carousel-slide swiper-slide fc-image-loaded fc-visible swiper-slide-active\" role=\"group\" data-kjs-slide=\"0\" aria-label=\"1 \/ 7\" data-swiper-slide-index=\"0\">\n<div class=\"fg-wishlist-control\" data-kjs-app=\"wishlist\/control\" data-kjs-entityid=\"18\">\n<div data-kjs-view=\"controls\"><\/div>\n<\/div>\n<div data-kjs-app=\"content\/lightbox\" data-kjs-entityid=\"19\"><\/div>\n<\/div>\n<\/div>\n<\/div>\n<\/div>\n<\/div>\n<\/div>\n<\/section>\n<\/div>\n<\/div>","protected":false},"featured_media":12042,"comment_status":"open","ping_status":"closed","template":"","meta":[],"product_cat":[15,94],"product_tag":[],"class_list":{"0":"post-4730","1":"product","2":"type-product","3":"status-publish","4":"has-post-thumbnail","6":"product_cat-home-garden","7":"product_cat-akkumulyatornye-pylesosy","9":"first","10":"instock","11":"shipping-taxable","12":"purchasable","13":"product-type-simple"},"_links":{"self":[{"href":"https:\/\/karchershop.az\/az\/wp-json\/wp\/v2\/product\/4730","targetHints":{"allow":["GET"]}}],"collection":[{"href":"https:\/\/karchershop.az\/az\/wp-json\/wp\/v2\/product"}],"about":[{"href":"https:\/\/karchershop.az\/az\/wp-json\/wp\/v2\/types\/product"}],"replies":[{"embeddable":true,"href":"https:\/\/karchershop.az\/az\/wp-json\/wp\/v2\/comments?post=4730"}],"wp:featuredmedia":[{"embeddable":true,"href":"https:\/\/karchershop.az\/az\/wp-json\/wp\/v2\/media\/12042"}],"wp:attachment":[{"href":"https:\/\/karchershop.az\/az\/wp-json\/wp\/v2\/media?parent=4730"}],"wp:term":[{"taxonomy":"product_cat","embeddable":true,"href":"https:\/\/karchershop.az\/az\/wp-json\/wp\/v2\/product_cat?post=4730"},{"taxonomy":"product_tag","embeddable":true,"href":"https:\/\/karchershop.az\/az\/wp-json\/wp\/v2\/product_tag?post=4730"}],"curies":[{"name":"wp","href":"https:\/\/api.w.org\/{rel}","templated":true}]}}