{"id":474,"date":"2020-05-07T01:06:16","date_gmt":"2020-05-06T21:06:16","guid":{"rendered":"https:\/\/karchershop.az\/?post_type=product&#038;p=474"},"modified":"2026-05-01T21:35:03","modified_gmt":"2026-05-01T17:35:03","slug":"shlang-vysokogo-davleniya-v-komplekte-s-pistoletom-hk-9","status":"publish","type":"product","link":"https:\/\/karchershop.az\/az\/home-garden\/aksessuary\/aksessuary-dlya-minimoek\/shlang-vysokogo-davleniya-v-komplekte-s-pistoletom-hk-9","title":{"rendered":"HK 9 tapan\u00e7a il\u0259 tamamlanan y\u00fcks\u0259k t\u0259zyiq \u015flanq\u0131"},"content":{"rendered":"<p>Y\u00fcks\u0259k t\u0259zyiqli \u015flanq \u00e7arx\u0131 il\u0259 t\u0259chiz edilmi\u015f 2008-ci il model KARCHER ev mini yuyucular\u0131 \u00fc\u00e7\u00fcn. Quick Connect, 160 bar, 60\u00b0C, 9 metr olan ma\u015f\u0131nlar \u00fc\u00e7\u00fcn d\u0259 uy\u011fundur.<\/p>","protected":false},"excerpt":{"rendered":"<p>M\u0259i\u015f\u0259t mini yuyucular\u0131 KARCHER K3-K7 \u00fc\u00e7\u00fcn<\/p>","protected":false},"featured_media":473,"comment_status":"open","ping_status":"closed","template":"","meta":[],"product_cat":[71,15],"product_tag":[258],"class_list":{"0":"post-474","1":"product","2":"type-product","3":"status-publish","4":"has-post-thumbnail","6":"product_cat-aksessuary-dlya-minimoek","7":"product_cat-home-garden","8":"product_tag-prinadlezhnosti-i-moyushhie-sredstva-dlya-minimoek","10":"first","11":"instock","12":"shipping-taxable","13":"purchasable","14":"product-type-simple"},"_links":{"self":[{"href":"https:\/\/karchershop.az\/az\/wp-json\/wp\/v2\/product\/474","targetHints":{"allow":["GET"]}}],"collection":[{"href":"https:\/\/karchershop.az\/az\/wp-json\/wp\/v2\/product"}],"about":[{"href":"https:\/\/karchershop.az\/az\/wp-json\/wp\/v2\/types\/product"}],"replies":[{"embeddable":true,"href":"https:\/\/karchershop.az\/az\/wp-json\/wp\/v2\/comments?post=474"}],"wp:featuredmedia":[{"embeddable":true,"href":"https:\/\/karchershop.az\/az\/wp-json\/wp\/v2\/media\/473"}],"wp:attachment":[{"href":"https:\/\/karchershop.az\/az\/wp-json\/wp\/v2\/media?parent=474"}],"wp:term":[{"taxonomy":"product_cat","embeddable":true,"href":"https:\/\/karchershop.az\/az\/wp-json\/wp\/v2\/product_cat?post=474"},{"taxonomy":"product_tag","embeddable":true,"href":"https:\/\/karchershop.az\/az\/wp-json\/wp\/v2\/product_tag?post=474"}],"curies":[{"name":"wp","href":"https:\/\/api.w.org\/{rel}","templated":true}]}}