{"id":475,"date":"2020-05-06T01:05:01","date_gmt":"2020-05-05T21:05:01","guid":{"rendered":"https:\/\/karchershop.az\/?post_type=product&#038;p=475"},"modified":"2026-05-01T21:35:03","modified_gmt":"2026-05-01T17:35:03","slug":"shlang-vysokogo-davleniya-v-komplekte-s-pistoletom-12-m-hk-12","status":"publish","type":"product","link":"https:\/\/karchershop.az\/az\/home-garden\/aksessuary\/aksessuary-dlya-minimoek\/shlang-vysokogo-davleniya-v-komplekte-s-pistoletom-12-m-hk-12","title":{"rendered":"HK 12 high pressure hose set+trigger gun"},"content":{"rendered":"<p>K 2 - K 7 seriyal\u0131 b\u00f6lm\u0259l\u0259r \u00fc\u00e7\u00fcn 12 m y\u00fcks\u0259k t\u0259zyiqli \u015flanq\u0131, silah v\u0259 Tez qo\u015fulma adapteri il\u0259 t\u0259chiz olun. 1992-ci ild\u0259n 2017-ci il\u0259 q\u0259d\u0259r istehsal olunan b\u00fct\u00fcn Karcher y\u00fcks\u0259k t\u0259zyiq qur\u011fular\u0131na uy\u011fundur (\u015flanq \u00e7arx\u0131 olan qur\u011fular istisna olmaqla).<\/p>","protected":false},"excerpt":{"rendered":"<p>K 2 - K 7 seriyal\u0131 b\u00f6lm\u0259l\u0259r \u00fc\u00e7\u00fcn 12 m y\u00fcks\u0259k t\u0259zyiqli \u015flanq\u0131, silah v\u0259 Tez qo\u015fulma adapteri il\u0259 t\u0259chiz olun. 1992-ci ild\u0259n 2017-ci il\u0259 q\u0259d\u0259r istehsal olunan b\u00fct\u00fcn Karcher y\u00fcks\u0259k t\u0259zyiq qur\u011fular\u0131na uy\u011fundur (\u015flanq \u00e7arx\u0131 olan qur\u011fular istisna olmaqla).<\/p>","protected":false},"featured_media":476,"comment_status":"open","ping_status":"closed","template":"","meta":[],"product_cat":[71,15],"product_tag":[258],"class_list":{"0":"post-475","1":"product","2":"type-product","3":"status-publish","4":"has-post-thumbnail","6":"product_cat-aksessuary-dlya-minimoek","7":"product_cat-home-garden","8":"product_tag-prinadlezhnosti-i-moyushhie-sredstva-dlya-minimoek","10":"first","11":"instock","12":"shipping-taxable","13":"purchasable","14":"product-type-simple"},"_links":{"self":[{"href":"https:\/\/karchershop.az\/az\/wp-json\/wp\/v2\/product\/475","targetHints":{"allow":["GET"]}}],"collection":[{"href":"https:\/\/karchershop.az\/az\/wp-json\/wp\/v2\/product"}],"about":[{"href":"https:\/\/karchershop.az\/az\/wp-json\/wp\/v2\/types\/product"}],"replies":[{"embeddable":true,"href":"https:\/\/karchershop.az\/az\/wp-json\/wp\/v2\/comments?post=475"}],"wp:featuredmedia":[{"embeddable":true,"href":"https:\/\/karchershop.az\/az\/wp-json\/wp\/v2\/media\/476"}],"wp:attachment":[{"href":"https:\/\/karchershop.az\/az\/wp-json\/wp\/v2\/media?parent=475"}],"wp:term":[{"taxonomy":"product_cat","embeddable":true,"href":"https:\/\/karchershop.az\/az\/wp-json\/wp\/v2\/product_cat?post=475"},{"taxonomy":"product_tag","embeddable":true,"href":"https:\/\/karchershop.az\/az\/wp-json\/wp\/v2\/product_tag?post=475"}],"curies":[{"name":"wp","href":"https:\/\/api.w.org\/{rel}","templated":true}]}}