{"id":477,"date":"2020-05-05T01:04:22","date_gmt":"2020-05-04T21:04:22","guid":{"rendered":"https:\/\/karchershop.az\/?post_type=product&#038;p=477"},"modified":"2026-05-01T21:35:04","modified_gmt":"2026-05-01T17:35:04","slug":"raspylitel-g-180-q-trigger-gun-quick-connect","status":"publish","type":"product","link":"https:\/\/karchershop.az\/az\/home-garden\/aksessuary\/aksessuary-dlya-minimoek\/raspylitel-g-180-q-trigger-gun-quick-connect","title":{"rendered":"G 180 Q Trigger gun Quick Connect"},"content":{"rendered":"<p>Daha uzun, daha \u0259lveri\u015fli, erqonomikdir: Quick Connect sistemi il\u0259 13 sm uzunlu\u011funda bir p\u00fcsk\u00fcrtm\u0259 tabancas\u0131, y\u00fcks\u0259k t\u0259zyiqli aparatla t\u0259mizl\u0259nm\u0259ni daha da asanla\u015fd\u0131r\u0131r. \u00dcst\u0259lik, Quick Connect sistemin\u0259 sahib, lakin Tam \u0130dar\u0259 seriyas\u0131nda olan K2-d\u0259n K7-\u0259 q\u0259d\u0259r olan mini yuyucular\u0131n p\u00fcsk\u00fcrtm\u0259 silahlar\u0131 \u00fc\u00e7\u00fcn ideal bir alternativdir.<\/p>","protected":false},"excerpt":{"rendered":"<p>Quick Connect il\u0259 yeni G 180 Q spreyi 13 sm daha uzun, istifad\u0259 \u00fc\u00e7\u00fcn daha rahat v\u0259 Karcher t\u0259zyiq yuyucular\u0131 il\u0259 t\u0259mizl\u0259ndikd\u0259 daha erqonomikdir.<\/p>","protected":false},"featured_media":480,"comment_status":"open","ping_status":"closed","template":"","meta":[],"product_cat":[71,15],"product_tag":[258],"class_list":{"0":"post-477","1":"product","2":"type-product","3":"status-publish","4":"has-post-thumbnail","6":"product_cat-aksessuary-dlya-minimoek","7":"product_cat-home-garden","8":"product_tag-prinadlezhnosti-i-moyushhie-sredstva-dlya-minimoek","10":"first","11":"instock","12":"shipping-taxable","13":"purchasable","14":"product-type-simple"},"_links":{"self":[{"href":"https:\/\/karchershop.az\/az\/wp-json\/wp\/v2\/product\/477","targetHints":{"allow":["GET"]}}],"collection":[{"href":"https:\/\/karchershop.az\/az\/wp-json\/wp\/v2\/product"}],"about":[{"href":"https:\/\/karchershop.az\/az\/wp-json\/wp\/v2\/types\/product"}],"replies":[{"embeddable":true,"href":"https:\/\/karchershop.az\/az\/wp-json\/wp\/v2\/comments?post=477"}],"wp:featuredmedia":[{"embeddable":true,"href":"https:\/\/karchershop.az\/az\/wp-json\/wp\/v2\/media\/480"}],"wp:attachment":[{"href":"https:\/\/karchershop.az\/az\/wp-json\/wp\/v2\/media?parent=477"}],"wp:term":[{"taxonomy":"product_cat","embeddable":true,"href":"https:\/\/karchershop.az\/az\/wp-json\/wp\/v2\/product_cat?post=477"},{"taxonomy":"product_tag","embeddable":true,"href":"https:\/\/karchershop.az\/az\/wp-json\/wp\/v2\/product_tag?post=477"}],"curies":[{"name":"wp","href":"https:\/\/api.w.org\/{rel}","templated":true}]}}