{"id":481,"date":"2020-05-04T01:03:12","date_gmt":"2020-05-03T21:03:12","guid":{"rendered":"https:\/\/karchershop.az\/?post_type=product&#038;p=481"},"modified":"2026-05-01T21:35:04","modified_gmt":"2026-05-01T17:35:04","slug":"strujnaya-trubka-multi-3-v-1-mj-180-full-control","status":"publish","type":"product","link":"https:\/\/karchershop.az\/az\/home-garden\/aksessuary\/aksessuary-dlya-minimoek\/strujnaya-trubka-multi-3-v-1-mj-180-full-control","title":{"rendered":"MJ 180 3-in-1 Multi Jet Full Control"},"content":{"rendered":"<p>Multi 3-\u00fc 1-d\u0259 Sprey borusu davaml\u0131 t\u0259nziml\u0259n\u0259n y\u00fcks\u0259k t\u0259zyiqli fan jeti, bir rotor jet v\u0259 daha t\u0259miz bir sprey aras\u0131nda ke\u00e7m\u0259y\u0259 imkan verir. \u0130st\u0259diyiniz n\u00f6v, borunun ucunu \u00e7evir\u0259r\u0259k se\u00e7ilir v\u0259 t\u0259zyiq G 180 Q Tam \u0130dar\u0259etm\u0259 Silah\u0131ndan istifad\u0259 edilm\u0259kl\u0259 t\u0259nziml\u0259nir. G 17 Q Tam \u0130dar\u0259etm\u0259 Silahl\u0131 K 7 Tam \u0130dar\u0259etm\u0259 Plus v\u0259 K 7 Premium Tam \u0130dar\u0259etm\u0259 Plus (2017-ci ild\u0259n b\u0259ri) \u00fc\u00e7\u00fcn.<\/p>","protected":false},"excerpt":{"rendered":"<p>K 7 Tam \u0130dar\u0259etm\u0259 Plus v\u0259 K 7 Premium Tam \u0130dar\u0259etm\u0259 Plus (2017-ci ild\u0259n b\u0259ri) \u00fc\u00e7\u00fcn G 180 Q Tam \u0130dar\u0259etm\u0259 Silah\u0131 il\u0259 \u00c7ox \"3-d\u0259\"<\/p>","protected":false},"featured_media":485,"comment_status":"open","ping_status":"closed","template":"","meta":[],"product_cat":[71,15],"product_tag":[258],"class_list":{"0":"post-481","1":"product","2":"type-product","3":"status-publish","4":"has-post-thumbnail","6":"product_cat-aksessuary-dlya-minimoek","7":"product_cat-home-garden","8":"product_tag-prinadlezhnosti-i-moyushhie-sredstva-dlya-minimoek","10":"first","11":"instock","12":"shipping-taxable","13":"purchasable","14":"product-type-simple"},"_links":{"self":[{"href":"https:\/\/karchershop.az\/az\/wp-json\/wp\/v2\/product\/481","targetHints":{"allow":["GET"]}}],"collection":[{"href":"https:\/\/karchershop.az\/az\/wp-json\/wp\/v2\/product"}],"about":[{"href":"https:\/\/karchershop.az\/az\/wp-json\/wp\/v2\/types\/product"}],"replies":[{"embeddable":true,"href":"https:\/\/karchershop.az\/az\/wp-json\/wp\/v2\/comments?post=481"}],"wp:featuredmedia":[{"embeddable":true,"href":"https:\/\/karchershop.az\/az\/wp-json\/wp\/v2\/media\/485"}],"wp:attachment":[{"href":"https:\/\/karchershop.az\/az\/wp-json\/wp\/v2\/media?parent=481"}],"wp:term":[{"taxonomy":"product_cat","embeddable":true,"href":"https:\/\/karchershop.az\/az\/wp-json\/wp\/v2\/product_cat?post=481"},{"taxonomy":"product_tag","embeddable":true,"href":"https:\/\/karchershop.az\/az\/wp-json\/wp\/v2\/product_tag?post=481"}],"curies":[{"name":"wp","href":"https:\/\/api.w.org\/{rel}","templated":true}]}}