{"id":486,"date":"2020-05-04T01:02:45","date_gmt":"2020-05-03T21:02:45","guid":{"rendered":"https:\/\/karchershop.az\/?post_type=product&#038;p=486"},"modified":"2026-05-01T21:35:04","modified_gmt":"2026-05-01T17:35:04","slug":"strujnaya-trubka-vario-power-vp-180-dlya-k-7","status":"publish","type":"product","link":"https:\/\/karchershop.az\/az\/home-garden\/aksessuary\/aksessuary-dlya-minimoek\/strujnaya-trubka-vario-power-vp-180-dlya-k-7","title":{"rendered":"VP 180 Vario Power Jet (packaged)"},"content":{"rendered":"<p>K 7 y\u00fcks\u0259k t\u0259zyiqli qur\u011fular \u00fc\u00e7\u00fcn Vario Power Sprey Vorular.Yay spreyi t\u0259zyiqi (yuyucu vasit\u0259ni t\u0259tbiq etm\u0259k \u00fc\u00e7\u00fcn a\u015fa\u011f\u0131dan y\u00fcks\u0259k s\u0259viyy\u0259y\u0259 q\u0259d\u0259r) sad\u0259c\u0259 ucunu \u00e7evir\u0259r\u0259k hamarl\u0131qla t\u0259nziml\u0259nir. Evin v\u0259 ba\u011f\u0131n \u0259traf\u0131ndak\u0131 s\u0259thl\u0259r, m\u0259s\u0259l\u0259n divarlar, yollar, \u00e7itler v\u0259 avtomobill\u0259r \u00fc\u00e7\u00fcn ideald\u0131r.<\/p>","protected":false},"excerpt":{"rendered":"<p>K 7 y\u00fcks\u0259k t\u0259zyiqli qur\u011fular \u00fc\u00e7\u00fcn Vario Power Sprey Borular.Bu sprey t\u0259zyiqi (yuyucu vasit\u0259ni t\u0259tbiq etm\u0259k \u00fc\u00e7\u00fcn a\u015fa\u011f\u0131dan y\u00fcks\u0259k s\u0259viyy\u0259y\u0259) sad\u0259c\u0259 ucunu \u00e7evir\u0259r\u0259k sonsuz t\u0259nziml\u0259nir.<\/p>","protected":false},"featured_media":489,"comment_status":"open","ping_status":"closed","template":"","meta":[],"product_cat":[71,15],"product_tag":[258],"class_list":{"0":"post-486","1":"product","2":"type-product","3":"status-publish","4":"has-post-thumbnail","6":"product_cat-aksessuary-dlya-minimoek","7":"product_cat-home-garden","8":"product_tag-prinadlezhnosti-i-moyushhie-sredstva-dlya-minimoek","10":"first","11":"instock","12":"shipping-taxable","13":"purchasable","14":"product-type-simple"},"_links":{"self":[{"href":"https:\/\/karchershop.az\/az\/wp-json\/wp\/v2\/product\/486","targetHints":{"allow":["GET"]}}],"collection":[{"href":"https:\/\/karchershop.az\/az\/wp-json\/wp\/v2\/product"}],"about":[{"href":"https:\/\/karchershop.az\/az\/wp-json\/wp\/v2\/types\/product"}],"replies":[{"embeddable":true,"href":"https:\/\/karchershop.az\/az\/wp-json\/wp\/v2\/comments?post=486"}],"wp:featuredmedia":[{"embeddable":true,"href":"https:\/\/karchershop.az\/az\/wp-json\/wp\/v2\/media\/489"}],"wp:attachment":[{"href":"https:\/\/karchershop.az\/az\/wp-json\/wp\/v2\/media?parent=486"}],"wp:term":[{"taxonomy":"product_cat","embeddable":true,"href":"https:\/\/karchershop.az\/az\/wp-json\/wp\/v2\/product_cat?post=486"},{"taxonomy":"product_tag","embeddable":true,"href":"https:\/\/karchershop.az\/az\/wp-json\/wp\/v2\/product_tag?post=486"}],"curies":[{"name":"wp","href":"https:\/\/api.w.org\/{rel}","templated":true}]}}