{"id":490,"date":"2020-05-03T01:00:42","date_gmt":"2020-05-02T21:00:42","guid":{"rendered":"https:\/\/karchershop.az\/?post_type=product&#038;p=490"},"modified":"2026-05-01T21:35:04","modified_gmt":"2026-05-01T17:35:04","slug":"strujnaya-trubka-vario-power-vp-145-dlya-k-4","status":"publish","type":"product","link":"https:\/\/karchershop.az\/az\/home-garden\/aksessuary\/aksessuary-dlya-minimoek\/strujnaya-trubka-vario-power-vp-145-dlya-k-4","title":{"rendered":"Vario Power VP 145 K 4 - K5"},"content":{"rendered":"<p>Sprey t\u0259zyiqi (a\u015fa\u011f\u0131dan yuxar\u0131ya q\u0259d\u0259r) sad\u0259c\u0259 ucunu \u00e7evir\u0259r\u0259k sonsuz t\u0259nziml\u0259nir. Evin v\u0259 ba\u011f\u0131n \u0259traf\u0131ndak\u0131 ki\u00e7ik sah\u0259l\u0259ri, m\u0259s\u0259l\u0259n, divarlar\u0131, yollar, \u00e7itler v\u0259 avtomobill\u0259ri t\u0259mizl\u0259m\u0259k \u00fc\u00e7\u00fcn ideald\u0131r. B\u00fct\u00fcn Karcher y\u00fcks\u0259k t\u0259zyiq yuyucular\u0131 K 4 - K5 \u00fc\u00e7\u00fcn uy\u011fundur.<\/p>","protected":false},"excerpt":{"rendered":"<p>Vario Power VP 145 K 4 - K sinifl\u0259rinin yuyucular\u0131 \u00fc\u00e7\u00fcn sprey boru, reaktivin t\u0259zyiqi (yuyucu vasit\u0259ni t\u0259tbiq etm\u0259k \u00fc\u00e7\u00fcn a\u015fa\u011f\u0131 s\u0259viyy\u0259d\u0259n yuxar\u0131ya) sad\u0259c\u0259 ucunu \u00e7evir\u0259r\u0259k davaml\u0131 olaraq t\u0259nziml\u0259nir.<\/p>","protected":false},"featured_media":493,"comment_status":"open","ping_status":"closed","template":"","meta":[],"product_cat":[71,15],"product_tag":[258],"class_list":{"0":"post-490","1":"product","2":"type-product","3":"status-publish","4":"has-post-thumbnail","6":"product_cat-aksessuary-dlya-minimoek","7":"product_cat-home-garden","8":"product_tag-prinadlezhnosti-i-moyushhie-sredstva-dlya-minimoek","10":"first","11":"instock","12":"shipping-taxable","13":"purchasable","14":"product-type-simple"},"_links":{"self":[{"href":"https:\/\/karchershop.az\/az\/wp-json\/wp\/v2\/product\/490","targetHints":{"allow":["GET"]}}],"collection":[{"href":"https:\/\/karchershop.az\/az\/wp-json\/wp\/v2\/product"}],"about":[{"href":"https:\/\/karchershop.az\/az\/wp-json\/wp\/v2\/types\/product"}],"replies":[{"embeddable":true,"href":"https:\/\/karchershop.az\/az\/wp-json\/wp\/v2\/comments?post=490"}],"wp:featuredmedia":[{"embeddable":true,"href":"https:\/\/karchershop.az\/az\/wp-json\/wp\/v2\/media\/493"}],"wp:attachment":[{"href":"https:\/\/karchershop.az\/az\/wp-json\/wp\/v2\/media?parent=490"}],"wp:term":[{"taxonomy":"product_cat","embeddable":true,"href":"https:\/\/karchershop.az\/az\/wp-json\/wp\/v2\/product_cat?post=490"},{"taxonomy":"product_tag","embeddable":true,"href":"https:\/\/karchershop.az\/az\/wp-json\/wp\/v2\/product_tag?post=490"}],"curies":[{"name":"wp","href":"https:\/\/api.w.org\/{rel}","templated":true}]}}