{"id":494,"date":"2020-05-02T00:59:08","date_gmt":"2020-05-01T20:59:08","guid":{"rendered":"https:\/\/karchershop.az\/?post_type=product&#038;p=494"},"modified":"2026-05-01T21:35:06","modified_gmt":"2026-05-01T17:35:06","slug":"strujnaya-trubka-vario-power-vp-120-dlya-k-2-k-3","status":"publish","type":"product","link":"https:\/\/karchershop.az\/az\/home-garden\/aksessuary\/aksessuary-dlya-minimoek\/strujnaya-trubka-vario-power-vp-120-dlya-k-2-k-3","title":{"rendered":"VP 120 Vario Power Jet (packaged)"},"content":{"rendered":"<p>Sprey t\u0259zyiqi (a\u015fa\u011f\u0131dan yuxar\u0131ya q\u0259d\u0259r) sad\u0259c\u0259 ucunu \u00e7evir\u0259r\u0259k sonsuz t\u0259nziml\u0259nir. Evin v\u0259 ba\u011f\u0131n \u0259traf\u0131ndak\u0131 ki\u00e7ik sah\u0259l\u0259ri, m\u0259s\u0259l\u0259n, divarlar\u0131, yollar, \u00e7itler v\u0259 avtomobill\u0259ri t\u0259mizl\u0259m\u0259k \u00fc\u00e7\u00fcn ideald\u0131r. B\u00fct\u00fcn Karcher y\u00fcks\u0259k t\u0259zyiq yuyucular\u0131 K 2 - K3 \u00fc\u00e7\u00fcn uy\u011fundur.<\/p>","protected":false},"excerpt":{"rendered":"<p>Vario Power VP 120 K 2 - K 3 y\u00fcks\u0259k t\u0259zyiq aparatlar\u0131 \u00fc\u00e7\u00fcn sprey boru Sprey t\u0259zyiqi (a\u015fa\u011f\u0131dan yuxar\u0131ya q\u0259d\u0259r) sad\u0259c\u0259 ucunu \u00e7evir\u0259r\u0259k asanl\u0131qla t\u0259nziml\u0259nir.<\/p>","protected":false},"featured_media":497,"comment_status":"open","ping_status":"closed","template":"","meta":[],"product_cat":[71,15],"product_tag":[258],"class_list":{"0":"post-494","1":"product","2":"type-product","3":"status-publish","4":"has-post-thumbnail","6":"product_cat-aksessuary-dlya-minimoek","7":"product_cat-home-garden","8":"product_tag-prinadlezhnosti-i-moyushhie-sredstva-dlya-minimoek","10":"first","11":"instock","12":"shipping-taxable","13":"purchasable","14":"product-type-simple"},"_links":{"self":[{"href":"https:\/\/karchershop.az\/az\/wp-json\/wp\/v2\/product\/494","targetHints":{"allow":["GET"]}}],"collection":[{"href":"https:\/\/karchershop.az\/az\/wp-json\/wp\/v2\/product"}],"about":[{"href":"https:\/\/karchershop.az\/az\/wp-json\/wp\/v2\/types\/product"}],"replies":[{"embeddable":true,"href":"https:\/\/karchershop.az\/az\/wp-json\/wp\/v2\/comments?post=494"}],"wp:featuredmedia":[{"embeddable":true,"href":"https:\/\/karchershop.az\/az\/wp-json\/wp\/v2\/media\/497"}],"wp:attachment":[{"href":"https:\/\/karchershop.az\/az\/wp-json\/wp\/v2\/media?parent=494"}],"wp:term":[{"taxonomy":"product_cat","embeddable":true,"href":"https:\/\/karchershop.az\/az\/wp-json\/wp\/v2\/product_cat?post=494"},{"taxonomy":"product_tag","embeddable":true,"href":"https:\/\/karchershop.az\/az\/wp-json\/wp\/v2\/product_tag?post=494"}],"curies":[{"name":"wp","href":"https:\/\/api.w.org\/{rel}","templated":true}]}}