{"id":498,"date":"2020-05-01T00:58:57","date_gmt":"2020-04-30T20:58:57","guid":{"rendered":"https:\/\/karchershop.az\/?post_type=product&#038;p=498"},"modified":"2026-05-01T21:35:07","modified_gmt":"2026-05-01T17:35:07","slug":"gryazevaya-freza-db-180-dlya-k-7","status":"publish","type":"product","link":"https:\/\/karchershop.az\/az\/home-garden\/aksessuary\/aksessuary-dlya-minimoek\/gryazevaya-freza-db-180-dlya-k-7","title":{"rendered":"DB 180 Dirt Blaster (packaged)"},"content":{"rendered":"<p>D\u00f6n\u0259n n\u00f6qt\u0259 ax\u0131n\u0131 meydana g\u0259tir\u0259n rotorlu bir ba\u015fl\u0131q il\u0259 pal\u00e7\u0131q d\u0259yirman\u0131 davaml\u0131 \u00e7irkl\u0259ndiricil\u0259ri (m\u0259s\u0259l\u0259n, atmosferi) t\u0259sirli bir \u015f\u0259kild\u0259 \u00e7\u0131xar\u0131r v\u0259 s\u0259th yosunu t\u0259mizl\u0259yir. Y\u00fcks\u0259k t\u0259zyiqli aparatlar \u00fc\u00e7\u00fcn K 7.<\/p>","protected":false},"excerpt":{"rendered":"<p>K 7 y\u00fcks\u0259k t\u0259zyiqli qur\u011fular \u00fc\u00e7\u00fcn f\u0131rlanan ba\u015fl\u0131\u011f\u0131 olan pal\u00e7\u0131q k\u0259sicisi s\u0259thl\u0259ri yosun v\u0259 atmosfer \u00e7irkliliyind\u0259n t\u0259mizl\u0259yir.<\/p>","protected":false},"featured_media":501,"comment_status":"open","ping_status":"closed","template":"","meta":[],"product_cat":[71,15],"product_tag":[258],"class_list":{"0":"post-498","1":"product","2":"type-product","3":"status-publish","4":"has-post-thumbnail","6":"product_cat-aksessuary-dlya-minimoek","7":"product_cat-home-garden","8":"product_tag-prinadlezhnosti-i-moyushhie-sredstva-dlya-minimoek","10":"first","11":"instock","12":"shipping-taxable","13":"purchasable","14":"product-type-simple"},"_links":{"self":[{"href":"https:\/\/karchershop.az\/az\/wp-json\/wp\/v2\/product\/498","targetHints":{"allow":["GET"]}}],"collection":[{"href":"https:\/\/karchershop.az\/az\/wp-json\/wp\/v2\/product"}],"about":[{"href":"https:\/\/karchershop.az\/az\/wp-json\/wp\/v2\/types\/product"}],"replies":[{"embeddable":true,"href":"https:\/\/karchershop.az\/az\/wp-json\/wp\/v2\/comments?post=498"}],"wp:featuredmedia":[{"embeddable":true,"href":"https:\/\/karchershop.az\/az\/wp-json\/wp\/v2\/media\/501"}],"wp:attachment":[{"href":"https:\/\/karchershop.az\/az\/wp-json\/wp\/v2\/media?parent=498"}],"wp:term":[{"taxonomy":"product_cat","embeddable":true,"href":"https:\/\/karchershop.az\/az\/wp-json\/wp\/v2\/product_cat?post=498"},{"taxonomy":"product_tag","embeddable":true,"href":"https:\/\/karchershop.az\/az\/wp-json\/wp\/v2\/product_tag?post=498"}],"curies":[{"name":"wp","href":"https:\/\/api.w.org\/{rel}","templated":true}]}}