{"id":502,"date":"2020-04-30T00:57:21","date_gmt":"2020-04-29T20:57:21","guid":{"rendered":"https:\/\/karchershop.az\/?post_type=product&#038;p=502"},"modified":"2026-05-01T21:35:07","modified_gmt":"2026-05-01T17:35:07","slug":"gryazevaya-freza-db-145-klass-k-4-k-5","status":"publish","type":"product","link":"https:\/\/karchershop.az\/az\/home-garden\/aksessuary\/aksessuary-dlya-minimoek\/gryazevaya-freza-db-145-klass-k-4-k-5","title":{"rendered":"Pal\u00e7\u0131q k\u0259sicisi Karcher DB 145"},"content":{"rendered":"<p>K 4 - K 5 sinifl\u0259rinin b\u00fct\u00fcn K\u00e4rcher y\u00fcks\u0259k t\u0259zyiqli cihazlar\u0131 \u00fc\u00e7\u00fcn pal\u00e7\u0131q k\u0259sici, f\u0131rlanan n\u00f6qt\u0259 ax\u0131n\u0131 olan d\u00f6n\u0259r ba\u015fl\u0131q istifad\u0259 ed\u0259r\u0259k s\u0259thi atmosfer \u00e7irkliliyind\u0259n d\u0259 t\u0259mizl\u0259yir. Bu, yo\u011frulmu\u015f v\u0259 ya atmosfer \u00e7irkl\u0259nm\u0259si il\u0259 \u00f6rt\u00fclm\u00fc\u015f s\u0259thl\u0259rd\u0259n inadkar \u00e7irkl\u0259ri m\u00fcmk\u00fcn q\u0259d\u0259r tez silm\u0259yinizi v\u0259 s\u0259thini parlaql\u0131\u011f\u0131na qaytara bil\u0259c\u0259yiniz dem\u0259kdir. Pal\u00e7\u0131q k\u0259sici y\u00fcks\u0259k m\u0259hsuldarl\u0131\u011fa malikdir.<\/p>","protected":false},"excerpt":{"rendered":"<p>K 4 - K 5. sinifl\u0259rinin y\u00fcks\u0259k t\u0259zyiqli aparatlar\u0131 \u00fc\u00e7\u00fcn K\u00e4rcher \u00fc\u00e7\u00fcn g\u00fccl\u00fc bir rotorlu ba\u015fl\u0131\u011f\u0131 olan pal\u00e7\u0131q k\u0259sicisi.<\/p>","protected":false},"featured_media":505,"comment_status":"open","ping_status":"closed","template":"","meta":[],"product_cat":[71,15],"product_tag":[258],"class_list":{"0":"post-502","1":"product","2":"type-product","3":"status-publish","4":"has-post-thumbnail","6":"product_cat-aksessuary-dlya-minimoek","7":"product_cat-home-garden","8":"product_tag-prinadlezhnosti-i-moyushhie-sredstva-dlya-minimoek","10":"first","11":"instock","12":"shipping-taxable","13":"purchasable","14":"product-type-simple"},"_links":{"self":[{"href":"https:\/\/karchershop.az\/az\/wp-json\/wp\/v2\/product\/502","targetHints":{"allow":["GET"]}}],"collection":[{"href":"https:\/\/karchershop.az\/az\/wp-json\/wp\/v2\/product"}],"about":[{"href":"https:\/\/karchershop.az\/az\/wp-json\/wp\/v2\/types\/product"}],"replies":[{"embeddable":true,"href":"https:\/\/karchershop.az\/az\/wp-json\/wp\/v2\/comments?post=502"}],"wp:featuredmedia":[{"embeddable":true,"href":"https:\/\/karchershop.az\/az\/wp-json\/wp\/v2\/media\/505"}],"wp:attachment":[{"href":"https:\/\/karchershop.az\/az\/wp-json\/wp\/v2\/media?parent=502"}],"wp:term":[{"taxonomy":"product_cat","embeddable":true,"href":"https:\/\/karchershop.az\/az\/wp-json\/wp\/v2\/product_cat?post=502"},{"taxonomy":"product_tag","embeddable":true,"href":"https:\/\/karchershop.az\/az\/wp-json\/wp\/v2\/product_tag?post=502"}],"curies":[{"name":"wp","href":"https:\/\/api.w.org\/{rel}","templated":true}]}}