{"id":506,"date":"2020-04-29T00:56:50","date_gmt":"2020-04-28T20:56:50","guid":{"rendered":"https:\/\/karchershop.az\/?post_type=product&#038;p=506"},"modified":"2026-05-01T21:35:07","modified_gmt":"2026-05-01T17:35:07","slug":"dirt-blaster-031-st-cem-14-5mpa-gryazevaya-freza-dlya-k5-3","status":"publish","type":"product","link":"https:\/\/karchershop.az\/az\/home-garden\/aksessuary\/aksessuary-dlya-minimoek\/dirt-blaster-031-st-cem-14-5mpa-gryazevaya-freza-dlya-k5-3","title":{"rendered":"Pal\u00e7\u0131q k\u0259sicisi, 031 St - CEM 14.5MPa"},"content":{"rendered":"<p>Pal\u00e7\u0131q k\u0259sicisi, 031 St - CEM 14.5MPa, inadkar \u00e7irkl\u0259ri (m\u0259s\u0259l\u0259n, yosunlu s\u0259thl\u0259ri t\u0259mizl\u0259m\u0259k v\u0259 ya atmosfer \u00e7irkliliyini aradan qald\u0131rmaq \u00fc\u00e7\u00fcn), s\u00fcng\u00fc montaj\u0131. Sah\u0259d\u0259 y\u00fcks\u0259k performans t\u0259min edir. M\u0259i\u015f\u0259t t\u0259zyiq yuyucular\u0131 \u00fc\u00e7\u00fcn Karcher seriyas\u0131 K3-K5.<\/p>","protected":false},"excerpt":{"rendered":"<p>Pal\u00e7\u0131q k\u0259sicisi, 031 St - CEM 14.5MPa, inadkar \u00e7irkl\u0259ri (m\u0259s\u0259l\u0259n, yosunlu s\u0259thl\u0259ri t\u0259mizl\u0259m\u0259k v\u0259 ya atmosfer \u00e7irkliliyini aradan qald\u0131rmaq \u00fc\u00e7\u00fcn), s\u00fcng\u00fc montaj\u0131.<\/p>","protected":false},"featured_media":507,"comment_status":"open","ping_status":"closed","template":"","meta":[],"product_cat":[71,15],"product_tag":[258],"class_list":{"0":"post-506","1":"product","2":"type-product","3":"status-publish","4":"has-post-thumbnail","6":"product_cat-aksessuary-dlya-minimoek","7":"product_cat-home-garden","8":"product_tag-prinadlezhnosti-i-moyushhie-sredstva-dlya-minimoek","10":"first","11":"outofstock","12":"shipping-taxable","13":"purchasable","14":"product-type-simple"},"_links":{"self":[{"href":"https:\/\/karchershop.az\/az\/wp-json\/wp\/v2\/product\/506","targetHints":{"allow":["GET"]}}],"collection":[{"href":"https:\/\/karchershop.az\/az\/wp-json\/wp\/v2\/product"}],"about":[{"href":"https:\/\/karchershop.az\/az\/wp-json\/wp\/v2\/types\/product"}],"replies":[{"embeddable":true,"href":"https:\/\/karchershop.az\/az\/wp-json\/wp\/v2\/comments?post=506"}],"wp:featuredmedia":[{"embeddable":true,"href":"https:\/\/karchershop.az\/az\/wp-json\/wp\/v2\/media\/507"}],"wp:attachment":[{"href":"https:\/\/karchershop.az\/az\/wp-json\/wp\/v2\/media?parent=506"}],"wp:term":[{"taxonomy":"product_cat","embeddable":true,"href":"https:\/\/karchershop.az\/az\/wp-json\/wp\/v2\/product_cat?post=506"},{"taxonomy":"product_tag","embeddable":true,"href":"https:\/\/karchershop.az\/az\/wp-json\/wp\/v2\/product_tag?post=506"}],"curies":[{"name":"wp","href":"https:\/\/api.w.org\/{rel}","templated":true}]}}