{"id":510,"date":"2020-04-28T00:55:38","date_gmt":"2020-04-27T20:55:38","guid":{"rendered":"https:\/\/karchershop.az\/?post_type=product&#038;p=510"},"modified":"2026-05-01T21:35:07","modified_gmt":"2026-05-01T17:35:07","slug":"shhetka-power-brush-wb-150","status":"publish","type":"product","link":"https:\/\/karchershop.az\/az\/home-garden\/aksessuary\/aksessuary-dlya-minimoek\/shhetka-power-brush-wb-150","title":{"rendered":"WB 150 power brush"},"content":{"rendered":"<p>WB 150 f\u0131r\u00e7as\u0131, avtomobil v\u0259 motosiklet, p\u0259nc\u0259r\u0259l\u0259r, q\u0131\u015f ba\u011flar\u0131, qaraj qap\u0131lar\u0131, p\u0259rd\u0259l\u0259r, panjurlar, ba\u011f\u00e7a mebell\u0259ri, velosipedl\u0259r v\u0259 s. laklanm\u0131\u015f s\u0259thl\u0259r kimi h\u0259ssas s\u0259thl\u0259ri t\u0259mizl\u0259m\u0259k \u00fc\u00e7\u00fcn ideald\u0131r. \u0130ki f\u0131rlanan d\u00fcz yuval\u0131 ba\u015fl\u0131\u011f\u0131 yenilik\u00e7i t\u0259mizlik f\u0131r\u00e7as\u0131 g\u00fccl\u00fc birl\u0259\u015fir, z\u0259rif h\u0259r\u0259k\u0259t il\u0259 g\u00fcc. DB 150 istifad\u0259 \u0259h\u0259miyy\u0259tli enerji v\u0259 su q\u0259na\u0259ti v\u0259 30% -\u0259 q\u0259d\u0259r vaxt q\u0259na\u0259tini t\u0259klif edir. Bir f\u0131r\u00e7a il\u0259 birlikd\u0259 s\u00fcr\u0259tli, s\u0259m\u0259r\u0259li v\u0259 asan y\u00fcks\u0259k t\u0259zyiqli t\u0259mizlik evd\u0259 v\u0259 ba\u011fda daha da t\u0259mizliyi t\u0259min edir. K 2 - K 7 seriyal\u0131 y\u00fcks\u0259k t\u0259zyiqli aparatlar \u00fc\u00e7\u00fcn uy\u011fundur.<\/p>","protected":false},"excerpt":{"rendered":"<p>H\u0259ssas s\u0259thl\u0259rin s\u0259m\u0259r\u0259li v\u0259 d\u0259qiq t\u0259mizl\u0259nm\u0259si \u00fc\u00e7\u00fcn f\u0131r\u00e7a ba\u015fl\u0131\u011f\u0131. Bir f\u0131r\u00e7a m\u00fcalic\u0259si il\u0259 y\u00fcks\u0259k t\u0259zyiq reaktivinin effektiv birl\u0259\u015fm\u0259si enerji, su v\u0259 vaxt\u0131n 30% -\u0259 q\u0259d\u0259r q\u0259na\u0259t edir.<\/p>","protected":false},"featured_media":514,"comment_status":"open","ping_status":"closed","template":"","meta":[],"product_cat":[71,15],"product_tag":[258],"class_list":{"0":"post-510","1":"product","2":"type-product","3":"status-publish","4":"has-post-thumbnail","6":"product_cat-aksessuary-dlya-minimoek","7":"product_cat-home-garden","8":"product_tag-prinadlezhnosti-i-moyushhie-sredstva-dlya-minimoek","10":"first","11":"outofstock","12":"shipping-taxable","13":"purchasable","14":"product-type-simple"},"_links":{"self":[{"href":"https:\/\/karchershop.az\/az\/wp-json\/wp\/v2\/product\/510","targetHints":{"allow":["GET"]}}],"collection":[{"href":"https:\/\/karchershop.az\/az\/wp-json\/wp\/v2\/product"}],"about":[{"href":"https:\/\/karchershop.az\/az\/wp-json\/wp\/v2\/types\/product"}],"replies":[{"embeddable":true,"href":"https:\/\/karchershop.az\/az\/wp-json\/wp\/v2\/comments?post=510"}],"wp:featuredmedia":[{"embeddable":true,"href":"https:\/\/karchershop.az\/az\/wp-json\/wp\/v2\/media\/514"}],"wp:attachment":[{"href":"https:\/\/karchershop.az\/az\/wp-json\/wp\/v2\/media?parent=510"}],"wp:term":[{"taxonomy":"product_cat","embeddable":true,"href":"https:\/\/karchershop.az\/az\/wp-json\/wp\/v2\/product_cat?post=510"},{"taxonomy":"product_tag","embeddable":true,"href":"https:\/\/karchershop.az\/az\/wp-json\/wp\/v2\/product_tag?post=510"}],"curies":[{"name":"wp","href":"https:\/\/api.w.org\/{rel}","templated":true}]}}